{"id":1153,"date":"2016-09-16T08:54:29","date_gmt":"2016-09-16T06:54:29","guid":{"rendered":"https:\/\/hermanders.se\/en\/?page_id=1153"},"modified":"2022-03-04T15:12:01","modified_gmt":"2022-03-04T14:12:01","slug":"contact","status":"publish","type":"page","link":"https:\/\/hermanders.se\/en\/contact\/","title":{"rendered":"Contact"},"content":{"rendered":"<div class=\"left-block\">\n<h3 class=\"side h-upper h5\">Visitors address:<\/h3>\n<p class=\"about-text\">S\u00f6t\u00e5senv\u00e4gen 2, T\u00f6reboda<\/p>\n<h3 class=\"side side-3 h-upper h5\">Postal address:<\/h3>\n<p class=\"about-text\">S\u00f6t\u00e5senv\u00e4gen 2, 545 34 T\u00d6REBODA<\/p>\n<h3 class=\"side side-6 h-upper h5\">E-mail:<\/h3>\n<p class=\"about-text about-text-7\"><span class=\"lucid-email-encoded\"><script>(function(){var e='<n uers=\"znvygb:vasb\u00a3ureznaqref.fr\">vasb\u00a3ureznaqref.fr<\/n>';}());<\/script><\/span><\/p>\n<\/div>\n<div class=\"right-block\">\n<h3 class=\"side h5 h-upper\">S\/board:<\/h3>\n<p class=\"about-text about-text-5\">+46(0)506-777 400<\/p>\n<h3 class=\"side side-5 h5 h-upper\">Fax:<\/h3>\n<p class=\"about-text about-text-6\">+46(0)506-105 94<\/p>\n<h3 class=\"side side-6 h-upper h5\">iNvoice adDress:<\/h3>\n<p class=\"about-text about-text-7\"><span class=\"lucid-email-encoded\"><script>(function(){var e='<n uers=\"znvygb:vaibvpr\u00a3ureznaqref.fr\">vaibvpr\u00a3ureznaqref.fr<\/n>';}());<\/script><\/span><\/p>\n<\/div>\n","protected":false},"excerpt":{"rendered":"<p>Visitors address: S\u00f6t\u00e5senv\u00e4gen 2, T\u00f6reboda Postal address: S\u00f6t\u00e5senv\u00e4gen 2, 545 34 T\u00d6REBODA E-mail: S\/board: +46(0)506-777 400 Fax: +46(0)506-105 94 iNvoice adDress:<\/p>\n","protected":false},"author":3,"featured_media":0,"parent":0,"menu_order":0,"comment_status":"closed","ping_status":"closed","template":"","meta":{"footnotes":""},"class_list":["post-1153","page","type-page","status-publish","hentry"],"yoast_head":"<!-- This site is optimized with the Yoast SEO plugin v23.3 - https:\/\/yoast.com\/wordpress\/plugins\/seo\/ -->\n<title>Contact - Hermanders<\/title>\n<meta name=\"robots\" content=\"index, follow, max-snippet:-1, max-image-preview:large, max-video-preview:-1\" \/>\n<link rel=\"canonical\" href=\"https:\/\/hermanders.se\/en\/contact\/\" \/>\n<meta property=\"og:locale\" content=\"en_US\" \/>\n<meta property=\"og:type\" content=\"article\" \/>\n<meta property=\"og:title\" content=\"Contact - Hermanders\" \/>\n<meta property=\"og:description\" content=\"Visitors address: S\u00f6t\u00e5senv\u00e4gen 2, T\u00f6reboda Postal address: S\u00f6t\u00e5senv\u00e4gen 2, 545 34 T\u00d6REBODA E-mail: S\/board: +46(0)506-777 400 Fax: +46(0)506-105 94 iNvoice adDress:\" \/>\n<meta property=\"og:url\" content=\"https:\/\/hermanders.se\/en\/contact\/\" \/>\n<meta property=\"og:site_name\" content=\"Hermanders\" \/>\n<meta property=\"article:modified_time\" content=\"2022-03-04T14:12:01+00:00\" \/>\n<meta name=\"twitter:card\" content=\"summary_large_image\" \/>\n<script type=\"application\/ld+json\" class=\"yoast-schema-graph\">{\"@context\":\"https:\/\/schema.org\",\"@graph\":[{\"@type\":\"WebPage\",\"@id\":\"https:\/\/hermanders.se\/en\/contact\/\",\"url\":\"https:\/\/hermanders.se\/en\/contact\/\",\"name\":\"Contact - Hermanders\",\"isPartOf\":{\"@id\":\"https:\/\/hermanders.se\/#website\"},\"datePublished\":\"2016-09-16T06:54:29+00:00\",\"dateModified\":\"2022-03-04T14:12:01+00:00\",\"breadcrumb\":{\"@id\":\"https:\/\/hermanders.se\/en\/contact\/#breadcrumb\"},\"inLanguage\":\"en-US\",\"potentialAction\":[{\"@type\":\"ReadAction\",\"target\":[\"https:\/\/hermanders.se\/en\/contact\/\"]}]},{\"@type\":\"BreadcrumbList\",\"@id\":\"https:\/\/hermanders.se\/en\/contact\/#breadcrumb\",\"itemListElement\":[{\"@type\":\"ListItem\",\"position\":1,\"name\":\"Hem\",\"item\":\"https:\/\/hermanders.se\/en\/\"},{\"@type\":\"ListItem\",\"position\":2,\"name\":\"Contact\"}]},{\"@type\":\"WebSite\",\"@id\":\"https:\/\/hermanders.se\/#website\",\"url\":\"https:\/\/hermanders.se\/\",\"name\":\"Hermanders\",\"description\":\"Avancerad pl\u00e5tformning\",\"publisher\":{\"@id\":\"https:\/\/hermanders.se\/#organization\"},\"potentialAction\":[{\"@type\":\"SearchAction\",\"target\":{\"@type\":\"EntryPoint\",\"urlTemplate\":\"https:\/\/hermanders.se\/?s={search_term_string}\"},\"query-input\":\"required name=search_term_string\"}],\"inLanguage\":\"en-US\"},{\"@type\":\"Organization\",\"@id\":\"https:\/\/hermanders.se\/#organization\",\"name\":\"Hermanders\",\"url\":\"https:\/\/hermanders.se\/\",\"logo\":{\"@type\":\"ImageObject\",\"inLanguage\":\"en-US\",\"@id\":\"https:\/\/hermanders.se\/#\/schema\/logo\/image\/\",\"url\":\"https:\/\/storage.googleapis.com\/hermanders-se\/uploads\/2015\/11\/hermanders-logga.jpg\",\"contentUrl\":\"https:\/\/storage.googleapis.com\/hermanders-se\/uploads\/2015\/11\/hermanders-logga.jpg\",\"width\":800,\"height\":419,\"caption\":\"Hermanders\"},\"image\":{\"@id\":\"https:\/\/hermanders.se\/#\/schema\/logo\/image\/\"}}]}<\/script>\n<!-- \/ Yoast SEO plugin. -->","yoast_head_json":{"title":"Contact - Hermanders","robots":{"index":"index","follow":"follow","max-snippet":"max-snippet:-1","max-image-preview":"max-image-preview:large","max-video-preview":"max-video-preview:-1"},"canonical":"https:\/\/hermanders.se\/en\/contact\/","og_locale":"en_US","og_type":"article","og_title":"Contact - Hermanders","og_description":"Visitors address: S\u00f6t\u00e5senv\u00e4gen 2, T\u00f6reboda Postal address: S\u00f6t\u00e5senv\u00e4gen 2, 545 34 T\u00d6REBODA E-mail: S\/board: +46(0)506-777 400 Fax: +46(0)506-105 94 iNvoice adDress:","og_url":"https:\/\/hermanders.se\/en\/contact\/","og_site_name":"Hermanders","article_modified_time":"2022-03-04T14:12:01+00:00","twitter_card":"summary_large_image","schema":{"@context":"https:\/\/schema.org","@graph":[{"@type":"WebPage","@id":"https:\/\/hermanders.se\/en\/contact\/","url":"https:\/\/hermanders.se\/en\/contact\/","name":"Contact - Hermanders","isPartOf":{"@id":"https:\/\/hermanders.se\/#website"},"datePublished":"2016-09-16T06:54:29+00:00","dateModified":"2022-03-04T14:12:01+00:00","breadcrumb":{"@id":"https:\/\/hermanders.se\/en\/contact\/#breadcrumb"},"inLanguage":"en-US","potentialAction":[{"@type":"ReadAction","target":["https:\/\/hermanders.se\/en\/contact\/"]}]},{"@type":"BreadcrumbList","@id":"https:\/\/hermanders.se\/en\/contact\/#breadcrumb","itemListElement":[{"@type":"ListItem","position":1,"name":"Hem","item":"https:\/\/hermanders.se\/en\/"},{"@type":"ListItem","position":2,"name":"Contact"}]},{"@type":"WebSite","@id":"https:\/\/hermanders.se\/#website","url":"https:\/\/hermanders.se\/","name":"Hermanders","description":"Avancerad pl\u00e5tformning","publisher":{"@id":"https:\/\/hermanders.se\/#organization"},"potentialAction":[{"@type":"SearchAction","target":{"@type":"EntryPoint","urlTemplate":"https:\/\/hermanders.se\/?s={search_term_string}"},"query-input":"required name=search_term_string"}],"inLanguage":"en-US"},{"@type":"Organization","@id":"https:\/\/hermanders.se\/#organization","name":"Hermanders","url":"https:\/\/hermanders.se\/","logo":{"@type":"ImageObject","inLanguage":"en-US","@id":"https:\/\/hermanders.se\/#\/schema\/logo\/image\/","url":"https:\/\/storage.googleapis.com\/hermanders-se\/uploads\/2015\/11\/hermanders-logga.jpg","contentUrl":"https:\/\/storage.googleapis.com\/hermanders-se\/uploads\/2015\/11\/hermanders-logga.jpg","width":800,"height":419,"caption":"Hermanders"},"image":{"@id":"https:\/\/hermanders.se\/#\/schema\/logo\/image\/"}}]}},"_links":{"self":[{"href":"https:\/\/hermanders.se\/en\/wp-json\/wp\/v2\/pages\/1153"}],"collection":[{"href":"https:\/\/hermanders.se\/en\/wp-json\/wp\/v2\/pages"}],"about":[{"href":"https:\/\/hermanders.se\/en\/wp-json\/wp\/v2\/types\/page"}],"author":[{"embeddable":true,"href":"https:\/\/hermanders.se\/en\/wp-json\/wp\/v2\/users\/3"}],"replies":[{"embeddable":true,"href":"https:\/\/hermanders.se\/en\/wp-json\/wp\/v2\/comments?post=1153"}],"version-history":[{"count":5,"href":"https:\/\/hermanders.se\/en\/wp-json\/wp\/v2\/pages\/1153\/revisions"}],"predecessor-version":[{"id":2213,"href":"https:\/\/hermanders.se\/en\/wp-json\/wp\/v2\/pages\/1153\/revisions\/2213"}],"wp:attachment":[{"href":"https:\/\/hermanders.se\/en\/wp-json\/wp\/v2\/media?parent=1153"}],"curies":[{"name":"wp","href":"https:\/\/api.w.org\/{rel}","templated":true}]}}