{"id":1150,"date":"2016-09-16T08:54:30","date_gmt":"2016-09-16T06:54:30","guid":{"rendered":"https:\/\/hermanders.se\/en\/?page_id=1150"},"modified":"2022-03-04T14:55:37","modified_gmt":"2022-03-04T13:55:37","slug":"history","status":"publish","type":"page","link":"https:\/\/hermanders.se\/en\/history\/","title":{"rendered":"History"},"content":{"rendered":"<h2>How we became the leading pressure-turning company in the Nordic region<\/h2>\n<p class=\"lead\">When we talk to people in the T\u00f6reboda area and ask them about Hermanders, many of them say \u201clamp factory\u201d. Of course it is true that Hermanders made millions of lamps for delivery to firms like IKEA and KF. But the world is changing and so is the market, which has meant in turn that Hermanders\u2019 strategy has also changed.<\/p>\n<p>Our core business is today metal spinning and advanced sheet forming. It is with joy and pride that we realize that it is just the same basic idea that the company&#8217;s founder, Folke Hermansson and Hugo Andersson, founded the company to do in 1951.<\/p>\n<p>Having developed our core competencies for 70 years gives us as a firm and solid foundation to continue to develop our business. Hermanders AB is well equipped to meet market demands, both within our existing skills and in new areas. Through our investments in the latest machine technology as well as skilled and well-trained staff, we feel that with pride and clarity we can say that we are the leading press releases in the Nordic region.<\/p>\n<p><em>&#8211; Patrik Nilsson, CEO<\/em><\/p>\n<p><a href=\"http:\/\/www.kundvisaren.se\/track\/track_files.php?url= https:\/\/storage.googleapis.com\/hermanders-se\/uploads\/2015\/11\/LR_Hermanders_Bok.pdf\" target=\"_blank\" rel=\"noopener\"><img loading=\"lazy\" decoding=\"async\" class=\"size-medium wp-image-697 aligncenter\" src=\"https:\/\/storage.googleapis.com\/hermanders-se\/uploads\/2015\/10\/hermanders-bok400-296x300.jpg\" alt=\"hermanders-bok400\" width=\"296\" height=\"300\" srcset=\"https:\/\/storage.googleapis.com\/hermanders-se\/uploads\/2015\/10\/hermanders-bok400-296x300.jpg 296w, https:\/\/storage.googleapis.com\/hermanders-se\/uploads\/2015\/10\/hermanders-bok400.jpg 400w\" sizes=\"(max-width: 296px) 100vw, 296px\" \/><\/a><\/p>\n<p style=\"text-align: center;\"><a class=\"btn\" href=\"http:\/\/www.kundvisaren.se\/track\/track_files.php?url= https:\/\/storage.googleapis.com\/hermanders-se\/uploads\/2015\/11\/LR_Hermanders_Bok.pdf\" target=\"_blank\" rel=\"noopener\">View the book<\/a>\u00a0(in Swedish)<\/p>\n<h2>Milestones<\/h2>\n<div class=\"left-block\">\n<h4 class=\"h5\">8 Mar 1951<\/h4>\n<p>Folke Hermansson and Hugo Andersson start up Hermanders Metallindustri AB in the courtyard building where the ICA Supermarket is now located.<\/p>\n<h4 class=\"h5\">1956<\/h4>\n<p>Hermanders grows and needs new premises. Folke builds a new factory in Haddeboda.<\/p>\n<h4 class=\"h5\">1969<\/h4>\n<p>Haddeboda is too small. In the summer, the company moves to new premises on Industrigatan.<\/p>\n<h4 class=\"h5\">1 Jan 1979<\/h4>\n<p>Hermanders and Granhaga merge and change their name to Nordsales Granhaga AB. Folke owns 25 per cent of the shares in the new company.<\/p>\n<h4 class=\"h5\">1982<\/h4>\n<p>Folke Hermansson owns Tulles Metallindustri together with his son Jan. When the company is restructured, 25 employees put up the money to become part-owners. The new name of the company is Hermanders AB. The company stays in the same factory that Folke built in 1956.<\/p>\n<h4 class=\"h5\">Aug 1982<\/h4>\n<p>Folke, Jan and 25 employees move the company to Granhaga\u2019s former premises, next door to T\u00f6reboda Limtr\u00e4.<\/p>\n<h4 class=\"h5\">1983<\/h4>\n<p>Nordsales Granhaga AB files for bankruptcy.<\/p>\n<h4 class=\"h5\">1989<\/h4>\n<p>Hermanders AB is bought by T\u00f6reboda Skrotaff\u00e4r and Rolf Severin becomes the new MD.<\/p>\n<h4 class=\"h5\">19 Nov 1991<\/h4>\n<p>Hermanders AB files for bankruptcy.<\/p>\n<h4 class=\"h5\">12 Dec 1991<\/h4>\n<p>The new Hermanders AB starts up with new owners Jan Engstr\u00f6m and G\u00f6ran Johansson.<\/p>\n<h4 class=\"h5\">1995-96<\/h4>\n<p>Jan Engstr\u00f6m buys out G\u00f6ran Johansson to become sole owner of Hermanders.<\/p>\n<h4 class=\"h5\">1998<\/h4>\n<p>G\u00e5rdsj\u00f6 Mekaniska is bought up.<\/p>\n<h4 class=\"h5\">1999<\/h4>\n<p>Anders Nyman buys into the company as co-owner.<\/p>\n<\/div>\n<div class=\"right-block\">\n<h4 class=\"h5\">10 Sep 1999<\/h4>\n<p>Hermanders buys Axelsson Textilindustri\u2019s factory premises.<\/p>\n<h4 class=\"h5\">Nov 1999<\/h4>\n<p>Hermanders moves to Axelsson\u2019s old premises on S\u00f6t\u00e5senv\u00e4gen.<\/p>\n<h4 class=\"h5\">Autumn 2000<\/h4>\n<p>Hermanders invests SEK\u00a03.5 million in a new Leico pressure lathe which can take pieces 1,800 mm in diameter.<\/p>\n<h4 class=\"h5\">2004<\/h4>\n<p>Hermanders acquires Laio Metall AB in Hovmantorp.<\/p>\n<h4 class=\"h5\">2004<\/h4>\n<p>Spinnform AB in Bredaryd is acquired.<\/p>\n<h4 class=\"h5\">2005<\/h4>\n<p>Ludvika Metalltryck AB is sold to Hermanders.<\/p>\n<h4 class=\"h5\">2006<\/h4>\n<p>Hermanders expands with a new canteen and staff areas and a new conference room.<\/p>\n<h4 class=\"h5\">2008<\/h4>\n<p>The company adds a new 700 sqm factory building.<\/p>\n<h4 class=\"h5\">Winter 2008<\/h4>\n<p>Laio in Hovmantorp is forced to shut down.<\/p>\n<h4 class=\"h5\">2010<\/h4>\n<p>Hermanders adds 500 sqm of warehouse space.<\/p>\n<h4 class=\"h5\">2011<\/h4>\n<p>Hermanders celebrates its 60th anniversary.<\/p>\n<h4 class=\"h5\">2012<\/h4>\n<p>Jan Engstr\u00f6m becomes sole owner as Anders Nyman retires.<\/p>\n<h4 class=\"h5\">2013<\/h4>\n<p>Bemo Press AB in T\u00f6reboda is acquired.<\/p>\n<h4 class=\"h5\">2015<\/h4>\n<p>METAB, Metalltryckning i Bredaryd AB is acquired.<\/p>\n<h4 class=\"h5\">2017<\/h4>\n<p>Hermanders is acquired by Cality Invest AB.<\/p>\n<h4 class=\"h5\">2021<\/h4>\n<p>Hermanders celebrates its 70th anniversary.<\/p>\n<p>&nbsp;<\/p>\n<p>&nbsp;<\/p>\n<\/div>\n","protected":false},"excerpt":{"rendered":"<p>How we became the leading pressure-turning company in the Nordic region When we talk to people in the T\u00f6reboda area and ask them about Hermanders, many of them say \u201clamp factory\u201d. Of course it is&#8230; <a href=\"https:\/\/hermanders.se\/en\/history\/\">Read more<\/a><\/p>\n","protected":false},"author":3,"featured_media":0,"parent":0,"menu_order":0,"comment_status":"closed","ping_status":"closed","template":"","meta":{"footnotes":""},"class_list":["post-1150","page","type-page","status-publish","hentry"],"yoast_head":"<!-- This site is optimized with the Yoast SEO plugin v23.3 - https:\/\/yoast.com\/wordpress\/plugins\/seo\/ -->\n<title>History - Hermanders<\/title>\n<meta name=\"robots\" content=\"index, follow, max-snippet:-1, max-image-preview:large, max-video-preview:-1\" \/>\n<link rel=\"canonical\" href=\"https:\/\/hermanders.se\/en\/history\/\" \/>\n<meta property=\"og:locale\" content=\"en_US\" \/>\n<meta property=\"og:type\" content=\"article\" \/>\n<meta property=\"og:title\" content=\"History - Hermanders\" \/>\n<meta property=\"og:description\" content=\"How we became the leading pressure-turning company in the Nordic region When we talk to people in the T\u00f6reboda area and ask them about Hermanders, many of them say \u201clamp factory\u201d. Of course it is&#8230; Read more\" \/>\n<meta property=\"og:url\" content=\"https:\/\/hermanders.se\/en\/history\/\" \/>\n<meta property=\"og:site_name\" content=\"Hermanders\" \/>\n<meta property=\"article:modified_time\" content=\"2022-03-04T13:55:37+00:00\" \/>\n<meta property=\"og:image\" content=\"https:\/\/storage.googleapis.com\/hermanders-se\/uploads\/2015\/10\/hermanders-bok400-296x300.jpg\" \/>\n<meta name=\"twitter:card\" content=\"summary_large_image\" \/>\n<meta name=\"twitter:label1\" content=\"Est. reading time\" \/>\n\t<meta name=\"twitter:data1\" content=\"3 minutes\" \/>\n<script type=\"application\/ld+json\" class=\"yoast-schema-graph\">{\"@context\":\"https:\/\/schema.org\",\"@graph\":[{\"@type\":\"WebPage\",\"@id\":\"https:\/\/hermanders.se\/en\/history\/\",\"url\":\"https:\/\/hermanders.se\/en\/history\/\",\"name\":\"History - Hermanders\",\"isPartOf\":{\"@id\":\"https:\/\/hermanders.se\/#website\"},\"primaryImageOfPage\":{\"@id\":\"https:\/\/hermanders.se\/en\/history\/#primaryimage\"},\"image\":{\"@id\":\"https:\/\/hermanders.se\/en\/history\/#primaryimage\"},\"thumbnailUrl\":\"https:\/\/storage.googleapis.com\/hermanders-se\/uploads\/2015\/10\/hermanders-bok400-296x300.jpg\",\"datePublished\":\"2016-09-16T06:54:30+00:00\",\"dateModified\":\"2022-03-04T13:55:37+00:00\",\"breadcrumb\":{\"@id\":\"https:\/\/hermanders.se\/en\/history\/#breadcrumb\"},\"inLanguage\":\"en-US\",\"potentialAction\":[{\"@type\":\"ReadAction\",\"target\":[\"https:\/\/hermanders.se\/en\/history\/\"]}]},{\"@type\":\"ImageObject\",\"inLanguage\":\"en-US\",\"@id\":\"https:\/\/hermanders.se\/en\/history\/#primaryimage\",\"url\":\"https:\/\/storage.googleapis.com\/hermanders-se\/uploads\/2015\/10\/hermanders-bok400-296x300.jpg\",\"contentUrl\":\"https:\/\/storage.googleapis.com\/hermanders-se\/uploads\/2015\/10\/hermanders-bok400-296x300.jpg\"},{\"@type\":\"BreadcrumbList\",\"@id\":\"https:\/\/hermanders.se\/en\/history\/#breadcrumb\",\"itemListElement\":[{\"@type\":\"ListItem\",\"position\":1,\"name\":\"Hem\",\"item\":\"https:\/\/hermanders.se\/en\/\"},{\"@type\":\"ListItem\",\"position\":2,\"name\":\"History\"}]},{\"@type\":\"WebSite\",\"@id\":\"https:\/\/hermanders.se\/#website\",\"url\":\"https:\/\/hermanders.se\/\",\"name\":\"Hermanders\",\"description\":\"Avancerad pl\u00e5tformning\",\"publisher\":{\"@id\":\"https:\/\/hermanders.se\/#organization\"},\"potentialAction\":[{\"@type\":\"SearchAction\",\"target\":{\"@type\":\"EntryPoint\",\"urlTemplate\":\"https:\/\/hermanders.se\/?s={search_term_string}\"},\"query-input\":\"required name=search_term_string\"}],\"inLanguage\":\"en-US\"},{\"@type\":\"Organization\",\"@id\":\"https:\/\/hermanders.se\/#organization\",\"name\":\"Hermanders\",\"url\":\"https:\/\/hermanders.se\/\",\"logo\":{\"@type\":\"ImageObject\",\"inLanguage\":\"en-US\",\"@id\":\"https:\/\/hermanders.se\/#\/schema\/logo\/image\/\",\"url\":\"https:\/\/storage.googleapis.com\/hermanders-se\/uploads\/2015\/11\/hermanders-logga.jpg\",\"contentUrl\":\"https:\/\/storage.googleapis.com\/hermanders-se\/uploads\/2015\/11\/hermanders-logga.jpg\",\"width\":800,\"height\":419,\"caption\":\"Hermanders\"},\"image\":{\"@id\":\"https:\/\/hermanders.se\/#\/schema\/logo\/image\/\"}}]}<\/script>\n<!-- \/ Yoast SEO plugin. -->","yoast_head_json":{"title":"History - Hermanders","robots":{"index":"index","follow":"follow","max-snippet":"max-snippet:-1","max-image-preview":"max-image-preview:large","max-video-preview":"max-video-preview:-1"},"canonical":"https:\/\/hermanders.se\/en\/history\/","og_locale":"en_US","og_type":"article","og_title":"History - Hermanders","og_description":"How we became the leading pressure-turning company in the Nordic region When we talk to people in the T\u00f6reboda area and ask them about Hermanders, many of them say \u201clamp factory\u201d. Of course it is&#8230; Read more","og_url":"https:\/\/hermanders.se\/en\/history\/","og_site_name":"Hermanders","article_modified_time":"2022-03-04T13:55:37+00:00","og_image":[{"url":"https:\/\/storage.googleapis.com\/hermanders-se\/uploads\/2015\/10\/hermanders-bok400-296x300.jpg"}],"twitter_card":"summary_large_image","twitter_misc":{"Est. reading time":"3 minutes"},"schema":{"@context":"https:\/\/schema.org","@graph":[{"@type":"WebPage","@id":"https:\/\/hermanders.se\/en\/history\/","url":"https:\/\/hermanders.se\/en\/history\/","name":"History - Hermanders","isPartOf":{"@id":"https:\/\/hermanders.se\/#website"},"primaryImageOfPage":{"@id":"https:\/\/hermanders.se\/en\/history\/#primaryimage"},"image":{"@id":"https:\/\/hermanders.se\/en\/history\/#primaryimage"},"thumbnailUrl":"https:\/\/storage.googleapis.com\/hermanders-se\/uploads\/2015\/10\/hermanders-bok400-296x300.jpg","datePublished":"2016-09-16T06:54:30+00:00","dateModified":"2022-03-04T13:55:37+00:00","breadcrumb":{"@id":"https:\/\/hermanders.se\/en\/history\/#breadcrumb"},"inLanguage":"en-US","potentialAction":[{"@type":"ReadAction","target":["https:\/\/hermanders.se\/en\/history\/"]}]},{"@type":"ImageObject","inLanguage":"en-US","@id":"https:\/\/hermanders.se\/en\/history\/#primaryimage","url":"https:\/\/storage.googleapis.com\/hermanders-se\/uploads\/2015\/10\/hermanders-bok400-296x300.jpg","contentUrl":"https:\/\/storage.googleapis.com\/hermanders-se\/uploads\/2015\/10\/hermanders-bok400-296x300.jpg"},{"@type":"BreadcrumbList","@id":"https:\/\/hermanders.se\/en\/history\/#breadcrumb","itemListElement":[{"@type":"ListItem","position":1,"name":"Hem","item":"https:\/\/hermanders.se\/en\/"},{"@type":"ListItem","position":2,"name":"History"}]},{"@type":"WebSite","@id":"https:\/\/hermanders.se\/#website","url":"https:\/\/hermanders.se\/","name":"Hermanders","description":"Avancerad pl\u00e5tformning","publisher":{"@id":"https:\/\/hermanders.se\/#organization"},"potentialAction":[{"@type":"SearchAction","target":{"@type":"EntryPoint","urlTemplate":"https:\/\/hermanders.se\/?s={search_term_string}"},"query-input":"required name=search_term_string"}],"inLanguage":"en-US"},{"@type":"Organization","@id":"https:\/\/hermanders.se\/#organization","name":"Hermanders","url":"https:\/\/hermanders.se\/","logo":{"@type":"ImageObject","inLanguage":"en-US","@id":"https:\/\/hermanders.se\/#\/schema\/logo\/image\/","url":"https:\/\/storage.googleapis.com\/hermanders-se\/uploads\/2015\/11\/hermanders-logga.jpg","contentUrl":"https:\/\/storage.googleapis.com\/hermanders-se\/uploads\/2015\/11\/hermanders-logga.jpg","width":800,"height":419,"caption":"Hermanders"},"image":{"@id":"https:\/\/hermanders.se\/#\/schema\/logo\/image\/"}}]}},"_links":{"self":[{"href":"https:\/\/hermanders.se\/en\/wp-json\/wp\/v2\/pages\/1150"}],"collection":[{"href":"https:\/\/hermanders.se\/en\/wp-json\/wp\/v2\/pages"}],"about":[{"href":"https:\/\/hermanders.se\/en\/wp-json\/wp\/v2\/types\/page"}],"author":[{"embeddable":true,"href":"https:\/\/hermanders.se\/en\/wp-json\/wp\/v2\/users\/3"}],"replies":[{"embeddable":true,"href":"https:\/\/hermanders.se\/en\/wp-json\/wp\/v2\/comments?post=1150"}],"version-history":[{"count":5,"href":"https:\/\/hermanders.se\/en\/wp-json\/wp\/v2\/pages\/1150\/revisions"}],"predecessor-version":[{"id":2204,"href":"https:\/\/hermanders.se\/en\/wp-json\/wp\/v2\/pages\/1150\/revisions\/2204"}],"wp:attachment":[{"href":"https:\/\/hermanders.se\/en\/wp-json\/wp\/v2\/media?parent=1150"}],"curies":[{"name":"wp","href":"https:\/\/api.w.org\/{rel}","templated":true}]}}