{"id":1141,"date":"2016-09-16T08:54:29","date_gmt":"2016-09-16T06:54:29","guid":{"rendered":"https:\/\/hermanders.se\/en\/?page_id=1141"},"modified":"2016-09-30T15:23:49","modified_gmt":"2016-09-30T13:23:49","slug":"deep-drawing","status":"publish","type":"page","link":"https:\/\/hermanders.se\/en\/deep-drawing\/","title":{"rendered":"Deep drawing"},"content":{"rendered":"<h2 class=\"h1\">For larger runs and more complicated formedshaped products<\/h2>\n<p class=\"lead\">Here we can form products up to 1,100 millimetres in size. In combination with pressure turning, we can also carry out more advanced forming.<\/p>\n<p>If you need to produce parts with complex shapes and a relatively constant thickness, deep drawing may be the best method. We use both traditional deep drawing and hydro-mechanical forming. The latter method is especially suited to working in stainless steel.<\/p>\n<p>In some cases, the most cost-effective method of production is a combination of deep drawing and pressure-turning. In these cases, the process starts with deep drawing while the final shaping of corners and edges, for example, is done on the pressure lathe.<\/p>\n<div class=\"left-block\">\n<h2 class=\"h5 h-upper\">Material thicknesses<\/h2>\n<p>We carry out deep drawing with a max. format of 1,100 x 1,100 mm\u00a0for all the materials shown here.<\/p>\n<table>\n<tbody>\n<tr>\n<th scope=\"row\">Aluminium<\/th>\n<td>0.60-10.00 mm<\/td>\n<\/tr>\n<tr>\n<th scope=\"row\">Iron<\/th>\n<td>0.50-5.00 mm<\/td>\n<\/tr>\n<tr>\n<th scope=\"row\">Stainless steel<\/th>\n<td>0.60-3.00 mm<\/td>\n<\/tr>\n<tr>\n<th scope=\"row\">Brass<\/th>\n<td>0.50-10.00 mm<\/td>\n<\/tr>\n<tr>\n<th scope=\"row\">Silver<\/th>\n<td>0.60-5.00 mm<\/td>\n<\/tr>\n<tr>\n<th scope=\"row\">Copper<\/th>\n<td>0.50-10.00 mm<\/td>\n<\/tr>\n<\/tbody>\n<\/table>\n<\/div>\n<div class=\"right-block\">\n<div id=\"gallery-1\" class=\"gallery lgljl-gallery galleryid-1141 gallery-columns-3 gallery-size-thumbnail gallery-link-file\"><figure class=\"gallery-item\"><div class=\"gallery-icon\"><a href=\"https:\/\/storage.googleapis.com\/hermanders-se\/uploads\/2015\/10\/djupdrag-prod-815-1024x683.jpg\" title=\"\" data-desc=\"Pl\u00e5ten placeras \u00f6ver matrisen\" class=\"gallery-item-1 lgljl-gallery-item\"><img loading=\"lazy\" decoding=\"async\" width=\"150\" height=\"150\" src=\"https:\/\/storage.googleapis.com\/hermanders-se\/uploads\/2015\/10\/djupdrag-prod-815-150x150.jpg\" class=\"attachment-thumbnail size-thumbnail\" alt=\"\" \/><\/a><\/div><\/figure><figure class=\"gallery-item\"><div class=\"gallery-icon\"><a href=\"https:\/\/storage.googleapis.com\/hermanders-se\/uploads\/2015\/10\/djupdrag-prod-828-1024x683.jpg\" title=\"\" data-desc=\"\" class=\"gallery-item-1 lgljl-gallery-item\"><img loading=\"lazy\" decoding=\"async\" width=\"150\" height=\"150\" src=\"https:\/\/storage.googleapis.com\/hermanders-se\/uploads\/2015\/10\/djupdrag-prod-828-150x150.jpg\" class=\"attachment-thumbnail size-thumbnail\" alt=\"\" \/><\/a><\/div><\/figure><figure class=\"gallery-item\"><div class=\"gallery-icon\"><a href=\"https:\/\/storage.googleapis.com\/hermanders-se\/uploads\/2015\/10\/djupdrag-prod-821-1024x723.jpg\" title=\"\" data-desc=\"Pl\u00e5ten sm\u00f6rjs innan djupdragningen p\u00e5b\u00f6rjas\" class=\"gallery-item-1 lgljl-gallery-item\"><img loading=\"lazy\" decoding=\"async\" width=\"150\" height=\"150\" src=\"https:\/\/storage.googleapis.com\/hermanders-se\/uploads\/2015\/10\/djupdrag-prod-821-150x150.jpg\" class=\"attachment-thumbnail size-thumbnail\" alt=\"\" \/><\/a><\/div><\/figure><br style=\"clear: both\"><figure class=\"gallery-item\"><div class=\"gallery-icon\"><a href=\"https:\/\/storage.googleapis.com\/hermanders-se\/uploads\/2015\/10\/djupdrag-prod-823-1024x764.jpg\" title=\"\" data-desc=\"Pl\u00e5ten trycks ner i matrisen\" class=\"gallery-item-1 lgljl-gallery-item\"><img loading=\"lazy\" decoding=\"async\" width=\"150\" height=\"150\" src=\"https:\/\/storage.googleapis.com\/hermanders-se\/uploads\/2015\/10\/djupdrag-prod-823-150x150.jpg\" class=\"attachment-thumbnail size-thumbnail\" alt=\"\" \/><\/a><\/div><\/figure><figure class=\"gallery-item\"><div class=\"gallery-icon\"><a href=\"https:\/\/storage.googleapis.com\/hermanders-se\/uploads\/2015\/10\/djupdrag-prod-825-1024x778.jpg\" title=\"\" data-desc=\"Processen slutf\u00f6rs\" class=\"gallery-item-1 lgljl-gallery-item\"><img loading=\"lazy\" decoding=\"async\" width=\"150\" height=\"150\" src=\"https:\/\/storage.googleapis.com\/hermanders-se\/uploads\/2015\/10\/djupdrag-prod-825-150x150.jpg\" class=\"attachment-thumbnail size-thumbnail\" alt=\"\" \/><\/a><\/div><\/figure><figure class=\"gallery-item\"><div class=\"gallery-icon\"><a href=\"https:\/\/storage.googleapis.com\/hermanders-se\/uploads\/2015\/10\/djupdrag-prod-839-1024x683.jpg\" title=\"\" data-desc=\"F\u00e4rdig produkt\" class=\"gallery-item-1 lgljl-gallery-item\"><img loading=\"lazy\" decoding=\"async\" width=\"150\" height=\"150\" src=\"https:\/\/storage.googleapis.com\/hermanders-se\/uploads\/2015\/10\/djupdrag-prod-839-150x150.jpg\" class=\"attachment-thumbnail size-thumbnail\" alt=\"\" \/><\/a><\/div><\/figure><br style=\"clear: both\"><br style=\"clear: both;\"><\/div>\n<\/div>\n","protected":false},"excerpt":{"rendered":"<p>For larger runs and more complicated formedshaped products Here we can form products up to 1,100 millimetres in size. In combination with pressure turning, we can also carry out more advanced forming. If you need&#8230; <a href=\"https:\/\/hermanders.se\/en\/deep-drawing\/\">Read more<\/a><\/p>\n","protected":false},"author":3,"featured_media":0,"parent":0,"menu_order":0,"comment_status":"closed","ping_status":"closed","template":"","meta":{"footnotes":""},"class_list":["post-1141","page","type-page","status-publish","hentry"],"yoast_head":"<!-- This site is optimized with the Yoast SEO plugin v23.3 - https:\/\/yoast.com\/wordpress\/plugins\/seo\/ -->\n<title>Deep drawing - Hermanders<\/title>\n<meta name=\"robots\" content=\"index, follow, max-snippet:-1, max-image-preview:large, max-video-preview:-1\" \/>\n<link rel=\"canonical\" href=\"https:\/\/hermanders.se\/en\/deep-drawing\/\" \/>\n<meta property=\"og:locale\" content=\"en_US\" \/>\n<meta property=\"og:type\" content=\"article\" \/>\n<meta property=\"og:title\" content=\"Deep drawing - Hermanders\" \/>\n<meta property=\"og:description\" content=\"For larger runs and more complicated formedshaped products Here we can form products up to 1,100 millimetres in size. In combination with pressure turning, we can also carry out more advanced forming. If you need&#8230; Read more\" \/>\n<meta property=\"og:url\" content=\"https:\/\/hermanders.se\/en\/deep-drawing\/\" \/>\n<meta property=\"og:site_name\" content=\"Hermanders\" \/>\n<meta property=\"article:modified_time\" content=\"2016-09-30T13:23:49+00:00\" \/>\n<meta property=\"og:image\" content=\"https:\/\/storage.googleapis.com\/hermanders-se\/uploads\/2015\/10\/djupdrag-prod-815-150x150.jpg\" \/>\n<meta name=\"twitter:card\" content=\"summary_large_image\" \/>\n<meta name=\"twitter:label1\" content=\"Est. reading time\" \/>\n\t<meta name=\"twitter:data1\" content=\"1 minute\" \/>\n<script type=\"application\/ld+json\" class=\"yoast-schema-graph\">{\"@context\":\"https:\/\/schema.org\",\"@graph\":[{\"@type\":\"WebPage\",\"@id\":\"https:\/\/hermanders.se\/en\/deep-drawing\/\",\"url\":\"https:\/\/hermanders.se\/en\/deep-drawing\/\",\"name\":\"Deep drawing - Hermanders\",\"isPartOf\":{\"@id\":\"https:\/\/hermanders.se\/#website\"},\"datePublished\":\"2016-09-16T06:54:29+00:00\",\"dateModified\":\"2016-09-30T13:23:49+00:00\",\"breadcrumb\":{\"@id\":\"https:\/\/hermanders.se\/en\/deep-drawing\/#breadcrumb\"},\"inLanguage\":\"en-US\",\"potentialAction\":[{\"@type\":\"ReadAction\",\"target\":[\"https:\/\/hermanders.se\/en\/deep-drawing\/\"]}]},{\"@type\":\"BreadcrumbList\",\"@id\":\"https:\/\/hermanders.se\/en\/deep-drawing\/#breadcrumb\",\"itemListElement\":[{\"@type\":\"ListItem\",\"position\":1,\"name\":\"Hem\",\"item\":\"https:\/\/hermanders.se\/en\/\"},{\"@type\":\"ListItem\",\"position\":2,\"name\":\"Deep drawing\"}]},{\"@type\":\"WebSite\",\"@id\":\"https:\/\/hermanders.se\/#website\",\"url\":\"https:\/\/hermanders.se\/\",\"name\":\"Hermanders\",\"description\":\"Avancerad pl\u00e5tformning\",\"publisher\":{\"@id\":\"https:\/\/hermanders.se\/#organization\"},\"potentialAction\":[{\"@type\":\"SearchAction\",\"target\":{\"@type\":\"EntryPoint\",\"urlTemplate\":\"https:\/\/hermanders.se\/?s={search_term_string}\"},\"query-input\":\"required name=search_term_string\"}],\"inLanguage\":\"en-US\"},{\"@type\":\"Organization\",\"@id\":\"https:\/\/hermanders.se\/#organization\",\"name\":\"Hermanders\",\"url\":\"https:\/\/hermanders.se\/\",\"logo\":{\"@type\":\"ImageObject\",\"inLanguage\":\"en-US\",\"@id\":\"https:\/\/hermanders.se\/#\/schema\/logo\/image\/\",\"url\":\"https:\/\/storage.googleapis.com\/hermanders-se\/uploads\/2015\/11\/hermanders-logga.jpg\",\"contentUrl\":\"https:\/\/storage.googleapis.com\/hermanders-se\/uploads\/2015\/11\/hermanders-logga.jpg\",\"width\":800,\"height\":419,\"caption\":\"Hermanders\"},\"image\":{\"@id\":\"https:\/\/hermanders.se\/#\/schema\/logo\/image\/\"}}]}<\/script>\n<!-- \/ Yoast SEO plugin. -->","yoast_head_json":{"title":"Deep drawing - Hermanders","robots":{"index":"index","follow":"follow","max-snippet":"max-snippet:-1","max-image-preview":"max-image-preview:large","max-video-preview":"max-video-preview:-1"},"canonical":"https:\/\/hermanders.se\/en\/deep-drawing\/","og_locale":"en_US","og_type":"article","og_title":"Deep drawing - Hermanders","og_description":"For larger runs and more complicated formedshaped products Here we can form products up to 1,100 millimetres in size. In combination with pressure turning, we can also carry out more advanced forming. If you need&#8230; Read more","og_url":"https:\/\/hermanders.se\/en\/deep-drawing\/","og_site_name":"Hermanders","article_modified_time":"2016-09-30T13:23:49+00:00","og_image":[{"url":"https:\/\/storage.googleapis.com\/hermanders-se\/uploads\/2015\/10\/djupdrag-prod-815-150x150.jpg"}],"twitter_card":"summary_large_image","twitter_misc":{"Est. reading time":"1 minute"},"schema":{"@context":"https:\/\/schema.org","@graph":[{"@type":"WebPage","@id":"https:\/\/hermanders.se\/en\/deep-drawing\/","url":"https:\/\/hermanders.se\/en\/deep-drawing\/","name":"Deep drawing - Hermanders","isPartOf":{"@id":"https:\/\/hermanders.se\/#website"},"datePublished":"2016-09-16T06:54:29+00:00","dateModified":"2016-09-30T13:23:49+00:00","breadcrumb":{"@id":"https:\/\/hermanders.se\/en\/deep-drawing\/#breadcrumb"},"inLanguage":"en-US","potentialAction":[{"@type":"ReadAction","target":["https:\/\/hermanders.se\/en\/deep-drawing\/"]}]},{"@type":"BreadcrumbList","@id":"https:\/\/hermanders.se\/en\/deep-drawing\/#breadcrumb","itemListElement":[{"@type":"ListItem","position":1,"name":"Hem","item":"https:\/\/hermanders.se\/en\/"},{"@type":"ListItem","position":2,"name":"Deep drawing"}]},{"@type":"WebSite","@id":"https:\/\/hermanders.se\/#website","url":"https:\/\/hermanders.se\/","name":"Hermanders","description":"Avancerad pl\u00e5tformning","publisher":{"@id":"https:\/\/hermanders.se\/#organization"},"potentialAction":[{"@type":"SearchAction","target":{"@type":"EntryPoint","urlTemplate":"https:\/\/hermanders.se\/?s={search_term_string}"},"query-input":"required name=search_term_string"}],"inLanguage":"en-US"},{"@type":"Organization","@id":"https:\/\/hermanders.se\/#organization","name":"Hermanders","url":"https:\/\/hermanders.se\/","logo":{"@type":"ImageObject","inLanguage":"en-US","@id":"https:\/\/hermanders.se\/#\/schema\/logo\/image\/","url":"https:\/\/storage.googleapis.com\/hermanders-se\/uploads\/2015\/11\/hermanders-logga.jpg","contentUrl":"https:\/\/storage.googleapis.com\/hermanders-se\/uploads\/2015\/11\/hermanders-logga.jpg","width":800,"height":419,"caption":"Hermanders"},"image":{"@id":"https:\/\/hermanders.se\/#\/schema\/logo\/image\/"}}]}},"_links":{"self":[{"href":"https:\/\/hermanders.se\/en\/wp-json\/wp\/v2\/pages\/1141"}],"collection":[{"href":"https:\/\/hermanders.se\/en\/wp-json\/wp\/v2\/pages"}],"about":[{"href":"https:\/\/hermanders.se\/en\/wp-json\/wp\/v2\/types\/page"}],"author":[{"embeddable":true,"href":"https:\/\/hermanders.se\/en\/wp-json\/wp\/v2\/users\/3"}],"replies":[{"embeddable":true,"href":"https:\/\/hermanders.se\/en\/wp-json\/wp\/v2\/comments?post=1141"}],"version-history":[{"count":4,"href":"https:\/\/hermanders.se\/en\/wp-json\/wp\/v2\/pages\/1141\/revisions"}],"predecessor-version":[{"id":1347,"href":"https:\/\/hermanders.se\/en\/wp-json\/wp\/v2\/pages\/1141\/revisions\/1347"}],"wp:attachment":[{"href":"https:\/\/hermanders.se\/en\/wp-json\/wp\/v2\/media?parent=1141"}],"curies":[{"name":"wp","href":"https:\/\/api.w.org\/{rel}","templated":true}]}}