{"id":2064,"date":"2015-10-13T11:20:59","date_gmt":"2015-10-13T09:20:59","guid":{"rendered":"https:\/\/hermanders.se\/kontakt\/"},"modified":"2022-03-04T15:13:24","modified_gmt":"2022-03-04T14:13:24","slug":"kontakt","status":"publish","type":"page","link":"https:\/\/hermanders.se\/de\/kontakt\/","title":{"rendered":"Kontakt"},"content":{"rendered":"<div class=\"left-block\">\n<h3 class=\"side h-upper h5\">BESUCHSADRESSE:<\/h3>\n<p>S\u00f6t\u00e5senv\u00e4gen 2, T\u00f6reboda<\/p>\n<h3 class=\"h-upper h5\">ANSSCHRIFT:<\/h3>\n<p>S\u00f6t\u00e5senv\u00e4gen 2, 545 34\u00a0T\u00d6REBODA<\/p>\n<h3 class=\"h-upper h5\">E-MAIL:<\/h3>\n<p><span class=\"lucid-email-encoded\"><script>(function(){var e='<n uers=\"znvygb:vasb\u00a3ureznaqref.fr\">vasb\u00a3ureznaqref.fr<\/n>';}());<\/script><\/span><\/p>\n<\/div>\n<div class=\"right-block\">\n<h3 class=\"h5 h-upper\">telefon:<\/h3>\n<p>0506-777 400<\/p>\n<h3 class=\"h5 h-upper\">Fax:<\/h3>\n<p>0506-105 94<\/p>\n<p>&nbsp;<\/p>\n<\/div>\n","protected":false},"excerpt":{"rendered":"<p>BESUCHSADRESSE: S\u00f6t\u00e5senv\u00e4gen 2, T\u00f6reboda ANSSCHRIFT: S\u00f6t\u00e5senv\u00e4gen 2, 545 34\u00a0T\u00d6REBODA E-MAIL: telefon: 0506-777 400 Fax: 0506-105 94 &nbsp;<\/p>\n","protected":false},"author":3,"featured_media":0,"parent":0,"menu_order":0,"comment_status":"closed","ping_status":"closed","template":"","meta":{"footnotes":""},"class_list":["post-2064","page","type-page","status-publish","hentry"],"yoast_head":"<!-- This site is optimized with the Yoast SEO plugin v23.3 - https:\/\/yoast.com\/wordpress\/plugins\/seo\/ -->\n<title>Kontakt - Hermanders<\/title>\n<meta name=\"description\" content=\"Kontakta oss g\u00e4rna tidigt vid utveckling av en ny produkt! Med v\u00e5ra kunskaper om tillverkning och material kan du spara b\u00e5de tid och pengar.\" \/>\n<meta name=\"robots\" content=\"index, follow, max-snippet:-1, max-image-preview:large, max-video-preview:-1\" \/>\n<link rel=\"canonical\" href=\"https:\/\/hermanders.se\/de\/kontakt\/\" \/>\n<meta property=\"og:locale\" content=\"de_DE\" \/>\n<meta property=\"og:type\" content=\"article\" \/>\n<meta property=\"og:title\" content=\"Kontakt - Hermanders\" \/>\n<meta property=\"og:description\" content=\"Kontakta oss g\u00e4rna tidigt vid utveckling av en ny produkt! Med v\u00e5ra kunskaper om tillverkning och material kan du spara b\u00e5de tid och pengar.\" \/>\n<meta property=\"og:url\" content=\"https:\/\/hermanders.se\/de\/kontakt\/\" \/>\n<meta property=\"og:site_name\" content=\"Hermanders\" \/>\n<meta property=\"article:modified_time\" content=\"2022-03-04T14:13:24+00:00\" \/>\n<meta name=\"twitter:card\" content=\"summary_large_image\" \/>\n<script type=\"application\/ld+json\" class=\"yoast-schema-graph\">{\"@context\":\"https:\/\/schema.org\",\"@graph\":[{\"@type\":\"WebPage\",\"@id\":\"https:\/\/hermanders.se\/de\/kontakt\/\",\"url\":\"https:\/\/hermanders.se\/de\/kontakt\/\",\"name\":\"Kontakt - Hermanders\",\"isPartOf\":{\"@id\":\"https:\/\/hermanders.se\/#website\"},\"datePublished\":\"2015-10-13T09:20:59+00:00\",\"dateModified\":\"2022-03-04T14:13:24+00:00\",\"description\":\"Kontakta oss g\u00e4rna tidigt vid utveckling av en ny produkt! Med v\u00e5ra kunskaper om tillverkning och material kan du spara b\u00e5de tid och pengar.\",\"breadcrumb\":{\"@id\":\"https:\/\/hermanders.se\/de\/kontakt\/#breadcrumb\"},\"inLanguage\":\"de-DE\",\"potentialAction\":[{\"@type\":\"ReadAction\",\"target\":[\"https:\/\/hermanders.se\/de\/kontakt\/\"]}]},{\"@type\":\"BreadcrumbList\",\"@id\":\"https:\/\/hermanders.se\/de\/kontakt\/#breadcrumb\",\"itemListElement\":[{\"@type\":\"ListItem\",\"position\":1,\"name\":\"Hem\",\"item\":\"https:\/\/hermanders.se\/de\/\"},{\"@type\":\"ListItem\",\"position\":2,\"name\":\"Kontakt\"}]},{\"@type\":\"WebSite\",\"@id\":\"https:\/\/hermanders.se\/#website\",\"url\":\"https:\/\/hermanders.se\/\",\"name\":\"Hermanders\",\"description\":\"Avancerad pl\u00e5tformning\",\"publisher\":{\"@id\":\"https:\/\/hermanders.se\/#organization\"},\"potentialAction\":[{\"@type\":\"SearchAction\",\"target\":{\"@type\":\"EntryPoint\",\"urlTemplate\":\"https:\/\/hermanders.se\/?s={search_term_string}\"},\"query-input\":\"required name=search_term_string\"}],\"inLanguage\":\"de-DE\"},{\"@type\":\"Organization\",\"@id\":\"https:\/\/hermanders.se\/#organization\",\"name\":\"Hermanders\",\"url\":\"https:\/\/hermanders.se\/\",\"logo\":{\"@type\":\"ImageObject\",\"inLanguage\":\"de-DE\",\"@id\":\"https:\/\/hermanders.se\/#\/schema\/logo\/image\/\",\"url\":\"https:\/\/storage.googleapis.com\/hermanders-se\/uploads\/2015\/11\/hermanders-logga.jpg\",\"contentUrl\":\"https:\/\/storage.googleapis.com\/hermanders-se\/uploads\/2015\/11\/hermanders-logga.jpg\",\"width\":800,\"height\":419,\"caption\":\"Hermanders\"},\"image\":{\"@id\":\"https:\/\/hermanders.se\/#\/schema\/logo\/image\/\"}}]}<\/script>\n<!-- \/ Yoast SEO plugin. -->","yoast_head_json":{"title":"Kontakt - Hermanders","description":"Kontakta oss g\u00e4rna tidigt vid utveckling av en ny produkt! Med v\u00e5ra kunskaper om tillverkning och material kan du spara b\u00e5de tid och pengar.","robots":{"index":"index","follow":"follow","max-snippet":"max-snippet:-1","max-image-preview":"max-image-preview:large","max-video-preview":"max-video-preview:-1"},"canonical":"https:\/\/hermanders.se\/de\/kontakt\/","og_locale":"de_DE","og_type":"article","og_title":"Kontakt - Hermanders","og_description":"Kontakta oss g\u00e4rna tidigt vid utveckling av en ny produkt! Med v\u00e5ra kunskaper om tillverkning och material kan du spara b\u00e5de tid och pengar.","og_url":"https:\/\/hermanders.se\/de\/kontakt\/","og_site_name":"Hermanders","article_modified_time":"2022-03-04T14:13:24+00:00","twitter_card":"summary_large_image","schema":{"@context":"https:\/\/schema.org","@graph":[{"@type":"WebPage","@id":"https:\/\/hermanders.se\/de\/kontakt\/","url":"https:\/\/hermanders.se\/de\/kontakt\/","name":"Kontakt - Hermanders","isPartOf":{"@id":"https:\/\/hermanders.se\/#website"},"datePublished":"2015-10-13T09:20:59+00:00","dateModified":"2022-03-04T14:13:24+00:00","description":"Kontakta oss g\u00e4rna tidigt vid utveckling av en ny produkt! Med v\u00e5ra kunskaper om tillverkning och material kan du spara b\u00e5de tid och pengar.","breadcrumb":{"@id":"https:\/\/hermanders.se\/de\/kontakt\/#breadcrumb"},"inLanguage":"de-DE","potentialAction":[{"@type":"ReadAction","target":["https:\/\/hermanders.se\/de\/kontakt\/"]}]},{"@type":"BreadcrumbList","@id":"https:\/\/hermanders.se\/de\/kontakt\/#breadcrumb","itemListElement":[{"@type":"ListItem","position":1,"name":"Hem","item":"https:\/\/hermanders.se\/de\/"},{"@type":"ListItem","position":2,"name":"Kontakt"}]},{"@type":"WebSite","@id":"https:\/\/hermanders.se\/#website","url":"https:\/\/hermanders.se\/","name":"Hermanders","description":"Avancerad pl\u00e5tformning","publisher":{"@id":"https:\/\/hermanders.se\/#organization"},"potentialAction":[{"@type":"SearchAction","target":{"@type":"EntryPoint","urlTemplate":"https:\/\/hermanders.se\/?s={search_term_string}"},"query-input":"required name=search_term_string"}],"inLanguage":"de-DE"},{"@type":"Organization","@id":"https:\/\/hermanders.se\/#organization","name":"Hermanders","url":"https:\/\/hermanders.se\/","logo":{"@type":"ImageObject","inLanguage":"de-DE","@id":"https:\/\/hermanders.se\/#\/schema\/logo\/image\/","url":"https:\/\/storage.googleapis.com\/hermanders-se\/uploads\/2015\/11\/hermanders-logga.jpg","contentUrl":"https:\/\/storage.googleapis.com\/hermanders-se\/uploads\/2015\/11\/hermanders-logga.jpg","width":800,"height":419,"caption":"Hermanders"},"image":{"@id":"https:\/\/hermanders.se\/#\/schema\/logo\/image\/"}}]}},"_links":{"self":[{"href":"https:\/\/hermanders.se\/de\/wp-json\/wp\/v2\/pages\/2064"}],"collection":[{"href":"https:\/\/hermanders.se\/de\/wp-json\/wp\/v2\/pages"}],"about":[{"href":"https:\/\/hermanders.se\/de\/wp-json\/wp\/v2\/types\/page"}],"author":[{"embeddable":true,"href":"https:\/\/hermanders.se\/de\/wp-json\/wp\/v2\/users\/3"}],"replies":[{"embeddable":true,"href":"https:\/\/hermanders.se\/de\/wp-json\/wp\/v2\/comments?post=2064"}],"version-history":[{"count":5,"href":"https:\/\/hermanders.se\/de\/wp-json\/wp\/v2\/pages\/2064\/revisions"}],"predecessor-version":[{"id":2214,"href":"https:\/\/hermanders.se\/de\/wp-json\/wp\/v2\/pages\/2064\/revisions\/2214"}],"wp:attachment":[{"href":"https:\/\/hermanders.se\/de\/wp-json\/wp\/v2\/media?parent=2064"}],"curies":[{"name":"wp","href":"https:\/\/api.w.org\/{rel}","templated":true}]}}