{"id":2002,"date":"2015-10-13T11:13:12","date_gmt":"2015-10-13T09:13:12","guid":{"rendered":"https:\/\/hermanders.se\/djupdragning\/"},"modified":"2019-11-04T16:04:41","modified_gmt":"2019-11-04T15:04:41","slug":"tiefenziehen","status":"publish","type":"page","link":"https:\/\/hermanders.se\/de\/tiefenziehen\/","title":{"rendered":"Tiefenziehen"},"content":{"rendered":"<h2 class=\"h1\"> F\u00fcr gr\u00f6ssere Serien und komplizierte Formen<\/h2>\n<p class=\"lead\"> Mit Tiefenziehen k\u00f6nnen wir Produkte mit bis zu 1100 Millimeter Durchmesse formen. In Kombination mit Druckspinnen k\u00f6nnen wir ebenfalls avanzierte Formen gestalten.<\/p>\n<p>Ist Ihr Wunsch, Details mit relativ komplexen Formen mit relativ konstantem Durchmesser herzustellen, dann kann Tiefenziehen die beste Methode sein. Wir arbeiten sowohl mit traditionellem Tiefenziehen und mit hydromechanischem Formen. Die letztere Methode ist besonders f\u00fcr das Arbeiten mit Edelstahl geeignet.<br \/>\nIn gewissen F\u00e4llen ist es produktionswirtschaftlich optimal, Tiefenspinnen und Druckspinnen zu kombinieren. In solchen F\u00e4llen beginnt der Prozess mit Druckspinnen und das abschlie\u00dfende Formen von beispielsweise Winkeln und Kanten geschieht im Tiefenspinnen.<\/p>\n<div class=\"left-block\">\n<h2 class=\"h5 h-upper\">Material Durchmesser<\/h2>\n<p>Wir f\u00fchren Tiefziehen f\u00fcr einen maximales Format von 1100 x 1100 mm\u00a0f\u00fcr alle hier aufgef\u00fchrten Materialien:<\/p>\n<table>\n<tbody>\n<tr>\n<th scope=\"row\">Aluminium<\/th>\n<td>0,60 &#8211; 10,00 mm<\/td>\n<\/tr>\n<tr>\n<th scope=\"row\">Eisen<\/th>\n<td>0,50 &#8211; 5,00 mm<\/td>\n<\/tr>\n<tr>\n<th scope=\"row\">Edelstahl<\/th>\n<td>0,60 &#8211; 3,00 mm<\/td>\n<\/tr>\n<tr>\n<th scope=\"row\">Messing<\/th>\n<td>0,50 &#8211; 10,00 mm<\/td>\n<\/tr>\n<tr>\n<th scope=\"row\">Silber<\/th>\n<td>0,60 &#8211; 5,00 mm<\/td>\n<\/tr>\n<tr>\n<th scope=\"row\">Kupfer<\/th>\n<td>0,50 &#8211; 10,00 mm<\/td>\n<\/tr>\n<\/tbody>\n<\/table>\n<\/div>\n<div class=\"right-block\">\n<div id=\"gallery-1\" class=\"gallery lgljl-gallery galleryid-2002 gallery-columns-3 gallery-size-thumbnail gallery-link-file\"><figure class=\"gallery-item\"><div class=\"gallery-icon\"><a href=\"https:\/\/storage.googleapis.com\/hermanders-se\/uploads\/2015\/10\/djupdrag-prod-815-1024x683.jpg\" title=\"\" data-desc=\"Pl\u00e5ten placeras \u00f6ver matrisen\" class=\"gallery-item-1 lgljl-gallery-item\"><img loading=\"lazy\" decoding=\"async\" width=\"150\" height=\"150\" src=\"https:\/\/storage.googleapis.com\/hermanders-se\/uploads\/2015\/10\/djupdrag-prod-815-150x150.jpg\" class=\"attachment-thumbnail size-thumbnail\" alt=\"\" \/><\/a><\/div><\/figure><figure class=\"gallery-item\"><div class=\"gallery-icon\"><a href=\"https:\/\/storage.googleapis.com\/hermanders-se\/uploads\/2015\/10\/djupdrag-prod-828-1024x683.jpg\" title=\"\" data-desc=\"\" class=\"gallery-item-1 lgljl-gallery-item\"><img loading=\"lazy\" decoding=\"async\" width=\"150\" height=\"150\" src=\"https:\/\/storage.googleapis.com\/hermanders-se\/uploads\/2015\/10\/djupdrag-prod-828-150x150.jpg\" class=\"attachment-thumbnail size-thumbnail\" alt=\"\" \/><\/a><\/div><\/figure><figure class=\"gallery-item\"><div class=\"gallery-icon\"><a href=\"https:\/\/storage.googleapis.com\/hermanders-se\/uploads\/2015\/10\/djupdrag-prod-821-1024x723.jpg\" title=\"\" data-desc=\"Pl\u00e5ten sm\u00f6rjs innan djupdragningen p\u00e5b\u00f6rjas\" class=\"gallery-item-1 lgljl-gallery-item\"><img loading=\"lazy\" decoding=\"async\" width=\"150\" height=\"150\" src=\"https:\/\/storage.googleapis.com\/hermanders-se\/uploads\/2015\/10\/djupdrag-prod-821-150x150.jpg\" class=\"attachment-thumbnail size-thumbnail\" alt=\"\" \/><\/a><\/div><\/figure><br style=\"clear: both\"><figure class=\"gallery-item\"><div class=\"gallery-icon\"><a href=\"https:\/\/storage.googleapis.com\/hermanders-se\/uploads\/2015\/10\/djupdrag-prod-823-1024x764.jpg\" title=\"\" data-desc=\"Pl\u00e5ten trycks ner i matrisen\" class=\"gallery-item-1 lgljl-gallery-item\"><img loading=\"lazy\" decoding=\"async\" width=\"150\" height=\"150\" src=\"https:\/\/storage.googleapis.com\/hermanders-se\/uploads\/2015\/10\/djupdrag-prod-823-150x150.jpg\" class=\"attachment-thumbnail size-thumbnail\" alt=\"\" \/><\/a><\/div><\/figure><figure class=\"gallery-item\"><div class=\"gallery-icon\"><a href=\"https:\/\/storage.googleapis.com\/hermanders-se\/uploads\/2015\/10\/djupdrag-prod-825-1024x778.jpg\" title=\"\" data-desc=\"Processen slutf\u00f6rs\" class=\"gallery-item-1 lgljl-gallery-item\"><img loading=\"lazy\" decoding=\"async\" width=\"150\" height=\"150\" src=\"https:\/\/storage.googleapis.com\/hermanders-se\/uploads\/2015\/10\/djupdrag-prod-825-150x150.jpg\" class=\"attachment-thumbnail size-thumbnail\" alt=\"\" \/><\/a><\/div><\/figure><figure class=\"gallery-item\"><div class=\"gallery-icon\"><a href=\"https:\/\/storage.googleapis.com\/hermanders-se\/uploads\/2015\/10\/djupdrag-prod-839-1024x683.jpg\" title=\"\" data-desc=\"F\u00e4rdig produkt\" class=\"gallery-item-1 lgljl-gallery-item\"><img loading=\"lazy\" decoding=\"async\" width=\"150\" height=\"150\" src=\"https:\/\/storage.googleapis.com\/hermanders-se\/uploads\/2015\/10\/djupdrag-prod-839-150x150.jpg\" class=\"attachment-thumbnail size-thumbnail\" alt=\"\" \/><\/a><\/div><\/figure><br style=\"clear: both\"><br style=\"clear: both;\"><\/div>\n<\/div>\n","protected":false},"excerpt":{"rendered":"<p>F\u00fcr gr\u00f6ssere Serien und komplizierte Formen Mit Tiefenziehen k\u00f6nnen wir Produkte mit bis zu 1100 Millimeter Durchmesse formen. In Kombination mit Druckspinnen k\u00f6nnen wir ebenfalls avanzierte Formen gestalten. Ist Ihr Wunsch, Details mit relativ komplexen&#8230; <a href=\"https:\/\/hermanders.se\/de\/tiefenziehen\/\">Read more<\/a><\/p>\n","protected":false},"author":3,"featured_media":0,"parent":0,"menu_order":0,"comment_status":"closed","ping_status":"closed","template":"","meta":{"footnotes":""},"class_list":["post-2002","page","type-page","status-publish","hentry"],"yoast_head":"<!-- This site is optimized with the Yoast SEO plugin v23.3 - https:\/\/yoast.com\/wordpress\/plugins\/seo\/ -->\n<title>Tiefenziehen - Hermanders<\/title>\n<meta name=\"description\" content=\"Djupdragning passar f\u00f6r st\u00f6rre serier och\/eller detaljer med mer komplicerat form. Metoden kan \u00e4ven kombineras med trycksvarvning. V\u00e4lkommen till oss!\" \/>\n<meta name=\"robots\" content=\"index, follow, max-snippet:-1, max-image-preview:large, max-video-preview:-1\" \/>\n<link rel=\"canonical\" href=\"https:\/\/hermanders.se\/de\/tiefenziehen\/\" \/>\n<meta property=\"og:locale\" content=\"de_DE\" \/>\n<meta property=\"og:type\" content=\"article\" \/>\n<meta property=\"og:title\" content=\"Tiefenziehen - Hermanders\" \/>\n<meta property=\"og:description\" content=\"Djupdragning passar f\u00f6r st\u00f6rre serier och\/eller detaljer med mer komplicerat form. Metoden kan \u00e4ven kombineras med trycksvarvning. V\u00e4lkommen till oss!\" \/>\n<meta property=\"og:url\" content=\"https:\/\/hermanders.se\/de\/tiefenziehen\/\" \/>\n<meta property=\"og:site_name\" content=\"Hermanders\" \/>\n<meta property=\"article:modified_time\" content=\"2019-11-04T15:04:41+00:00\" \/>\n<meta property=\"og:image\" content=\"https:\/\/storage.googleapis.com\/hermanders-se\/uploads\/2015\/10\/djupdrag-prod-815-150x150.jpg\" \/>\n<meta name=\"twitter:card\" content=\"summary_large_image\" \/>\n<meta name=\"twitter:label1\" content=\"Est. reading time\" \/>\n\t<meta name=\"twitter:data1\" content=\"1 minute\" \/>\n<script type=\"application\/ld+json\" class=\"yoast-schema-graph\">{\"@context\":\"https:\/\/schema.org\",\"@graph\":[{\"@type\":\"WebPage\",\"@id\":\"https:\/\/hermanders.se\/de\/tiefenziehen\/\",\"url\":\"https:\/\/hermanders.se\/de\/tiefenziehen\/\",\"name\":\"Tiefenziehen - Hermanders\",\"isPartOf\":{\"@id\":\"https:\/\/hermanders.se\/#website\"},\"datePublished\":\"2015-10-13T09:13:12+00:00\",\"dateModified\":\"2019-11-04T15:04:41+00:00\",\"description\":\"Djupdragning passar f\u00f6r st\u00f6rre serier och\/eller detaljer med mer komplicerat form. Metoden kan \u00e4ven kombineras med trycksvarvning. V\u00e4lkommen till oss!\",\"breadcrumb\":{\"@id\":\"https:\/\/hermanders.se\/de\/tiefenziehen\/#breadcrumb\"},\"inLanguage\":\"de-DE\",\"potentialAction\":[{\"@type\":\"ReadAction\",\"target\":[\"https:\/\/hermanders.se\/de\/tiefenziehen\/\"]}]},{\"@type\":\"BreadcrumbList\",\"@id\":\"https:\/\/hermanders.se\/de\/tiefenziehen\/#breadcrumb\",\"itemListElement\":[{\"@type\":\"ListItem\",\"position\":1,\"name\":\"Hem\",\"item\":\"https:\/\/hermanders.se\/de\/\"},{\"@type\":\"ListItem\",\"position\":2,\"name\":\"Tiefenziehen\"}]},{\"@type\":\"WebSite\",\"@id\":\"https:\/\/hermanders.se\/#website\",\"url\":\"https:\/\/hermanders.se\/\",\"name\":\"Hermanders\",\"description\":\"Avancerad pl\u00e5tformning\",\"publisher\":{\"@id\":\"https:\/\/hermanders.se\/#organization\"},\"potentialAction\":[{\"@type\":\"SearchAction\",\"target\":{\"@type\":\"EntryPoint\",\"urlTemplate\":\"https:\/\/hermanders.se\/?s={search_term_string}\"},\"query-input\":\"required name=search_term_string\"}],\"inLanguage\":\"de-DE\"},{\"@type\":\"Organization\",\"@id\":\"https:\/\/hermanders.se\/#organization\",\"name\":\"Hermanders\",\"url\":\"https:\/\/hermanders.se\/\",\"logo\":{\"@type\":\"ImageObject\",\"inLanguage\":\"de-DE\",\"@id\":\"https:\/\/hermanders.se\/#\/schema\/logo\/image\/\",\"url\":\"https:\/\/storage.googleapis.com\/hermanders-se\/uploads\/2015\/11\/hermanders-logga.jpg\",\"contentUrl\":\"https:\/\/storage.googleapis.com\/hermanders-se\/uploads\/2015\/11\/hermanders-logga.jpg\",\"width\":800,\"height\":419,\"caption\":\"Hermanders\"},\"image\":{\"@id\":\"https:\/\/hermanders.se\/#\/schema\/logo\/image\/\"}}]}<\/script>\n<!-- \/ Yoast SEO plugin. -->","yoast_head_json":{"title":"Tiefenziehen - Hermanders","description":"Djupdragning passar f\u00f6r st\u00f6rre serier och\/eller detaljer med mer komplicerat form. Metoden kan \u00e4ven kombineras med trycksvarvning. V\u00e4lkommen till oss!","robots":{"index":"index","follow":"follow","max-snippet":"max-snippet:-1","max-image-preview":"max-image-preview:large","max-video-preview":"max-video-preview:-1"},"canonical":"https:\/\/hermanders.se\/de\/tiefenziehen\/","og_locale":"de_DE","og_type":"article","og_title":"Tiefenziehen - Hermanders","og_description":"Djupdragning passar f\u00f6r st\u00f6rre serier och\/eller detaljer med mer komplicerat form. Metoden kan \u00e4ven kombineras med trycksvarvning. V\u00e4lkommen till oss!","og_url":"https:\/\/hermanders.se\/de\/tiefenziehen\/","og_site_name":"Hermanders","article_modified_time":"2019-11-04T15:04:41+00:00","og_image":[{"url":"https:\/\/storage.googleapis.com\/hermanders-se\/uploads\/2015\/10\/djupdrag-prod-815-150x150.jpg"}],"twitter_card":"summary_large_image","twitter_misc":{"Est. reading time":"1 minute"},"schema":{"@context":"https:\/\/schema.org","@graph":[{"@type":"WebPage","@id":"https:\/\/hermanders.se\/de\/tiefenziehen\/","url":"https:\/\/hermanders.se\/de\/tiefenziehen\/","name":"Tiefenziehen - Hermanders","isPartOf":{"@id":"https:\/\/hermanders.se\/#website"},"datePublished":"2015-10-13T09:13:12+00:00","dateModified":"2019-11-04T15:04:41+00:00","description":"Djupdragning passar f\u00f6r st\u00f6rre serier och\/eller detaljer med mer komplicerat form. Metoden kan \u00e4ven kombineras med trycksvarvning. V\u00e4lkommen till oss!","breadcrumb":{"@id":"https:\/\/hermanders.se\/de\/tiefenziehen\/#breadcrumb"},"inLanguage":"de-DE","potentialAction":[{"@type":"ReadAction","target":["https:\/\/hermanders.se\/de\/tiefenziehen\/"]}]},{"@type":"BreadcrumbList","@id":"https:\/\/hermanders.se\/de\/tiefenziehen\/#breadcrumb","itemListElement":[{"@type":"ListItem","position":1,"name":"Hem","item":"https:\/\/hermanders.se\/de\/"},{"@type":"ListItem","position":2,"name":"Tiefenziehen"}]},{"@type":"WebSite","@id":"https:\/\/hermanders.se\/#website","url":"https:\/\/hermanders.se\/","name":"Hermanders","description":"Avancerad pl\u00e5tformning","publisher":{"@id":"https:\/\/hermanders.se\/#organization"},"potentialAction":[{"@type":"SearchAction","target":{"@type":"EntryPoint","urlTemplate":"https:\/\/hermanders.se\/?s={search_term_string}"},"query-input":"required name=search_term_string"}],"inLanguage":"de-DE"},{"@type":"Organization","@id":"https:\/\/hermanders.se\/#organization","name":"Hermanders","url":"https:\/\/hermanders.se\/","logo":{"@type":"ImageObject","inLanguage":"de-DE","@id":"https:\/\/hermanders.se\/#\/schema\/logo\/image\/","url":"https:\/\/storage.googleapis.com\/hermanders-se\/uploads\/2015\/11\/hermanders-logga.jpg","contentUrl":"https:\/\/storage.googleapis.com\/hermanders-se\/uploads\/2015\/11\/hermanders-logga.jpg","width":800,"height":419,"caption":"Hermanders"},"image":{"@id":"https:\/\/hermanders.se\/#\/schema\/logo\/image\/"}}]}},"_links":{"self":[{"href":"https:\/\/hermanders.se\/de\/wp-json\/wp\/v2\/pages\/2002"}],"collection":[{"href":"https:\/\/hermanders.se\/de\/wp-json\/wp\/v2\/pages"}],"about":[{"href":"https:\/\/hermanders.se\/de\/wp-json\/wp\/v2\/types\/page"}],"author":[{"embeddable":true,"href":"https:\/\/hermanders.se\/de\/wp-json\/wp\/v2\/users\/3"}],"replies":[{"embeddable":true,"href":"https:\/\/hermanders.se\/de\/wp-json\/wp\/v2\/comments?post=2002"}],"version-history":[{"count":4,"href":"https:\/\/hermanders.se\/de\/wp-json\/wp\/v2\/pages\/2002\/revisions"}],"predecessor-version":[{"id":2013,"href":"https:\/\/hermanders.se\/de\/wp-json\/wp\/v2\/pages\/2002\/revisions\/2013"}],"wp:attachment":[{"href":"https:\/\/hermanders.se\/de\/wp-json\/wp\/v2\/media?parent=2002"}],"curies":[{"name":"wp","href":"https:\/\/api.w.org\/{rel}","templated":true}]}}