{"id":1980,"date":"2015-10-01T14:53:30","date_gmt":"2015-10-01T12:53:30","guid":{"rendered":"https:\/\/hermanders.se\/start\/"},"modified":"2022-03-07T13:24:57","modified_gmt":"2022-03-07T12:24:57","slug":"start","status":"publish","type":"page","link":"https:\/\/hermanders.se\/de\/","title":{"rendered":"Start"},"content":{"rendered":"<h1 class=\"h2\"> Hermanders ist ein modernes Unternehmen auf dem Fundament von gediegenem Hantwerksk\u00f6nnen.<\/h1>\n<p class=\"lead\"> Seit dem Start 1952 ist das Druckspinnen der Kern unseres Unternehmens. Das Druckspinnen ist weiterentwickelt worden und unser Maschinenpark ist heute topmodern. Die Produktionsmethoden erfordert dennoch das fundierte Fachwissen und das Gef\u00fchl f\u00fcr das Material, das wir in unserem Unternehmen \u00fcber die Jahre hinweg erworben haben. <\/p>\n<p class=\"lead\"> Mit offensiver Personalpolitik und einem internen Fortbildungsprogramm verbunden mit der tief verwurzelten Tradition und dem Berufsstolz, der unser geographisches Umfeld pr\u00e4gt, haben wir in unserem Unternehmen unser absolut wichtigstes Kapital verwalten k\u00f6nnen \u2013 unser Personal. <\/p>\n","protected":false},"excerpt":{"rendered":"<p>Hermanders ist ein modernes Unternehmen auf dem Fundament von gediegenem Hantwerksk\u00f6nnen. Seit dem Start 1952 ist das Druckspinnen der Kern unseres Unternehmens. Das Druckspinnen ist weiterentwickelt worden und unser Maschinenpark ist heute topmodern. Die Produktionsmethoden&#8230; <a href=\"https:\/\/hermanders.se\/de\/\">Read more<\/a><\/p>\n","protected":false},"author":2,"featured_media":0,"parent":0,"menu_order":0,"comment_status":"open","ping_status":"open","template":"","meta":{"footnotes":""},"class_list":["post-1980","page","type-page","status-publish","hentry"],"yoast_head":"<!-- This site is optimized with the Yoast SEO plugin v23.3 - https:\/\/yoast.com\/wordpress\/plugins\/seo\/ -->\n<title>Druckspinnen, Tiefenziehen &amp; avazierte Blecharbeiten \u2013 Hermanders<\/title>\n<meta name=\"description\" content=\"Wir sind f\u00fchrend im Bereich von Druckspinnen och qualifizierten Blecharbeiten. Willkommen zu uns als pers\u00f6nlichem Partner.\" \/>\n<meta name=\"robots\" content=\"index, follow, max-snippet:-1, max-image-preview:large, max-video-preview:-1\" \/>\n<link rel=\"canonical\" href=\"https:\/\/hermanders.se\/de\/\" \/>\n<meta property=\"og:locale\" content=\"de_DE\" \/>\n<meta property=\"og:type\" content=\"article\" \/>\n<meta property=\"og:title\" content=\"Druckspinnen, Tiefenziehen &amp; avazierte Blecharbeiten \u2013 Hermanders\" \/>\n<meta property=\"og:description\" content=\"Wir sind f\u00fchrend im Bereich von Druckspinnen och qualifizierten Blecharbeiten. Willkommen zu uns als pers\u00f6nlichem Partner.\" \/>\n<meta property=\"og:url\" content=\"https:\/\/hermanders.se\/de\/\" \/>\n<meta property=\"og:site_name\" content=\"Hermanders\" \/>\n<meta property=\"article:modified_time\" content=\"2022-03-07T12:24:57+00:00\" \/>\n<meta name=\"twitter:card\" content=\"summary_large_image\" \/>\n<script type=\"application\/ld+json\" class=\"yoast-schema-graph\">{\"@context\":\"https:\/\/schema.org\",\"@graph\":[{\"@type\":\"WebPage\",\"@id\":\"https:\/\/hermanders.se\/de\/\",\"url\":\"https:\/\/hermanders.se\/de\/\",\"name\":\"Druckspinnen, Tiefenziehen & avazierte Blecharbeiten \u2013 Hermanders\",\"isPartOf\":{\"@id\":\"https:\/\/hermanders.se\/#website\"},\"datePublished\":\"2015-10-01T12:53:30+00:00\",\"dateModified\":\"2022-03-07T12:24:57+00:00\",\"description\":\"Wir sind f\u00fchrend im Bereich von Druckspinnen och qualifizierten Blecharbeiten. Willkommen zu uns als pers\u00f6nlichem Partner.\",\"breadcrumb\":{\"@id\":\"https:\/\/hermanders.se\/de\/#breadcrumb\"},\"inLanguage\":\"de-DE\",\"potentialAction\":[{\"@type\":\"ReadAction\",\"target\":[\"https:\/\/hermanders.se\/de\/\"]}]},{\"@type\":\"BreadcrumbList\",\"@id\":\"https:\/\/hermanders.se\/de\/#breadcrumb\",\"itemListElement\":[{\"@type\":\"ListItem\",\"position\":1,\"name\":\"Hem\",\"item\":\"https:\/\/hermanders.se\/de\/\"},{\"@type\":\"ListItem\",\"position\":2,\"name\":\"Start\"}]},{\"@type\":\"WebSite\",\"@id\":\"https:\/\/hermanders.se\/#website\",\"url\":\"https:\/\/hermanders.se\/\",\"name\":\"Hermanders\",\"description\":\"Avancerad pl\u00e5tformning\",\"publisher\":{\"@id\":\"https:\/\/hermanders.se\/#organization\"},\"potentialAction\":[{\"@type\":\"SearchAction\",\"target\":{\"@type\":\"EntryPoint\",\"urlTemplate\":\"https:\/\/hermanders.se\/?s={search_term_string}\"},\"query-input\":\"required name=search_term_string\"}],\"inLanguage\":\"de-DE\"},{\"@type\":\"Organization\",\"@id\":\"https:\/\/hermanders.se\/#organization\",\"name\":\"Hermanders\",\"url\":\"https:\/\/hermanders.se\/\",\"logo\":{\"@type\":\"ImageObject\",\"inLanguage\":\"de-DE\",\"@id\":\"https:\/\/hermanders.se\/#\/schema\/logo\/image\/\",\"url\":\"https:\/\/storage.googleapis.com\/hermanders-se\/uploads\/2015\/11\/hermanders-logga.jpg\",\"contentUrl\":\"https:\/\/storage.googleapis.com\/hermanders-se\/uploads\/2015\/11\/hermanders-logga.jpg\",\"width\":800,\"height\":419,\"caption\":\"Hermanders\"},\"image\":{\"@id\":\"https:\/\/hermanders.se\/#\/schema\/logo\/image\/\"}}]}<\/script>\n<!-- \/ Yoast SEO plugin. -->","yoast_head_json":{"title":"Druckspinnen, Tiefenziehen & avazierte Blecharbeiten \u2013 Hermanders","description":"Wir sind f\u00fchrend im Bereich von Druckspinnen och qualifizierten Blecharbeiten. Willkommen zu uns als pers\u00f6nlichem Partner.","robots":{"index":"index","follow":"follow","max-snippet":"max-snippet:-1","max-image-preview":"max-image-preview:large","max-video-preview":"max-video-preview:-1"},"canonical":"https:\/\/hermanders.se\/de\/","og_locale":"de_DE","og_type":"article","og_title":"Druckspinnen, Tiefenziehen & avazierte Blecharbeiten \u2013 Hermanders","og_description":"Wir sind f\u00fchrend im Bereich von Druckspinnen och qualifizierten Blecharbeiten. Willkommen zu uns als pers\u00f6nlichem Partner.","og_url":"https:\/\/hermanders.se\/de\/","og_site_name":"Hermanders","article_modified_time":"2022-03-07T12:24:57+00:00","twitter_card":"summary_large_image","schema":{"@context":"https:\/\/schema.org","@graph":[{"@type":"WebPage","@id":"https:\/\/hermanders.se\/de\/","url":"https:\/\/hermanders.se\/de\/","name":"Druckspinnen, Tiefenziehen & avazierte Blecharbeiten \u2013 Hermanders","isPartOf":{"@id":"https:\/\/hermanders.se\/#website"},"datePublished":"2015-10-01T12:53:30+00:00","dateModified":"2022-03-07T12:24:57+00:00","description":"Wir sind f\u00fchrend im Bereich von Druckspinnen och qualifizierten Blecharbeiten. Willkommen zu uns als pers\u00f6nlichem Partner.","breadcrumb":{"@id":"https:\/\/hermanders.se\/de\/#breadcrumb"},"inLanguage":"de-DE","potentialAction":[{"@type":"ReadAction","target":["https:\/\/hermanders.se\/de\/"]}]},{"@type":"BreadcrumbList","@id":"https:\/\/hermanders.se\/de\/#breadcrumb","itemListElement":[{"@type":"ListItem","position":1,"name":"Hem","item":"https:\/\/hermanders.se\/de\/"},{"@type":"ListItem","position":2,"name":"Start"}]},{"@type":"WebSite","@id":"https:\/\/hermanders.se\/#website","url":"https:\/\/hermanders.se\/","name":"Hermanders","description":"Avancerad pl\u00e5tformning","publisher":{"@id":"https:\/\/hermanders.se\/#organization"},"potentialAction":[{"@type":"SearchAction","target":{"@type":"EntryPoint","urlTemplate":"https:\/\/hermanders.se\/?s={search_term_string}"},"query-input":"required name=search_term_string"}],"inLanguage":"de-DE"},{"@type":"Organization","@id":"https:\/\/hermanders.se\/#organization","name":"Hermanders","url":"https:\/\/hermanders.se\/","logo":{"@type":"ImageObject","inLanguage":"de-DE","@id":"https:\/\/hermanders.se\/#\/schema\/logo\/image\/","url":"https:\/\/storage.googleapis.com\/hermanders-se\/uploads\/2015\/11\/hermanders-logga.jpg","contentUrl":"https:\/\/storage.googleapis.com\/hermanders-se\/uploads\/2015\/11\/hermanders-logga.jpg","width":800,"height":419,"caption":"Hermanders"},"image":{"@id":"https:\/\/hermanders.se\/#\/schema\/logo\/image\/"}}]}},"_links":{"self":[{"href":"https:\/\/hermanders.se\/de\/wp-json\/wp\/v2\/pages\/1980"}],"collection":[{"href":"https:\/\/hermanders.se\/de\/wp-json\/wp\/v2\/pages"}],"about":[{"href":"https:\/\/hermanders.se\/de\/wp-json\/wp\/v2\/types\/page"}],"author":[{"embeddable":true,"href":"https:\/\/hermanders.se\/de\/wp-json\/wp\/v2\/users\/2"}],"replies":[{"embeddable":true,"href":"https:\/\/hermanders.se\/de\/wp-json\/wp\/v2\/comments?post=1980"}],"version-history":[{"count":5,"href":"https:\/\/hermanders.se\/de\/wp-json\/wp\/v2\/pages\/1980\/revisions"}],"predecessor-version":[{"id":2237,"href":"https:\/\/hermanders.se\/de\/wp-json\/wp\/v2\/pages\/1980\/revisions\/2237"}],"wp:attachment":[{"href":"https:\/\/hermanders.se\/de\/wp-json\/wp\/v2\/media?parent=1980"}],"curies":[{"name":"wp","href":"https:\/\/api.w.org\/{rel}","templated":true}]}}