{"id":1973,"date":"2015-10-13T11:17:41","date_gmt":"2015-10-13T09:17:41","guid":{"rendered":"https:\/\/hermanders.se\/radgivning\/"},"modified":"2019-11-07T14:54:55","modified_gmt":"2019-11-07T13:54:55","slug":"beratung","status":"publish","type":"page","link":"https:\/\/hermanders.se\/de\/beratung\/","title":{"rendered":"Beratung"},"content":{"rendered":"<h1>Unsere Beratung im Bereich Konstruktion und Produktion ist von unseren Kunden sehre gesch\u00e4tzt.<\/h1>\n<p class=\"lead\">Bei Hermanders glauben wir an eine nahe Zusammenarbeit mit unseren Kunden. Bei der Produktentwickling haben wir schon fr\u00fch im Prozess viel beizutragen. Mit unserem Wissen \u00fcber Produktion und Material k\u00f6nnen Sie als kunde viel Zeit und Geld sparen.<\/p>\n<p>F\u00fcr uns bedeutet Konstruktionsberatung, dass wir zusammen mit dem Kunden L\u00f6sungen finden, die die Produktion so rationell wie m\u00f6glich macht. Wie alle Produktionsmetheoden haben auch Druckspinnen und Tiefenziehen ihre Grenzen. Dank unserer langen Erfahrung k\u00f6nnen wir diese in Betracht ziehen und \u00c4nderungen in der Konstruktion oder bei der Wahl des Materiales vorschlagen, was f\u00fcr die Produktionskosten des Details einen sehr gro\u00dfen Unterschied bedeuten kann.<\/p>\n","protected":false},"excerpt":{"rendered":"<p>Unsere Beratung im Bereich Konstruktion und Produktion ist von unseren Kunden sehre gesch\u00e4tzt. Bei Hermanders glauben wir an eine nahe Zusammenarbeit mit unseren Kunden. Bei der Produktentwickling haben wir schon fr\u00fch im Prozess viel beizutragen.&#8230; <a href=\"https:\/\/hermanders.se\/de\/beratung\/\">Read more<\/a><\/p>\n","protected":false},"author":3,"featured_media":0,"parent":0,"menu_order":0,"comment_status":"closed","ping_status":"closed","template":"","meta":{"footnotes":""},"class_list":["post-1973","page","type-page","status-publish","hentry"],"yoast_head":"<!-- This site is optimized with the Yoast SEO plugin v23.3 - https:\/\/yoast.com\/wordpress\/plugins\/seo\/ -->\n<title>Beratung - Hermanders<\/title>\n<meta name=\"description\" content=\"Vi p\u00e5 Hermanders tror p\u00e5 n\u00e4ra samarbete med v\u00e5r kunder. V\u00e5r r\u00e5dgivning kring konstruktion och produktion \u00e4r mycket uppskattat av v\u00e5ra kunder.\" \/>\n<meta name=\"robots\" content=\"index, follow, max-snippet:-1, max-image-preview:large, max-video-preview:-1\" \/>\n<link rel=\"canonical\" href=\"https:\/\/hermanders.se\/de\/beratung\/\" \/>\n<meta property=\"og:locale\" content=\"de_DE\" \/>\n<meta property=\"og:type\" content=\"article\" \/>\n<meta property=\"og:title\" content=\"Beratung - Hermanders\" \/>\n<meta property=\"og:description\" content=\"Vi p\u00e5 Hermanders tror p\u00e5 n\u00e4ra samarbete med v\u00e5r kunder. V\u00e5r r\u00e5dgivning kring konstruktion och produktion \u00e4r mycket uppskattat av v\u00e5ra kunder.\" \/>\n<meta property=\"og:url\" content=\"https:\/\/hermanders.se\/de\/beratung\/\" \/>\n<meta property=\"og:site_name\" content=\"Hermanders\" \/>\n<meta property=\"article:modified_time\" content=\"2019-11-07T13:54:55+00:00\" \/>\n<meta name=\"twitter:card\" content=\"summary_large_image\" \/>\n<meta name=\"twitter:label1\" content=\"Est. reading time\" \/>\n\t<meta name=\"twitter:data1\" content=\"1 minute\" \/>\n<script type=\"application\/ld+json\" class=\"yoast-schema-graph\">{\"@context\":\"https:\/\/schema.org\",\"@graph\":[{\"@type\":\"WebPage\",\"@id\":\"https:\/\/hermanders.se\/de\/beratung\/\",\"url\":\"https:\/\/hermanders.se\/de\/beratung\/\",\"name\":\"Beratung - Hermanders\",\"isPartOf\":{\"@id\":\"https:\/\/hermanders.se\/#website\"},\"datePublished\":\"2015-10-13T09:17:41+00:00\",\"dateModified\":\"2019-11-07T13:54:55+00:00\",\"description\":\"Vi p\u00e5 Hermanders tror p\u00e5 n\u00e4ra samarbete med v\u00e5r kunder. V\u00e5r r\u00e5dgivning kring konstruktion och produktion \u00e4r mycket uppskattat av v\u00e5ra kunder.\",\"breadcrumb\":{\"@id\":\"https:\/\/hermanders.se\/de\/beratung\/#breadcrumb\"},\"inLanguage\":\"de-DE\",\"potentialAction\":[{\"@type\":\"ReadAction\",\"target\":[\"https:\/\/hermanders.se\/de\/beratung\/\"]}]},{\"@type\":\"BreadcrumbList\",\"@id\":\"https:\/\/hermanders.se\/de\/beratung\/#breadcrumb\",\"itemListElement\":[{\"@type\":\"ListItem\",\"position\":1,\"name\":\"Hem\",\"item\":\"https:\/\/hermanders.se\/de\/\"},{\"@type\":\"ListItem\",\"position\":2,\"name\":\"Beratung\"}]},{\"@type\":\"WebSite\",\"@id\":\"https:\/\/hermanders.se\/#website\",\"url\":\"https:\/\/hermanders.se\/\",\"name\":\"Hermanders\",\"description\":\"Avancerad pl\u00e5tformning\",\"publisher\":{\"@id\":\"https:\/\/hermanders.se\/#organization\"},\"potentialAction\":[{\"@type\":\"SearchAction\",\"target\":{\"@type\":\"EntryPoint\",\"urlTemplate\":\"https:\/\/hermanders.se\/?s={search_term_string}\"},\"query-input\":\"required name=search_term_string\"}],\"inLanguage\":\"de-DE\"},{\"@type\":\"Organization\",\"@id\":\"https:\/\/hermanders.se\/#organization\",\"name\":\"Hermanders\",\"url\":\"https:\/\/hermanders.se\/\",\"logo\":{\"@type\":\"ImageObject\",\"inLanguage\":\"de-DE\",\"@id\":\"https:\/\/hermanders.se\/#\/schema\/logo\/image\/\",\"url\":\"https:\/\/storage.googleapis.com\/hermanders-se\/uploads\/2015\/11\/hermanders-logga.jpg\",\"contentUrl\":\"https:\/\/storage.googleapis.com\/hermanders-se\/uploads\/2015\/11\/hermanders-logga.jpg\",\"width\":800,\"height\":419,\"caption\":\"Hermanders\"},\"image\":{\"@id\":\"https:\/\/hermanders.se\/#\/schema\/logo\/image\/\"}}]}<\/script>\n<!-- \/ Yoast SEO plugin. -->","yoast_head_json":{"title":"Beratung - Hermanders","description":"Vi p\u00e5 Hermanders tror p\u00e5 n\u00e4ra samarbete med v\u00e5r kunder. V\u00e5r r\u00e5dgivning kring konstruktion och produktion \u00e4r mycket uppskattat av v\u00e5ra kunder.","robots":{"index":"index","follow":"follow","max-snippet":"max-snippet:-1","max-image-preview":"max-image-preview:large","max-video-preview":"max-video-preview:-1"},"canonical":"https:\/\/hermanders.se\/de\/beratung\/","og_locale":"de_DE","og_type":"article","og_title":"Beratung - Hermanders","og_description":"Vi p\u00e5 Hermanders tror p\u00e5 n\u00e4ra samarbete med v\u00e5r kunder. V\u00e5r r\u00e5dgivning kring konstruktion och produktion \u00e4r mycket uppskattat av v\u00e5ra kunder.","og_url":"https:\/\/hermanders.se\/de\/beratung\/","og_site_name":"Hermanders","article_modified_time":"2019-11-07T13:54:55+00:00","twitter_card":"summary_large_image","twitter_misc":{"Est. reading time":"1 minute"},"schema":{"@context":"https:\/\/schema.org","@graph":[{"@type":"WebPage","@id":"https:\/\/hermanders.se\/de\/beratung\/","url":"https:\/\/hermanders.se\/de\/beratung\/","name":"Beratung - Hermanders","isPartOf":{"@id":"https:\/\/hermanders.se\/#website"},"datePublished":"2015-10-13T09:17:41+00:00","dateModified":"2019-11-07T13:54:55+00:00","description":"Vi p\u00e5 Hermanders tror p\u00e5 n\u00e4ra samarbete med v\u00e5r kunder. V\u00e5r r\u00e5dgivning kring konstruktion och produktion \u00e4r mycket uppskattat av v\u00e5ra kunder.","breadcrumb":{"@id":"https:\/\/hermanders.se\/de\/beratung\/#breadcrumb"},"inLanguage":"de-DE","potentialAction":[{"@type":"ReadAction","target":["https:\/\/hermanders.se\/de\/beratung\/"]}]},{"@type":"BreadcrumbList","@id":"https:\/\/hermanders.se\/de\/beratung\/#breadcrumb","itemListElement":[{"@type":"ListItem","position":1,"name":"Hem","item":"https:\/\/hermanders.se\/de\/"},{"@type":"ListItem","position":2,"name":"Beratung"}]},{"@type":"WebSite","@id":"https:\/\/hermanders.se\/#website","url":"https:\/\/hermanders.se\/","name":"Hermanders","description":"Avancerad pl\u00e5tformning","publisher":{"@id":"https:\/\/hermanders.se\/#organization"},"potentialAction":[{"@type":"SearchAction","target":{"@type":"EntryPoint","urlTemplate":"https:\/\/hermanders.se\/?s={search_term_string}"},"query-input":"required name=search_term_string"}],"inLanguage":"de-DE"},{"@type":"Organization","@id":"https:\/\/hermanders.se\/#organization","name":"Hermanders","url":"https:\/\/hermanders.se\/","logo":{"@type":"ImageObject","inLanguage":"de-DE","@id":"https:\/\/hermanders.se\/#\/schema\/logo\/image\/","url":"https:\/\/storage.googleapis.com\/hermanders-se\/uploads\/2015\/11\/hermanders-logga.jpg","contentUrl":"https:\/\/storage.googleapis.com\/hermanders-se\/uploads\/2015\/11\/hermanders-logga.jpg","width":800,"height":419,"caption":"Hermanders"},"image":{"@id":"https:\/\/hermanders.se\/#\/schema\/logo\/image\/"}}]}},"_links":{"self":[{"href":"https:\/\/hermanders.se\/de\/wp-json\/wp\/v2\/pages\/1973"}],"collection":[{"href":"https:\/\/hermanders.se\/de\/wp-json\/wp\/v2\/pages"}],"about":[{"href":"https:\/\/hermanders.se\/de\/wp-json\/wp\/v2\/types\/page"}],"author":[{"embeddable":true,"href":"https:\/\/hermanders.se\/de\/wp-json\/wp\/v2\/users\/3"}],"replies":[{"embeddable":true,"href":"https:\/\/hermanders.se\/de\/wp-json\/wp\/v2\/comments?post=1973"}],"version-history":[{"count":5,"href":"https:\/\/hermanders.se\/de\/wp-json\/wp\/v2\/pages\/1973\/revisions"}],"predecessor-version":[{"id":2072,"href":"https:\/\/hermanders.se\/de\/wp-json\/wp\/v2\/pages\/1973\/revisions\/2072"}],"wp:attachment":[{"href":"https:\/\/hermanders.se\/de\/wp-json\/wp\/v2\/media?parent=1973"}],"curies":[{"name":"wp","href":"https:\/\/api.w.org\/{rel}","templated":true}]}}