{"id":1968,"date":"2015-10-13T11:17:01","date_gmt":"2015-10-13T09:17:01","guid":{"rendered":"https:\/\/hermanders.se\/showroom\/"},"modified":"2019-11-01T08:35:59","modified_gmt":"2019-11-01T07:35:59","slug":"showroom","status":"publish","type":"page","link":"https:\/\/hermanders.se\/de\/showroom\/","title":{"rendered":"Showroom"},"content":{"rendered":"<h1> Willkommen in unserer Ausstellung in T\u00f6reboda<\/h1>\n<p class=\"lead\"> In T\u00f6reboda haben wir eine Ausstellung mit einer gro\u00dfen Anzahl von Details, die die verschiedenen M\u00f6glichkeiten mit Druckspinnen und Tiefenziehen anschaulich zeigen. Unsere Sammlung streckt sich \u00fcber einen weiten Zeitraum und enth\u00e4lt Details aus eigener Produktion, die wir dazu benutzen, um Kunden, Partner und Angestellte zu inspirieren und auszubilden.<\/p>\n<h3> Praxisorientierte L\u00f6ungen <\/h3>\n<p>Eine der wichtigsten Funktionen der Ausstellung ist zu zeigen, wie wir verschiedene technische Herausforderungen gel\u00f6st haben. Wir sind gern schon fr\u00fch im Entwicklungsprozess dabei und bieten qualifizierte Beratung im Bereich Konstruktion an. Das bedeutet, dass wir zusammen mit dem Kunden die Form des Details optimieren, so dass es sowohl die richtigen Eigenschaften bekommt und die Herstellung rationell erfolgt. Dass man in unserem Showroom die Details \u201ebef\u00fchlen und beklemmen\u201c wird besonders gesch\u00e4tzt.<\/p>\n<div id=\"gallery-1\" class=\"gallery lgljl-gallery galleryid-1968 gallery-columns-2 gallery-size-large gallery-link-file\"><figure class=\"gallery-item\"><div class=\"gallery-icon\"><a href=\"https:\/\/storage.googleapis.com\/hermanders-se\/uploads\/2015\/10\/showroom980-1024x683.jpg\" title=\"\" data-desc=\"\" class=\"gallery-item-1 lgljl-gallery-item\"><img loading=\"lazy\" decoding=\"async\" width=\"775\" height=\"517\" src=\"https:\/\/storage.googleapis.com\/hermanders-se\/uploads\/2015\/10\/showroom980-1024x683.jpg\" class=\"attachment-large size-large\" alt=\"Produkter i Showroom p\u00e5 Hermanders\" srcset=\"https:\/\/storage.googleapis.com\/hermanders-se\/uploads\/2015\/10\/showroom980-1024x683.jpg 1024w, https:\/\/storage.googleapis.com\/hermanders-se\/uploads\/2015\/10\/showroom980-300x200.jpg 300w, https:\/\/storage.googleapis.com\/hermanders-se\/uploads\/2015\/10\/showroom980-800x533.jpg 800w\" sizes=\"(max-width: 775px) 100vw, 775px\" \/><\/a><\/div><\/figure><figure class=\"gallery-item\"><div class=\"gallery-icon\"><a href=\"https:\/\/storage.googleapis.com\/hermanders-se\/uploads\/2015\/11\/showroom972-2-1024x683.jpg\" title=\"\" data-desc=\"\" class=\"gallery-item-1 lgljl-gallery-item\"><img loading=\"lazy\" decoding=\"async\" width=\"775\" height=\"517\" src=\"https:\/\/storage.googleapis.com\/hermanders-se\/uploads\/2015\/11\/showroom972-2-1024x683.jpg\" class=\"attachment-large size-large\" alt=\"Produkter i Showroom p\u00e5 Hermanders\" srcset=\"https:\/\/storage.googleapis.com\/hermanders-se\/uploads\/2015\/11\/showroom972-2-1024x683.jpg 1024w, https:\/\/storage.googleapis.com\/hermanders-se\/uploads\/2015\/11\/showroom972-2-300x200.jpg 300w, https:\/\/storage.googleapis.com\/hermanders-se\/uploads\/2015\/11\/showroom972-2-800x533.jpg 800w\" sizes=\"(max-width: 775px) 100vw, 775px\" \/><\/a><\/div><\/figure><br style=\"clear: both\"><br style=\"clear: both;\"><\/div>\n","protected":false},"excerpt":{"rendered":"<p>Willkommen in unserer Ausstellung in T\u00f6reboda In T\u00f6reboda haben wir eine Ausstellung mit einer gro\u00dfen Anzahl von Details, die die verschiedenen M\u00f6glichkeiten mit Druckspinnen und Tiefenziehen anschaulich zeigen. Unsere Sammlung streckt sich \u00fcber einen weiten&#8230; <a href=\"https:\/\/hermanders.se\/de\/showroom\/\">Read more<\/a><\/p>\n","protected":false},"author":3,"featured_media":0,"parent":0,"menu_order":0,"comment_status":"closed","ping_status":"closed","template":"","meta":{"footnotes":""},"class_list":["post-1968","page","type-page","status-publish","hentry"],"yoast_head":"<!-- This site is optimized with the Yoast SEO plugin v23.3 - https:\/\/yoast.com\/wordpress\/plugins\/seo\/ -->\n<title>Showroom - Hermanders<\/title>\n<meta name=\"description\" content=\"I T\u00f6reboda har vi en utst\u00e4llning med ett stort antal detaljer som visar p\u00e5 m\u00f6jligheterna med trycksvarvning och djupdragning. V\u00e4lkommen p\u00e5 ett bes\u00f6k!\" \/>\n<meta name=\"robots\" content=\"index, follow, max-snippet:-1, max-image-preview:large, max-video-preview:-1\" \/>\n<link rel=\"canonical\" href=\"https:\/\/hermanders.se\/de\/showroom\/\" \/>\n<meta property=\"og:locale\" content=\"de_DE\" \/>\n<meta property=\"og:type\" content=\"article\" \/>\n<meta property=\"og:title\" content=\"Showroom - Hermanders\" \/>\n<meta property=\"og:description\" content=\"I T\u00f6reboda har vi en utst\u00e4llning med ett stort antal detaljer som visar p\u00e5 m\u00f6jligheterna med trycksvarvning och djupdragning. V\u00e4lkommen p\u00e5 ett bes\u00f6k!\" \/>\n<meta property=\"og:url\" content=\"https:\/\/hermanders.se\/de\/showroom\/\" \/>\n<meta property=\"og:site_name\" content=\"Hermanders\" \/>\n<meta property=\"article:modified_time\" content=\"2019-11-01T07:35:59+00:00\" \/>\n<meta property=\"og:image\" content=\"https:\/\/storage.googleapis.com\/hermanders-se\/uploads\/2015\/10\/showroom980-1024x683.jpg\" \/>\n<meta name=\"twitter:card\" content=\"summary_large_image\" \/>\n<meta name=\"twitter:label1\" content=\"Est. reading time\" \/>\n\t<meta name=\"twitter:data1\" content=\"1 minute\" \/>\n<script type=\"application\/ld+json\" class=\"yoast-schema-graph\">{\"@context\":\"https:\/\/schema.org\",\"@graph\":[{\"@type\":\"WebPage\",\"@id\":\"https:\/\/hermanders.se\/de\/showroom\/\",\"url\":\"https:\/\/hermanders.se\/de\/showroom\/\",\"name\":\"Showroom - Hermanders\",\"isPartOf\":{\"@id\":\"https:\/\/hermanders.se\/#website\"},\"datePublished\":\"2015-10-13T09:17:01+00:00\",\"dateModified\":\"2019-11-01T07:35:59+00:00\",\"description\":\"I T\u00f6reboda har vi en utst\u00e4llning med ett stort antal detaljer som visar p\u00e5 m\u00f6jligheterna med trycksvarvning och djupdragning. V\u00e4lkommen p\u00e5 ett bes\u00f6k!\",\"breadcrumb\":{\"@id\":\"https:\/\/hermanders.se\/de\/showroom\/#breadcrumb\"},\"inLanguage\":\"de-DE\",\"potentialAction\":[{\"@type\":\"ReadAction\",\"target\":[\"https:\/\/hermanders.se\/de\/showroom\/\"]}]},{\"@type\":\"BreadcrumbList\",\"@id\":\"https:\/\/hermanders.se\/de\/showroom\/#breadcrumb\",\"itemListElement\":[{\"@type\":\"ListItem\",\"position\":1,\"name\":\"Hem\",\"item\":\"https:\/\/hermanders.se\/de\/\"},{\"@type\":\"ListItem\",\"position\":2,\"name\":\"Showroom\"}]},{\"@type\":\"WebSite\",\"@id\":\"https:\/\/hermanders.se\/#website\",\"url\":\"https:\/\/hermanders.se\/\",\"name\":\"Hermanders\",\"description\":\"Avancerad pl\u00e5tformning\",\"publisher\":{\"@id\":\"https:\/\/hermanders.se\/#organization\"},\"potentialAction\":[{\"@type\":\"SearchAction\",\"target\":{\"@type\":\"EntryPoint\",\"urlTemplate\":\"https:\/\/hermanders.se\/?s={search_term_string}\"},\"query-input\":\"required name=search_term_string\"}],\"inLanguage\":\"de-DE\"},{\"@type\":\"Organization\",\"@id\":\"https:\/\/hermanders.se\/#organization\",\"name\":\"Hermanders\",\"url\":\"https:\/\/hermanders.se\/\",\"logo\":{\"@type\":\"ImageObject\",\"inLanguage\":\"de-DE\",\"@id\":\"https:\/\/hermanders.se\/#\/schema\/logo\/image\/\",\"url\":\"https:\/\/storage.googleapis.com\/hermanders-se\/uploads\/2015\/11\/hermanders-logga.jpg\",\"contentUrl\":\"https:\/\/storage.googleapis.com\/hermanders-se\/uploads\/2015\/11\/hermanders-logga.jpg\",\"width\":800,\"height\":419,\"caption\":\"Hermanders\"},\"image\":{\"@id\":\"https:\/\/hermanders.se\/#\/schema\/logo\/image\/\"}}]}<\/script>\n<!-- \/ Yoast SEO plugin. -->","yoast_head_json":{"title":"Showroom - Hermanders","description":"I T\u00f6reboda har vi en utst\u00e4llning med ett stort antal detaljer som visar p\u00e5 m\u00f6jligheterna med trycksvarvning och djupdragning. V\u00e4lkommen p\u00e5 ett bes\u00f6k!","robots":{"index":"index","follow":"follow","max-snippet":"max-snippet:-1","max-image-preview":"max-image-preview:large","max-video-preview":"max-video-preview:-1"},"canonical":"https:\/\/hermanders.se\/de\/showroom\/","og_locale":"de_DE","og_type":"article","og_title":"Showroom - Hermanders","og_description":"I T\u00f6reboda har vi en utst\u00e4llning med ett stort antal detaljer som visar p\u00e5 m\u00f6jligheterna med trycksvarvning och djupdragning. V\u00e4lkommen p\u00e5 ett bes\u00f6k!","og_url":"https:\/\/hermanders.se\/de\/showroom\/","og_site_name":"Hermanders","article_modified_time":"2019-11-01T07:35:59+00:00","og_image":[{"url":"https:\/\/storage.googleapis.com\/hermanders-se\/uploads\/2015\/10\/showroom980-1024x683.jpg"}],"twitter_card":"summary_large_image","twitter_misc":{"Est. reading time":"1 minute"},"schema":{"@context":"https:\/\/schema.org","@graph":[{"@type":"WebPage","@id":"https:\/\/hermanders.se\/de\/showroom\/","url":"https:\/\/hermanders.se\/de\/showroom\/","name":"Showroom - Hermanders","isPartOf":{"@id":"https:\/\/hermanders.se\/#website"},"datePublished":"2015-10-13T09:17:01+00:00","dateModified":"2019-11-01T07:35:59+00:00","description":"I T\u00f6reboda har vi en utst\u00e4llning med ett stort antal detaljer som visar p\u00e5 m\u00f6jligheterna med trycksvarvning och djupdragning. V\u00e4lkommen p\u00e5 ett bes\u00f6k!","breadcrumb":{"@id":"https:\/\/hermanders.se\/de\/showroom\/#breadcrumb"},"inLanguage":"de-DE","potentialAction":[{"@type":"ReadAction","target":["https:\/\/hermanders.se\/de\/showroom\/"]}]},{"@type":"BreadcrumbList","@id":"https:\/\/hermanders.se\/de\/showroom\/#breadcrumb","itemListElement":[{"@type":"ListItem","position":1,"name":"Hem","item":"https:\/\/hermanders.se\/de\/"},{"@type":"ListItem","position":2,"name":"Showroom"}]},{"@type":"WebSite","@id":"https:\/\/hermanders.se\/#website","url":"https:\/\/hermanders.se\/","name":"Hermanders","description":"Avancerad pl\u00e5tformning","publisher":{"@id":"https:\/\/hermanders.se\/#organization"},"potentialAction":[{"@type":"SearchAction","target":{"@type":"EntryPoint","urlTemplate":"https:\/\/hermanders.se\/?s={search_term_string}"},"query-input":"required name=search_term_string"}],"inLanguage":"de-DE"},{"@type":"Organization","@id":"https:\/\/hermanders.se\/#organization","name":"Hermanders","url":"https:\/\/hermanders.se\/","logo":{"@type":"ImageObject","inLanguage":"de-DE","@id":"https:\/\/hermanders.se\/#\/schema\/logo\/image\/","url":"https:\/\/storage.googleapis.com\/hermanders-se\/uploads\/2015\/11\/hermanders-logga.jpg","contentUrl":"https:\/\/storage.googleapis.com\/hermanders-se\/uploads\/2015\/11\/hermanders-logga.jpg","width":800,"height":419,"caption":"Hermanders"},"image":{"@id":"https:\/\/hermanders.se\/#\/schema\/logo\/image\/"}}]}},"_links":{"self":[{"href":"https:\/\/hermanders.se\/de\/wp-json\/wp\/v2\/pages\/1968"}],"collection":[{"href":"https:\/\/hermanders.se\/de\/wp-json\/wp\/v2\/pages"}],"about":[{"href":"https:\/\/hermanders.se\/de\/wp-json\/wp\/v2\/types\/page"}],"author":[{"embeddable":true,"href":"https:\/\/hermanders.se\/de\/wp-json\/wp\/v2\/users\/3"}],"replies":[{"embeddable":true,"href":"https:\/\/hermanders.se\/de\/wp-json\/wp\/v2\/comments?post=1968"}],"version-history":[{"count":3,"href":"https:\/\/hermanders.se\/de\/wp-json\/wp\/v2\/pages\/1968\/revisions"}],"predecessor-version":[{"id":1971,"href":"https:\/\/hermanders.se\/de\/wp-json\/wp\/v2\/pages\/1968\/revisions\/1971"}],"wp:attachment":[{"href":"https:\/\/hermanders.se\/de\/wp-json\/wp\/v2\/media?parent=1968"}],"curies":[{"name":"wp","href":"https:\/\/api.w.org\/{rel}","templated":true}]}}