{"id":1961,"date":"2015-10-13T11:16:31","date_gmt":"2015-10-13T09:16:31","guid":{"rendered":"https:\/\/hermanders.se\/vara-styrkor\/"},"modified":"2022-03-08T08:42:35","modified_gmt":"2022-03-08T07:42:35","slug":"unsere-starken","status":"publish","type":"page","link":"https:\/\/hermanders.se\/de\/unsere-starken\/","title":{"rendered":"Unsere St\u00e4rken"},"content":{"rendered":"<h2>Konstruktion<\/h2>\n<p class=\"lead\">Als Ihr Partner sichern wir eine effektive Produktion schon im Konstruktionsstadium. In Zusammenarbeit machen wir die notwendigen Erw\u00e4gungen, um das detail zu optimieren. Das Resultat wird ein Detail mit dem richtigen Eigenschaften und dem richtigen Preis under richtigen Qualit\u00e4t.\n<\/p>\n<h2>Produktion<\/h2>\n<p class=\"lead\"> Wir formen Ihre Details bis zu einer Dicke von 15 mm bis zu 1800 mm im Umfang. Mit einem topmodernen Maschinenpark und unserem erfahrenen Personal sind wir sehr gesch\u00e4tzt auf dem Markt.<\/p>\n<h2>Wirtshaft<\/h2>\n<p class=\"lead\"> Lange Erfahrung, g\u00fcnstige Werkzeuge und kurze Laufzeiten ergeben eine kosteneffektive Produktion. F\u00fcr Serien bis zu 10\u00a0000 Details sind wir sehr konkurrenzf\u00e4hig im Bereich Druckspinnen und bei gr\u00f6\u00dferen Volumen arbeiten wir mit Tiefziehen. F\u00fcr die Produktion gewisser Details werden beide Methoden kombiniert. <\/p>\n<h2 class=\"h1\" style=\"text-align: center;\"><span style=\"font-weight: 300;\"> Es gibt viele gute Gr\u00fcnde, Hermanders zu w\u00e4hlen.<\/span><br \/>\nHier sind einige davon.<\/h2>\n","protected":false},"excerpt":{"rendered":"<p>Konstruktion Als Ihr Partner sichern wir eine effektive Produktion schon im Konstruktionsstadium. In Zusammenarbeit machen wir die notwendigen Erw\u00e4gungen, um das detail zu optimieren. Das Resultat wird ein Detail mit dem richtigen Eigenschaften und dem&#8230; <a href=\"https:\/\/hermanders.se\/de\/unsere-starken\/\">Read more<\/a><\/p>\n","protected":false},"author":3,"featured_media":0,"parent":0,"menu_order":0,"comment_status":"closed","ping_status":"closed","template":"","meta":{"footnotes":""},"class_list":["post-1961","page","type-page","status-publish","hentry"],"yoast_head":"<!-- This site is optimized with the Yoast SEO plugin v23.3 - https:\/\/yoast.com\/wordpress\/plugins\/seo\/ -->\n<title>Unsere St\u00e4rken - Hermanders<\/title>\n<meta name=\"description\" content=\"Vi \u00e4r en personlig partner f\u00f6r anpassade l\u00f6sningar inom trycksvarvning, djupdragning och formning av pl\u00e5t. V\u00e4lkommen till oss!\" \/>\n<meta name=\"robots\" content=\"index, follow, max-snippet:-1, max-image-preview:large, max-video-preview:-1\" \/>\n<link rel=\"canonical\" href=\"https:\/\/hermanders.se\/de\/unsere-starken\/\" \/>\n<meta property=\"og:locale\" content=\"de_DE\" \/>\n<meta property=\"og:type\" content=\"article\" \/>\n<meta property=\"og:title\" content=\"Unsere St\u00e4rken - Hermanders\" \/>\n<meta property=\"og:description\" content=\"Vi \u00e4r en personlig partner f\u00f6r anpassade l\u00f6sningar inom trycksvarvning, djupdragning och formning av pl\u00e5t. V\u00e4lkommen till oss!\" \/>\n<meta property=\"og:url\" content=\"https:\/\/hermanders.se\/de\/unsere-starken\/\" \/>\n<meta property=\"og:site_name\" content=\"Hermanders\" \/>\n<meta property=\"article:modified_time\" content=\"2022-03-08T07:42:35+00:00\" \/>\n<meta name=\"twitter:card\" content=\"summary_large_image\" \/>\n<meta name=\"twitter:label1\" content=\"Est. reading time\" \/>\n\t<meta name=\"twitter:data1\" content=\"1 minute\" \/>\n<script type=\"application\/ld+json\" class=\"yoast-schema-graph\">{\"@context\":\"https:\/\/schema.org\",\"@graph\":[{\"@type\":\"WebPage\",\"@id\":\"https:\/\/hermanders.se\/de\/unsere-starken\/\",\"url\":\"https:\/\/hermanders.se\/de\/unsere-starken\/\",\"name\":\"Unsere St\u00e4rken - Hermanders\",\"isPartOf\":{\"@id\":\"https:\/\/hermanders.se\/#website\"},\"datePublished\":\"2015-10-13T09:16:31+00:00\",\"dateModified\":\"2022-03-08T07:42:35+00:00\",\"description\":\"Vi \u00e4r en personlig partner f\u00f6r anpassade l\u00f6sningar inom trycksvarvning, djupdragning och formning av pl\u00e5t. V\u00e4lkommen till oss!\",\"breadcrumb\":{\"@id\":\"https:\/\/hermanders.se\/de\/unsere-starken\/#breadcrumb\"},\"inLanguage\":\"de-DE\",\"potentialAction\":[{\"@type\":\"ReadAction\",\"target\":[\"https:\/\/hermanders.se\/de\/unsere-starken\/\"]}]},{\"@type\":\"BreadcrumbList\",\"@id\":\"https:\/\/hermanders.se\/de\/unsere-starken\/#breadcrumb\",\"itemListElement\":[{\"@type\":\"ListItem\",\"position\":1,\"name\":\"Hem\",\"item\":\"https:\/\/hermanders.se\/de\/\"},{\"@type\":\"ListItem\",\"position\":2,\"name\":\"Unsere St\u00e4rken\"}]},{\"@type\":\"WebSite\",\"@id\":\"https:\/\/hermanders.se\/#website\",\"url\":\"https:\/\/hermanders.se\/\",\"name\":\"Hermanders\",\"description\":\"Avancerad pl\u00e5tformning\",\"publisher\":{\"@id\":\"https:\/\/hermanders.se\/#organization\"},\"potentialAction\":[{\"@type\":\"SearchAction\",\"target\":{\"@type\":\"EntryPoint\",\"urlTemplate\":\"https:\/\/hermanders.se\/?s={search_term_string}\"},\"query-input\":\"required name=search_term_string\"}],\"inLanguage\":\"de-DE\"},{\"@type\":\"Organization\",\"@id\":\"https:\/\/hermanders.se\/#organization\",\"name\":\"Hermanders\",\"url\":\"https:\/\/hermanders.se\/\",\"logo\":{\"@type\":\"ImageObject\",\"inLanguage\":\"de-DE\",\"@id\":\"https:\/\/hermanders.se\/#\/schema\/logo\/image\/\",\"url\":\"https:\/\/storage.googleapis.com\/hermanders-se\/uploads\/2015\/11\/hermanders-logga.jpg\",\"contentUrl\":\"https:\/\/storage.googleapis.com\/hermanders-se\/uploads\/2015\/11\/hermanders-logga.jpg\",\"width\":800,\"height\":419,\"caption\":\"Hermanders\"},\"image\":{\"@id\":\"https:\/\/hermanders.se\/#\/schema\/logo\/image\/\"}}]}<\/script>\n<!-- \/ Yoast SEO plugin. -->","yoast_head_json":{"title":"Unsere St\u00e4rken - Hermanders","description":"Vi \u00e4r en personlig partner f\u00f6r anpassade l\u00f6sningar inom trycksvarvning, djupdragning och formning av pl\u00e5t. V\u00e4lkommen till oss!","robots":{"index":"index","follow":"follow","max-snippet":"max-snippet:-1","max-image-preview":"max-image-preview:large","max-video-preview":"max-video-preview:-1"},"canonical":"https:\/\/hermanders.se\/de\/unsere-starken\/","og_locale":"de_DE","og_type":"article","og_title":"Unsere St\u00e4rken - Hermanders","og_description":"Vi \u00e4r en personlig partner f\u00f6r anpassade l\u00f6sningar inom trycksvarvning, djupdragning och formning av pl\u00e5t. V\u00e4lkommen till oss!","og_url":"https:\/\/hermanders.se\/de\/unsere-starken\/","og_site_name":"Hermanders","article_modified_time":"2022-03-08T07:42:35+00:00","twitter_card":"summary_large_image","twitter_misc":{"Est. reading time":"1 minute"},"schema":{"@context":"https:\/\/schema.org","@graph":[{"@type":"WebPage","@id":"https:\/\/hermanders.se\/de\/unsere-starken\/","url":"https:\/\/hermanders.se\/de\/unsere-starken\/","name":"Unsere St\u00e4rken - Hermanders","isPartOf":{"@id":"https:\/\/hermanders.se\/#website"},"datePublished":"2015-10-13T09:16:31+00:00","dateModified":"2022-03-08T07:42:35+00:00","description":"Vi \u00e4r en personlig partner f\u00f6r anpassade l\u00f6sningar inom trycksvarvning, djupdragning och formning av pl\u00e5t. V\u00e4lkommen till oss!","breadcrumb":{"@id":"https:\/\/hermanders.se\/de\/unsere-starken\/#breadcrumb"},"inLanguage":"de-DE","potentialAction":[{"@type":"ReadAction","target":["https:\/\/hermanders.se\/de\/unsere-starken\/"]}]},{"@type":"BreadcrumbList","@id":"https:\/\/hermanders.se\/de\/unsere-starken\/#breadcrumb","itemListElement":[{"@type":"ListItem","position":1,"name":"Hem","item":"https:\/\/hermanders.se\/de\/"},{"@type":"ListItem","position":2,"name":"Unsere St\u00e4rken"}]},{"@type":"WebSite","@id":"https:\/\/hermanders.se\/#website","url":"https:\/\/hermanders.se\/","name":"Hermanders","description":"Avancerad pl\u00e5tformning","publisher":{"@id":"https:\/\/hermanders.se\/#organization"},"potentialAction":[{"@type":"SearchAction","target":{"@type":"EntryPoint","urlTemplate":"https:\/\/hermanders.se\/?s={search_term_string}"},"query-input":"required name=search_term_string"}],"inLanguage":"de-DE"},{"@type":"Organization","@id":"https:\/\/hermanders.se\/#organization","name":"Hermanders","url":"https:\/\/hermanders.se\/","logo":{"@type":"ImageObject","inLanguage":"de-DE","@id":"https:\/\/hermanders.se\/#\/schema\/logo\/image\/","url":"https:\/\/storage.googleapis.com\/hermanders-se\/uploads\/2015\/11\/hermanders-logga.jpg","contentUrl":"https:\/\/storage.googleapis.com\/hermanders-se\/uploads\/2015\/11\/hermanders-logga.jpg","width":800,"height":419,"caption":"Hermanders"},"image":{"@id":"https:\/\/hermanders.se\/#\/schema\/logo\/image\/"}}]}},"_links":{"self":[{"href":"https:\/\/hermanders.se\/de\/wp-json\/wp\/v2\/pages\/1961"}],"collection":[{"href":"https:\/\/hermanders.se\/de\/wp-json\/wp\/v2\/pages"}],"about":[{"href":"https:\/\/hermanders.se\/de\/wp-json\/wp\/v2\/types\/page"}],"author":[{"embeddable":true,"href":"https:\/\/hermanders.se\/de\/wp-json\/wp\/v2\/users\/3"}],"replies":[{"embeddable":true,"href":"https:\/\/hermanders.se\/de\/wp-json\/wp\/v2\/comments?post=1961"}],"version-history":[{"count":5,"href":"https:\/\/hermanders.se\/de\/wp-json\/wp\/v2\/pages\/1961\/revisions"}],"predecessor-version":[{"id":2313,"href":"https:\/\/hermanders.se\/de\/wp-json\/wp\/v2\/pages\/1961\/revisions\/2313"}],"wp:attachment":[{"href":"https:\/\/hermanders.se\/de\/wp-json\/wp\/v2\/media?parent=1961"}],"curies":[{"name":"wp","href":"https:\/\/api.w.org\/{rel}","templated":true}]}}