{"id":1896,"date":"2015-10-13T11:14:47","date_gmt":"2015-10-13T09:14:47","guid":{"rendered":"https:\/\/hermanders.se\/verktygslager\/"},"modified":"2019-11-01T08:41:23","modified_gmt":"2019-11-01T07:41:23","slug":"werkzeuglager","status":"publish","type":"page","link":"https:\/\/hermanders.se\/de\/werkzeuglager\/","title":{"rendered":"Werkzeuglager"},"content":{"rendered":"<h2 class=\"h1\"> Unser Werkzeuglager bietet unseren Kunden Vorteile<\/h2>\n<p class=\"lead\"> Eine von unseren Kunden sehr gesch\u00e4tzte Dienstleistung ist, dass wir die Werkzeuge, Matritzen und Formen in einem gro\u00dfen, gutsortierten Lager einlagern.<\/p>\n<p>Au\u00dfer den physischen Werkzeugen verwalten wir auch die produktionstechnische Erfahrung und die Programme f\u00fcr unsere gesteuerten Maschinen sowie \u00fcbrige Unterlagen und Zeichnungen.<br \/>\nOrdnung ist auch f\u00fcr uns ein wichtiger Teil unserer Partnerschaft mit unseren Kunden. Wir k\u00f6nnen daher ohne Verzug das richtige Setup f\u00fcr die Details, die wir wiederholt herstellen, unabh\u00e4ngig vom Intervall. Dies ist ein gro\u00dfer Wettbewerbsvorteil mit Auswirkungen auf die Wirtschaft im Ganzen, die Qualit\u00e4t und die Zuverl\u00e4ssigkeit der Produktion.<\/p>\n<div id=\"gallery-1\" class=\"gallery lgljl-gallery galleryid-1896 gallery-columns-2 gallery-size-large gallery-link-file\"><figure class=\"gallery-item\"><div class=\"gallery-icon\"><a href=\"https:\/\/storage.googleapis.com\/hermanders-se\/uploads\/2015\/10\/verktygslager724-1024x683.jpg\" title=\"\" data-desc=\"\" class=\"gallery-item-1 lgljl-gallery-item\"><img loading=\"lazy\" decoding=\"async\" width=\"775\" height=\"517\" src=\"https:\/\/storage.googleapis.com\/hermanders-se\/uploads\/2015\/10\/verktygslager724-1024x683.jpg\" class=\"attachment-large size-large\" alt=\"\" srcset=\"https:\/\/storage.googleapis.com\/hermanders-se\/uploads\/2015\/10\/verktygslager724-1024x683.jpg 1024w, https:\/\/storage.googleapis.com\/hermanders-se\/uploads\/2015\/10\/verktygslager724-300x200.jpg 300w, https:\/\/storage.googleapis.com\/hermanders-se\/uploads\/2015\/10\/verktygslager724-800x533.jpg 800w\" sizes=\"(max-width: 775px) 100vw, 775px\" \/><\/a><\/div><\/figure><figure class=\"gallery-item\"><div class=\"gallery-icon\"><a href=\"https:\/\/storage.googleapis.com\/hermanders-se\/uploads\/2015\/10\/verktygslager728-1024x683.jpg\" title=\"\" data-desc=\"\" class=\"gallery-item-1 lgljl-gallery-item\"><img loading=\"lazy\" decoding=\"async\" width=\"775\" height=\"517\" src=\"https:\/\/storage.googleapis.com\/hermanders-se\/uploads\/2015\/10\/verktygslager728-1024x683.jpg\" class=\"attachment-large size-large\" alt=\"\" srcset=\"https:\/\/storage.googleapis.com\/hermanders-se\/uploads\/2015\/10\/verktygslager728-1024x683.jpg 1024w, https:\/\/storage.googleapis.com\/hermanders-se\/uploads\/2015\/10\/verktygslager728-300x200.jpg 300w, https:\/\/storage.googleapis.com\/hermanders-se\/uploads\/2015\/10\/verktygslager728-800x533.jpg 800w\" sizes=\"(max-width: 775px) 100vw, 775px\" \/><\/a><\/div><\/figure><br style=\"clear: both\"><br style=\"clear: both;\"><\/div>\n","protected":false},"excerpt":{"rendered":"<p>Unser Werkzeuglager bietet unseren Kunden Vorteile Eine von unseren Kunden sehr gesch\u00e4tzte Dienstleistung ist, dass wir die Werkzeuge, Matritzen und Formen in einem gro\u00dfen, gutsortierten Lager einlagern. Au\u00dfer den physischen Werkzeugen verwalten wir auch die&#8230; <a href=\"https:\/\/hermanders.se\/de\/werkzeuglager\/\">Read more<\/a><\/p>\n","protected":false},"author":3,"featured_media":0,"parent":0,"menu_order":0,"comment_status":"closed","ping_status":"closed","template":"","meta":{"footnotes":""},"class_list":["post-1896","page","type-page","status-publish","hentry"],"yoast_head":"<!-- This site is optimized with the Yoast SEO plugin v23.3 - https:\/\/yoast.com\/wordpress\/plugins\/seo\/ -->\n<title>Werkzeuglager - Hermanders<\/title>\n<meta name=\"description\" content=\"En mycket uppskattad service \u00e4r att vi lagerh\u00e5ller v\u00e5ra kunders verktyg, matriser och formar i ett stort och v\u00e4lordnat verktygslager.\" \/>\n<meta name=\"robots\" content=\"index, follow, max-snippet:-1, max-image-preview:large, max-video-preview:-1\" \/>\n<link rel=\"canonical\" href=\"https:\/\/hermanders.se\/de\/werkzeuglager\/\" \/>\n<meta property=\"og:locale\" content=\"de_DE\" \/>\n<meta property=\"og:type\" content=\"article\" \/>\n<meta property=\"og:title\" content=\"Werkzeuglager - Hermanders\" \/>\n<meta property=\"og:description\" content=\"En mycket uppskattad service \u00e4r att vi lagerh\u00e5ller v\u00e5ra kunders verktyg, matriser och formar i ett stort och v\u00e4lordnat verktygslager.\" \/>\n<meta property=\"og:url\" content=\"https:\/\/hermanders.se\/de\/werkzeuglager\/\" \/>\n<meta property=\"og:site_name\" content=\"Hermanders\" \/>\n<meta property=\"article:modified_time\" content=\"2019-11-01T07:41:23+00:00\" \/>\n<meta property=\"og:image\" content=\"https:\/\/storage.googleapis.com\/hermanders-se\/uploads\/2015\/10\/verktygslager724-1024x683.jpg\" \/>\n<meta name=\"twitter:card\" content=\"summary_large_image\" \/>\n<meta name=\"twitter:label1\" content=\"Est. reading time\" \/>\n\t<meta name=\"twitter:data1\" content=\"1 minute\" \/>\n<script type=\"application\/ld+json\" class=\"yoast-schema-graph\">{\"@context\":\"https:\/\/schema.org\",\"@graph\":[{\"@type\":\"WebPage\",\"@id\":\"https:\/\/hermanders.se\/de\/werkzeuglager\/\",\"url\":\"https:\/\/hermanders.se\/de\/werkzeuglager\/\",\"name\":\"Werkzeuglager - Hermanders\",\"isPartOf\":{\"@id\":\"https:\/\/hermanders.se\/#website\"},\"datePublished\":\"2015-10-13T09:14:47+00:00\",\"dateModified\":\"2019-11-01T07:41:23+00:00\",\"description\":\"En mycket uppskattad service \u00e4r att vi lagerh\u00e5ller v\u00e5ra kunders verktyg, matriser och formar i ett stort och v\u00e4lordnat verktygslager.\",\"breadcrumb\":{\"@id\":\"https:\/\/hermanders.se\/de\/werkzeuglager\/#breadcrumb\"},\"inLanguage\":\"de-DE\",\"potentialAction\":[{\"@type\":\"ReadAction\",\"target\":[\"https:\/\/hermanders.se\/de\/werkzeuglager\/\"]}]},{\"@type\":\"BreadcrumbList\",\"@id\":\"https:\/\/hermanders.se\/de\/werkzeuglager\/#breadcrumb\",\"itemListElement\":[{\"@type\":\"ListItem\",\"position\":1,\"name\":\"Hem\",\"item\":\"https:\/\/hermanders.se\/de\/\"},{\"@type\":\"ListItem\",\"position\":2,\"name\":\"Werkzeuglager\"}]},{\"@type\":\"WebSite\",\"@id\":\"https:\/\/hermanders.se\/#website\",\"url\":\"https:\/\/hermanders.se\/\",\"name\":\"Hermanders\",\"description\":\"Avancerad pl\u00e5tformning\",\"publisher\":{\"@id\":\"https:\/\/hermanders.se\/#organization\"},\"potentialAction\":[{\"@type\":\"SearchAction\",\"target\":{\"@type\":\"EntryPoint\",\"urlTemplate\":\"https:\/\/hermanders.se\/?s={search_term_string}\"},\"query-input\":\"required name=search_term_string\"}],\"inLanguage\":\"de-DE\"},{\"@type\":\"Organization\",\"@id\":\"https:\/\/hermanders.se\/#organization\",\"name\":\"Hermanders\",\"url\":\"https:\/\/hermanders.se\/\",\"logo\":{\"@type\":\"ImageObject\",\"inLanguage\":\"de-DE\",\"@id\":\"https:\/\/hermanders.se\/#\/schema\/logo\/image\/\",\"url\":\"https:\/\/storage.googleapis.com\/hermanders-se\/uploads\/2015\/11\/hermanders-logga.jpg\",\"contentUrl\":\"https:\/\/storage.googleapis.com\/hermanders-se\/uploads\/2015\/11\/hermanders-logga.jpg\",\"width\":800,\"height\":419,\"caption\":\"Hermanders\"},\"image\":{\"@id\":\"https:\/\/hermanders.se\/#\/schema\/logo\/image\/\"}}]}<\/script>\n<!-- \/ Yoast SEO plugin. -->","yoast_head_json":{"title":"Werkzeuglager - Hermanders","description":"En mycket uppskattad service \u00e4r att vi lagerh\u00e5ller v\u00e5ra kunders verktyg, matriser och formar i ett stort och v\u00e4lordnat verktygslager.","robots":{"index":"index","follow":"follow","max-snippet":"max-snippet:-1","max-image-preview":"max-image-preview:large","max-video-preview":"max-video-preview:-1"},"canonical":"https:\/\/hermanders.se\/de\/werkzeuglager\/","og_locale":"de_DE","og_type":"article","og_title":"Werkzeuglager - Hermanders","og_description":"En mycket uppskattad service \u00e4r att vi lagerh\u00e5ller v\u00e5ra kunders verktyg, matriser och formar i ett stort och v\u00e4lordnat verktygslager.","og_url":"https:\/\/hermanders.se\/de\/werkzeuglager\/","og_site_name":"Hermanders","article_modified_time":"2019-11-01T07:41:23+00:00","og_image":[{"url":"https:\/\/storage.googleapis.com\/hermanders-se\/uploads\/2015\/10\/verktygslager724-1024x683.jpg"}],"twitter_card":"summary_large_image","twitter_misc":{"Est. reading time":"1 minute"},"schema":{"@context":"https:\/\/schema.org","@graph":[{"@type":"WebPage","@id":"https:\/\/hermanders.se\/de\/werkzeuglager\/","url":"https:\/\/hermanders.se\/de\/werkzeuglager\/","name":"Werkzeuglager - Hermanders","isPartOf":{"@id":"https:\/\/hermanders.se\/#website"},"datePublished":"2015-10-13T09:14:47+00:00","dateModified":"2019-11-01T07:41:23+00:00","description":"En mycket uppskattad service \u00e4r att vi lagerh\u00e5ller v\u00e5ra kunders verktyg, matriser och formar i ett stort och v\u00e4lordnat verktygslager.","breadcrumb":{"@id":"https:\/\/hermanders.se\/de\/werkzeuglager\/#breadcrumb"},"inLanguage":"de-DE","potentialAction":[{"@type":"ReadAction","target":["https:\/\/hermanders.se\/de\/werkzeuglager\/"]}]},{"@type":"BreadcrumbList","@id":"https:\/\/hermanders.se\/de\/werkzeuglager\/#breadcrumb","itemListElement":[{"@type":"ListItem","position":1,"name":"Hem","item":"https:\/\/hermanders.se\/de\/"},{"@type":"ListItem","position":2,"name":"Werkzeuglager"}]},{"@type":"WebSite","@id":"https:\/\/hermanders.se\/#website","url":"https:\/\/hermanders.se\/","name":"Hermanders","description":"Avancerad pl\u00e5tformning","publisher":{"@id":"https:\/\/hermanders.se\/#organization"},"potentialAction":[{"@type":"SearchAction","target":{"@type":"EntryPoint","urlTemplate":"https:\/\/hermanders.se\/?s={search_term_string}"},"query-input":"required name=search_term_string"}],"inLanguage":"de-DE"},{"@type":"Organization","@id":"https:\/\/hermanders.se\/#organization","name":"Hermanders","url":"https:\/\/hermanders.se\/","logo":{"@type":"ImageObject","inLanguage":"de-DE","@id":"https:\/\/hermanders.se\/#\/schema\/logo\/image\/","url":"https:\/\/storage.googleapis.com\/hermanders-se\/uploads\/2015\/11\/hermanders-logga.jpg","contentUrl":"https:\/\/storage.googleapis.com\/hermanders-se\/uploads\/2015\/11\/hermanders-logga.jpg","width":800,"height":419,"caption":"Hermanders"},"image":{"@id":"https:\/\/hermanders.se\/#\/schema\/logo\/image\/"}}]}},"_links":{"self":[{"href":"https:\/\/hermanders.se\/de\/wp-json\/wp\/v2\/pages\/1896"}],"collection":[{"href":"https:\/\/hermanders.se\/de\/wp-json\/wp\/v2\/pages"}],"about":[{"href":"https:\/\/hermanders.se\/de\/wp-json\/wp\/v2\/types\/page"}],"author":[{"embeddable":true,"href":"https:\/\/hermanders.se\/de\/wp-json\/wp\/v2\/users\/3"}],"replies":[{"embeddable":true,"href":"https:\/\/hermanders.se\/de\/wp-json\/wp\/v2\/comments?post=1896"}],"version-history":[{"count":4,"href":"https:\/\/hermanders.se\/de\/wp-json\/wp\/v2\/pages\/1896\/revisions"}],"predecessor-version":[{"id":1903,"href":"https:\/\/hermanders.se\/de\/wp-json\/wp\/v2\/pages\/1896\/revisions\/1903"}],"wp:attachment":[{"href":"https:\/\/hermanders.se\/de\/wp-json\/wp\/v2\/media?parent=1896"}],"curies":[{"name":"wp","href":"https:\/\/api.w.org\/{rel}","templated":true}]}}