{"id":1890,"date":"2015-10-13T11:14:33","date_gmt":"2015-10-13T09:14:33","guid":{"rendered":"https:\/\/hermanders.se\/efterbehandlingar\/"},"modified":"2022-03-04T14:11:21","modified_gmt":"2022-03-04T13:11:21","slug":"nachbearbeitung","status":"publish","type":"page","link":"https:\/\/hermanders.se\/de\/nachbearbeitung\/","title":{"rendered":"Nachbearbeitung"},"content":{"rendered":"<h2 class=\"h1\">Eine gewisse Nachbearbeitung och komplett montierte Komponente?<\/h2>\n<p class=\"lead\">Wir \u00fcbernehmen auch die Rundumverantwortung f\u00fcr Lochen, Laserschnitt, Fl\u00e4chenbehandlung und auch f\u00fcr das Montieren von Details zu fertigen Komponenten. F\u00fcr uns ist es selbstverst\u00e4ndlich, dass unsere Details oder Komponenten direkt in den Montierungsprozess unseres Kunden eingef\u00fcgt werden kann.<\/p>\n<h3>Lochen und Laserschnitt<\/h3>\n<p>Lochen und Laserschnitt sind zwei gew\u00f6hnliche Beispiele von Typen von Nachbearbeitung von druckgesponnenen oder tiefengezogenen Details. Das Lochen machen wir vor Ort und den Laserschnitt f\u00fchren mit Partnern durch.<\/p>\n<h3>Reinigung<\/h3>\n<p>Die Details ben\u00f6tigen nach dem Produktionsprozess eine Reinigung \u2013 das l\u00f6sen wir vor Ort.<\/p>\n<h3>Oberfl\u00e4chenbehandlung<\/h3>\n<p>Beispiele der Oberfl\u00e4chenbehandlung sind Lackieren, Anodisieren, Verzinken und Verchromen. Dieses geschieht in Zusammenarbeit mit unseren Partners.<\/p>\n<h3>Montage<\/h3>\n<p>Einen Teil der Montage von Details zu fertigen Komponenten machen wir vor Ort \u2013 f\u00fcr mehr umfassende oder komplexe Montage Vertrauen wir auf unsere spezialisierten Partner. Nehmen Sie f\u00fcr weitere Informationen, wie wir gerade Ihnen behilflich sein k\u00f6nnen, gern mit uns Kontakt auf.<\/p>\n<div id=\"gallery-1\" class=\"gallery lgljl-gallery galleryid-1890 gallery-columns-3 gallery-size-medium gallery-link-file\"><figure class=\"gallery-item\"><div class=\"gallery-icon\"><a href=\"https:\/\/storage.googleapis.com\/hermanders-se\/uploads\/2015\/10\/efterbehandling-683-1024x683.jpg\" title=\"\" data-desc=\"\" class=\"gallery-item-1 lgljl-gallery-item\"><img loading=\"lazy\" decoding=\"async\" width=\"300\" height=\"200\" src=\"https:\/\/storage.googleapis.com\/hermanders-se\/uploads\/2015\/10\/efterbehandling-683-300x200.jpg\" class=\"attachment-medium size-medium\" alt=\"\" srcset=\"https:\/\/storage.googleapis.com\/hermanders-se\/uploads\/2015\/10\/efterbehandling-683-300x200.jpg 300w, https:\/\/storage.googleapis.com\/hermanders-se\/uploads\/2015\/10\/efterbehandling-683-1024x683.jpg 1024w, https:\/\/storage.googleapis.com\/hermanders-se\/uploads\/2015\/10\/efterbehandling-683-800x533.jpg 800w\" sizes=\"(max-width: 300px) 100vw, 300px\" \/><\/a><\/div><\/figure><figure class=\"gallery-item\"><div class=\"gallery-icon\"><a href=\"https:\/\/storage.googleapis.com\/hermanders-se\/uploads\/2015\/10\/efterbehandling-699-1024x683.jpg\" title=\"\" data-desc=\"\" class=\"gallery-item-1 lgljl-gallery-item\"><img loading=\"lazy\" decoding=\"async\" width=\"300\" height=\"200\" src=\"https:\/\/storage.googleapis.com\/hermanders-se\/uploads\/2015\/10\/efterbehandling-699-300x200.jpg\" class=\"attachment-medium size-medium\" alt=\"\" srcset=\"https:\/\/storage.googleapis.com\/hermanders-se\/uploads\/2015\/10\/efterbehandling-699-300x200.jpg 300w, https:\/\/storage.googleapis.com\/hermanders-se\/uploads\/2015\/10\/efterbehandling-699-1024x683.jpg 1024w, https:\/\/storage.googleapis.com\/hermanders-se\/uploads\/2015\/10\/efterbehandling-699-800x533.jpg 800w\" sizes=\"(max-width: 300px) 100vw, 300px\" \/><\/a><\/div><\/figure><figure class=\"gallery-item\"><div class=\"gallery-icon\"><a href=\"https:\/\/storage.googleapis.com\/hermanders-se\/uploads\/2015\/10\/efterbehandling-702-1024x683.jpg\" title=\"\" data-desc=\"\" class=\"gallery-item-1 lgljl-gallery-item\"><img loading=\"lazy\" decoding=\"async\" width=\"300\" height=\"200\" src=\"https:\/\/storage.googleapis.com\/hermanders-se\/uploads\/2015\/10\/efterbehandling-702-300x200.jpg\" class=\"attachment-medium size-medium\" alt=\"\" srcset=\"https:\/\/storage.googleapis.com\/hermanders-se\/uploads\/2015\/10\/efterbehandling-702-300x200.jpg 300w, https:\/\/storage.googleapis.com\/hermanders-se\/uploads\/2015\/10\/efterbehandling-702-1024x683.jpg 1024w, https:\/\/storage.googleapis.com\/hermanders-se\/uploads\/2015\/10\/efterbehandling-702-800x533.jpg 800w\" sizes=\"(max-width: 300px) 100vw, 300px\" \/><\/a><\/div><\/figure><br style=\"clear: both\"><figure class=\"gallery-item\"><div class=\"gallery-icon\"><a href=\"https:\/\/storage.googleapis.com\/hermanders-se\/uploads\/2015\/10\/efterbehandling-709-1024x683.jpg\" title=\"\" data-desc=\"\" class=\"gallery-item-1 lgljl-gallery-item\"><img loading=\"lazy\" decoding=\"async\" width=\"300\" height=\"200\" src=\"https:\/\/storage.googleapis.com\/hermanders-se\/uploads\/2015\/10\/efterbehandling-709-300x200.jpg\" class=\"attachment-medium size-medium\" alt=\"\" srcset=\"https:\/\/storage.googleapis.com\/hermanders-se\/uploads\/2015\/10\/efterbehandling-709-300x200.jpg 300w, https:\/\/storage.googleapis.com\/hermanders-se\/uploads\/2015\/10\/efterbehandling-709-1024x683.jpg 1024w, https:\/\/storage.googleapis.com\/hermanders-se\/uploads\/2015\/10\/efterbehandling-709-800x533.jpg 800w\" sizes=\"(max-width: 300px) 100vw, 300px\" \/><\/a><\/div><\/figure><figure class=\"gallery-item\"><div class=\"gallery-icon\"><a href=\"https:\/\/storage.googleapis.com\/hermanders-se\/uploads\/2015\/10\/efterbehandling-632-1024x683.jpg\" title=\"\" data-desc=\"\" class=\"gallery-item-1 lgljl-gallery-item\"><img loading=\"lazy\" decoding=\"async\" width=\"300\" height=\"200\" src=\"https:\/\/storage.googleapis.com\/hermanders-se\/uploads\/2015\/10\/efterbehandling-632-300x200.jpg\" class=\"attachment-medium size-medium\" alt=\"\" srcset=\"https:\/\/storage.googleapis.com\/hermanders-se\/uploads\/2015\/10\/efterbehandling-632-300x200.jpg 300w, https:\/\/storage.googleapis.com\/hermanders-se\/uploads\/2015\/10\/efterbehandling-632-1024x683.jpg 1024w, https:\/\/storage.googleapis.com\/hermanders-se\/uploads\/2015\/10\/efterbehandling-632-800x533.jpg 800w\" sizes=\"(max-width: 300px) 100vw, 300px\" \/><\/a><\/div><\/figure><figure class=\"gallery-item\"><div class=\"gallery-icon\"><a href=\"https:\/\/storage.googleapis.com\/hermanders-se\/uploads\/2022\/03\/848-beskuren2.jpg\" title=\"\" data-desc=\"\" class=\"gallery-item-1 lgljl-gallery-item\"><img loading=\"lazy\" decoding=\"async\" width=\"300\" height=\"200\" src=\"https:\/\/storage.googleapis.com\/hermanders-se\/uploads\/2022\/03\/848-beskuren2-300x200.jpg\" class=\"attachment-medium size-medium\" alt=\"\" srcset=\"https:\/\/storage.googleapis.com\/hermanders-se\/uploads\/2022\/03\/848-beskuren2-300x200.jpg 300w, https:\/\/storage.googleapis.com\/hermanders-se\/uploads\/2022\/03\/848-beskuren2-768x512.jpg 768w, https:\/\/storage.googleapis.com\/hermanders-se\/uploads\/2022\/03\/848-beskuren2-800x534.jpg 800w, https:\/\/storage.googleapis.com\/hermanders-se\/uploads\/2022\/03\/848-beskuren2.jpg 1024w\" sizes=\"(max-width: 300px) 100vw, 300px\" \/><\/a><\/div><\/figure><br style=\"clear: both\"><br style=\"clear: both;\"><\/div>\n","protected":false},"excerpt":{"rendered":"<p>Eine gewisse Nachbearbeitung och komplett montierte Komponente? Wir \u00fcbernehmen auch die Rundumverantwortung f\u00fcr Lochen, Laserschnitt, Fl\u00e4chenbehandlung und auch f\u00fcr das Montieren von Details zu fertigen Komponenten. F\u00fcr uns ist es selbstverst\u00e4ndlich, dass unsere Details oder&#8230; <a href=\"https:\/\/hermanders.se\/de\/nachbearbeitung\/\">Read more<\/a><\/p>\n","protected":false},"author":3,"featured_media":0,"parent":0,"menu_order":0,"comment_status":"closed","ping_status":"closed","template":"","meta":{"footnotes":""},"class_list":["post-1890","page","type-page","status-publish","hentry"],"yoast_head":"<!-- This site is optimized with the Yoast SEO plugin v23.3 - https:\/\/yoast.com\/wordpress\/plugins\/seo\/ -->\n<title>Nachbearbeitung - Hermanders<\/title>\n<meta name=\"description\" content=\"Bearbetning av dina detaljer till \u00f6nskad f\u00e4rdigniv\u00e5 genom h\u00e5ltagning, lasersk\u00e4rning, tv\u00e4ttning, ytbehandling eller montering. Din partner f\u00f6r avancerad pl\u00e5tformning.\" \/>\n<meta name=\"robots\" content=\"index, follow, max-snippet:-1, max-image-preview:large, max-video-preview:-1\" \/>\n<link rel=\"canonical\" href=\"https:\/\/hermanders.se\/de\/nachbearbeitung\/\" \/>\n<meta property=\"og:locale\" content=\"de_DE\" \/>\n<meta property=\"og:type\" content=\"article\" \/>\n<meta property=\"og:title\" content=\"Nachbearbeitung - Hermanders\" \/>\n<meta property=\"og:description\" content=\"Bearbetning av dina detaljer till \u00f6nskad f\u00e4rdigniv\u00e5 genom h\u00e5ltagning, lasersk\u00e4rning, tv\u00e4ttning, ytbehandling eller montering. Din partner f\u00f6r avancerad pl\u00e5tformning.\" \/>\n<meta property=\"og:url\" content=\"https:\/\/hermanders.se\/de\/nachbearbeitung\/\" \/>\n<meta property=\"og:site_name\" content=\"Hermanders\" \/>\n<meta property=\"article:modified_time\" content=\"2022-03-04T13:11:21+00:00\" \/>\n<meta property=\"og:image\" content=\"https:\/\/storage.googleapis.com\/hermanders-se\/uploads\/2015\/10\/efterbehandling-683-300x200.jpg\" \/>\n<meta name=\"twitter:card\" content=\"summary_large_image\" \/>\n<meta name=\"twitter:label1\" content=\"Est. reading time\" \/>\n\t<meta name=\"twitter:data1\" content=\"1 minute\" \/>\n<script type=\"application\/ld+json\" class=\"yoast-schema-graph\">{\"@context\":\"https:\/\/schema.org\",\"@graph\":[{\"@type\":\"WebPage\",\"@id\":\"https:\/\/hermanders.se\/de\/nachbearbeitung\/\",\"url\":\"https:\/\/hermanders.se\/de\/nachbearbeitung\/\",\"name\":\"Nachbearbeitung - Hermanders\",\"isPartOf\":{\"@id\":\"https:\/\/hermanders.se\/#website\"},\"datePublished\":\"2015-10-13T09:14:33+00:00\",\"dateModified\":\"2022-03-04T13:11:21+00:00\",\"description\":\"Bearbetning av dina detaljer till \u00f6nskad f\u00e4rdigniv\u00e5 genom h\u00e5ltagning, lasersk\u00e4rning, tv\u00e4ttning, ytbehandling eller montering. Din partner f\u00f6r avancerad pl\u00e5tformning.\",\"breadcrumb\":{\"@id\":\"https:\/\/hermanders.se\/de\/nachbearbeitung\/#breadcrumb\"},\"inLanguage\":\"de-DE\",\"potentialAction\":[{\"@type\":\"ReadAction\",\"target\":[\"https:\/\/hermanders.se\/de\/nachbearbeitung\/\"]}]},{\"@type\":\"BreadcrumbList\",\"@id\":\"https:\/\/hermanders.se\/de\/nachbearbeitung\/#breadcrumb\",\"itemListElement\":[{\"@type\":\"ListItem\",\"position\":1,\"name\":\"Hem\",\"item\":\"https:\/\/hermanders.se\/de\/\"},{\"@type\":\"ListItem\",\"position\":2,\"name\":\"Nachbearbeitung\"}]},{\"@type\":\"WebSite\",\"@id\":\"https:\/\/hermanders.se\/#website\",\"url\":\"https:\/\/hermanders.se\/\",\"name\":\"Hermanders\",\"description\":\"Avancerad pl\u00e5tformning\",\"publisher\":{\"@id\":\"https:\/\/hermanders.se\/#organization\"},\"potentialAction\":[{\"@type\":\"SearchAction\",\"target\":{\"@type\":\"EntryPoint\",\"urlTemplate\":\"https:\/\/hermanders.se\/?s={search_term_string}\"},\"query-input\":\"required name=search_term_string\"}],\"inLanguage\":\"de-DE\"},{\"@type\":\"Organization\",\"@id\":\"https:\/\/hermanders.se\/#organization\",\"name\":\"Hermanders\",\"url\":\"https:\/\/hermanders.se\/\",\"logo\":{\"@type\":\"ImageObject\",\"inLanguage\":\"de-DE\",\"@id\":\"https:\/\/hermanders.se\/#\/schema\/logo\/image\/\",\"url\":\"https:\/\/storage.googleapis.com\/hermanders-se\/uploads\/2015\/11\/hermanders-logga.jpg\",\"contentUrl\":\"https:\/\/storage.googleapis.com\/hermanders-se\/uploads\/2015\/11\/hermanders-logga.jpg\",\"width\":800,\"height\":419,\"caption\":\"Hermanders\"},\"image\":{\"@id\":\"https:\/\/hermanders.se\/#\/schema\/logo\/image\/\"}}]}<\/script>\n<!-- \/ Yoast SEO plugin. -->","yoast_head_json":{"title":"Nachbearbeitung - Hermanders","description":"Bearbetning av dina detaljer till \u00f6nskad f\u00e4rdigniv\u00e5 genom h\u00e5ltagning, lasersk\u00e4rning, tv\u00e4ttning, ytbehandling eller montering. Din partner f\u00f6r avancerad pl\u00e5tformning.","robots":{"index":"index","follow":"follow","max-snippet":"max-snippet:-1","max-image-preview":"max-image-preview:large","max-video-preview":"max-video-preview:-1"},"canonical":"https:\/\/hermanders.se\/de\/nachbearbeitung\/","og_locale":"de_DE","og_type":"article","og_title":"Nachbearbeitung - Hermanders","og_description":"Bearbetning av dina detaljer till \u00f6nskad f\u00e4rdigniv\u00e5 genom h\u00e5ltagning, lasersk\u00e4rning, tv\u00e4ttning, ytbehandling eller montering. Din partner f\u00f6r avancerad pl\u00e5tformning.","og_url":"https:\/\/hermanders.se\/de\/nachbearbeitung\/","og_site_name":"Hermanders","article_modified_time":"2022-03-04T13:11:21+00:00","og_image":[{"url":"https:\/\/storage.googleapis.com\/hermanders-se\/uploads\/2015\/10\/efterbehandling-683-300x200.jpg"}],"twitter_card":"summary_large_image","twitter_misc":{"Est. reading time":"1 minute"},"schema":{"@context":"https:\/\/schema.org","@graph":[{"@type":"WebPage","@id":"https:\/\/hermanders.se\/de\/nachbearbeitung\/","url":"https:\/\/hermanders.se\/de\/nachbearbeitung\/","name":"Nachbearbeitung - Hermanders","isPartOf":{"@id":"https:\/\/hermanders.se\/#website"},"datePublished":"2015-10-13T09:14:33+00:00","dateModified":"2022-03-04T13:11:21+00:00","description":"Bearbetning av dina detaljer till \u00f6nskad f\u00e4rdigniv\u00e5 genom h\u00e5ltagning, lasersk\u00e4rning, tv\u00e4ttning, ytbehandling eller montering. Din partner f\u00f6r avancerad pl\u00e5tformning.","breadcrumb":{"@id":"https:\/\/hermanders.se\/de\/nachbearbeitung\/#breadcrumb"},"inLanguage":"de-DE","potentialAction":[{"@type":"ReadAction","target":["https:\/\/hermanders.se\/de\/nachbearbeitung\/"]}]},{"@type":"BreadcrumbList","@id":"https:\/\/hermanders.se\/de\/nachbearbeitung\/#breadcrumb","itemListElement":[{"@type":"ListItem","position":1,"name":"Hem","item":"https:\/\/hermanders.se\/de\/"},{"@type":"ListItem","position":2,"name":"Nachbearbeitung"}]},{"@type":"WebSite","@id":"https:\/\/hermanders.se\/#website","url":"https:\/\/hermanders.se\/","name":"Hermanders","description":"Avancerad pl\u00e5tformning","publisher":{"@id":"https:\/\/hermanders.se\/#organization"},"potentialAction":[{"@type":"SearchAction","target":{"@type":"EntryPoint","urlTemplate":"https:\/\/hermanders.se\/?s={search_term_string}"},"query-input":"required name=search_term_string"}],"inLanguage":"de-DE"},{"@type":"Organization","@id":"https:\/\/hermanders.se\/#organization","name":"Hermanders","url":"https:\/\/hermanders.se\/","logo":{"@type":"ImageObject","inLanguage":"de-DE","@id":"https:\/\/hermanders.se\/#\/schema\/logo\/image\/","url":"https:\/\/storage.googleapis.com\/hermanders-se\/uploads\/2015\/11\/hermanders-logga.jpg","contentUrl":"https:\/\/storage.googleapis.com\/hermanders-se\/uploads\/2015\/11\/hermanders-logga.jpg","width":800,"height":419,"caption":"Hermanders"},"image":{"@id":"https:\/\/hermanders.se\/#\/schema\/logo\/image\/"}}]}},"_links":{"self":[{"href":"https:\/\/hermanders.se\/de\/wp-json\/wp\/v2\/pages\/1890"}],"collection":[{"href":"https:\/\/hermanders.se\/de\/wp-json\/wp\/v2\/pages"}],"about":[{"href":"https:\/\/hermanders.se\/de\/wp-json\/wp\/v2\/types\/page"}],"author":[{"embeddable":true,"href":"https:\/\/hermanders.se\/de\/wp-json\/wp\/v2\/users\/3"}],"replies":[{"embeddable":true,"href":"https:\/\/hermanders.se\/de\/wp-json\/wp\/v2\/comments?post=1890"}],"version-history":[{"count":5,"href":"https:\/\/hermanders.se\/de\/wp-json\/wp\/v2\/pages\/1890\/revisions"}],"predecessor-version":[{"id":2197,"href":"https:\/\/hermanders.se\/de\/wp-json\/wp\/v2\/pages\/1890\/revisions\/2197"}],"wp:attachment":[{"href":"https:\/\/hermanders.se\/de\/wp-json\/wp\/v2\/media?parent=1890"}],"curies":[{"name":"wp","href":"https:\/\/api.w.org\/{rel}","templated":true}]}}