{"id":1884,"date":"2015-10-13T11:14:14","date_gmt":"2015-10-13T09:14:14","guid":{"rendered":"https:\/\/hermanders.se\/maskinpark-kapacitet\/"},"modified":"2022-03-04T13:05:22","modified_gmt":"2022-03-04T12:05:22","slug":"maskinpark-kapacitet","status":"publish","type":"page","link":"https:\/\/hermanders.se\/de\/maskinpark-kapacitet\/","title":{"rendered":"Maschinenpark &#038; Kapazit\u00e4t"},"content":{"rendered":"<h2 class=\"h1\">Maschinenpark<\/h2>\n<p class=\"lead\">Hermanders ist das Spezialistunternehmen im Bereich Druckspinnen und Tiefenspinnen. Wir beliefern um die 300 nordische Industrieunternehmen, die schnellen Service, kreative Produktionskenntninsse, kurze Laufzeiten und kosteneffiziente Produktion erwarten.<\/p>\n<h3 class=\"h5 h-upper\">Automatische Druppspinnen<\/h3>\n<p>Hermanders verf\u00fcgt \u00fcber 10 automatische Druckspinnen mit einer Kapazit\u00e4t bis zu 1800 mm im Durchmesser (maximaler Durchmesser des Materials)<\/p>\n<h3 class=\"h5 h-upper\">Manuelle Druckspinnen<\/h3>\n<p>Manuelle Druckspinnen ist ein Handwerk, das mit gro\u00dfer Fachkenntnis und Erfahrung von unserer Mitarbeitern ausgef\u00fchrt wird.<\/p>\n<h3 class=\"h-upper h5\">Blechbearbeitung<\/h3>\n<p>Hermanders f\u00fchrt auch das Bearbeiten von Blech durch, wie Falten, Lochen und Schweissen.<\/p>\n<h3 class=\"h-upper h5\">Unser Maschinenpark f\u00fcr das Bearbeiten von Blech:<\/h3>\n<ul>\n<li>10 st Exzenterpressen<\/li>\n<li>5 Hydraulpressen<\/li>\n<li>6 Maschinen f\u00fcr Falten von Kanten<\/li>\n<li>6 Rondellscheren<\/li>\n<li>3 Gradscheren<\/li>\n<\/ul>\n<h3 class=\"h-upper h5\">Werkzeugherstellung<\/h3>\n<p>Hermanders hat eine eigene Werkstatt f\u00fcr Werkzeugsherstellung, in der wir Werkzeuge nach den ausgesprochenen W\u00fcnschen unserer Kunden herstellen. Wir haben auch ein grosses Werkzeuglager, wo die Werkzeuge aufbewahrt werden k\u00f6nnen.<\/p>\n<h2 class=\"h1\">Kapazit\u00e4t<\/h2>\n<p class=\"lead\">In T\u00f6reboda haben wir 20 Mitarbeiter, 10 automatische Druckspinnen, Ausr\u00fcstung f\u00fcr Tiefenziehen und f\u00fcr hydromechanisches Formen f\u00fcr Presskr\u00e4fte bis zu 250 Ton.<\/p>\n<h3 class=\"h-upper h5\">Dimensionen des Materials bevor der Bearbeitung<\/h3>\n<ul>\n<li>Runde Produkte: 15 mm &#8211; 1800 mm.<\/li>\n<li>Viereckige Produkte: max 1100 x 1100 mm.<\/li>\n<\/ul>\n<div id=\"gallery-1\" class=\"gallery lgljl-gallery galleryid-1884 gallery-columns-2 gallery-size-large gallery-link-file\"><figure class=\"gallery-item\"><div class=\"gallery-icon\"><a href=\"https:\/\/storage.googleapis.com\/hermanders-se\/uploads\/2015\/10\/verkstad602-1024x683.jpg\" title=\"\" data-desc=\"\" class=\"gallery-item-1 lgljl-gallery-item\"><img loading=\"lazy\" decoding=\"async\" width=\"775\" height=\"517\" src=\"https:\/\/storage.googleapis.com\/hermanders-se\/uploads\/2015\/10\/verkstad602-1024x683.jpg\" class=\"attachment-large size-large\" alt=\"I Hermanders verkstad\" srcset=\"https:\/\/storage.googleapis.com\/hermanders-se\/uploads\/2015\/10\/verkstad602-1024x683.jpg 1024w, https:\/\/storage.googleapis.com\/hermanders-se\/uploads\/2015\/10\/verkstad602-300x200.jpg 300w, https:\/\/storage.googleapis.com\/hermanders-se\/uploads\/2015\/10\/verkstad602-800x533.jpg 800w\" sizes=\"(max-width: 775px) 100vw, 775px\" \/><\/a><\/div><\/figure><figure class=\"gallery-item\"><div class=\"gallery-icon\"><a href=\"https:\/\/storage.googleapis.com\/hermanders-se\/uploads\/2015\/10\/verkstad613-1024x652.jpg\" title=\"\" data-desc=\"\" class=\"gallery-item-1 lgljl-gallery-item\"><img loading=\"lazy\" decoding=\"async\" width=\"775\" height=\"493\" src=\"https:\/\/storage.googleapis.com\/hermanders-se\/uploads\/2015\/10\/verkstad613-1024x652.jpg\" class=\"attachment-large size-large\" alt=\"I Hermanders verkstad\" srcset=\"https:\/\/storage.googleapis.com\/hermanders-se\/uploads\/2015\/10\/verkstad613-1024x652.jpg 1024w, https:\/\/storage.googleapis.com\/hermanders-se\/uploads\/2015\/10\/verkstad613-300x191.jpg 300w, https:\/\/storage.googleapis.com\/hermanders-se\/uploads\/2015\/10\/verkstad613-800x509.jpg 800w\" sizes=\"(max-width: 775px) 100vw, 775px\" \/><\/a><\/div><\/figure><br style=\"clear: both\"><figure class=\"gallery-item\"><div class=\"gallery-icon\"><a href=\"https:\/\/storage.googleapis.com\/hermanders-se\/uploads\/2015\/10\/verkstad575-1024x683.jpg\" title=\"\" data-desc=\"\" class=\"gallery-item-1 lgljl-gallery-item\"><img loading=\"lazy\" decoding=\"async\" width=\"775\" height=\"517\" src=\"https:\/\/storage.googleapis.com\/hermanders-se\/uploads\/2015\/10\/verkstad575-1024x683.jpg\" class=\"attachment-large size-large\" alt=\"I Hermanders verkstad\" srcset=\"https:\/\/storage.googleapis.com\/hermanders-se\/uploads\/2015\/10\/verkstad575-1024x683.jpg 1024w, https:\/\/storage.googleapis.com\/hermanders-se\/uploads\/2015\/10\/verkstad575-300x200.jpg 300w, https:\/\/storage.googleapis.com\/hermanders-se\/uploads\/2015\/10\/verkstad575-800x533.jpg 800w\" sizes=\"(max-width: 775px) 100vw, 775px\" \/><\/a><\/div><\/figure><figure class=\"gallery-item\"><div class=\"gallery-icon\"><a href=\"https:\/\/storage.googleapis.com\/hermanders-se\/uploads\/2015\/10\/verkstad593-1024x683.jpg\" title=\"\" data-desc=\"\" class=\"gallery-item-1 lgljl-gallery-item\"><img loading=\"lazy\" decoding=\"async\" width=\"775\" height=\"517\" src=\"https:\/\/storage.googleapis.com\/hermanders-se\/uploads\/2015\/10\/verkstad593-1024x683.jpg\" class=\"attachment-large size-large\" alt=\"I Hermanders verkstad\" srcset=\"https:\/\/storage.googleapis.com\/hermanders-se\/uploads\/2015\/10\/verkstad593-1024x683.jpg 1024w, https:\/\/storage.googleapis.com\/hermanders-se\/uploads\/2015\/10\/verkstad593-300x200.jpg 300w, https:\/\/storage.googleapis.com\/hermanders-se\/uploads\/2015\/10\/verkstad593-800x533.jpg 800w\" sizes=\"(max-width: 775px) 100vw, 775px\" \/><\/a><\/div><\/figure><br style=\"clear: both\"><figure class=\"gallery-item\"><div class=\"gallery-icon\"><a href=\"https:\/\/storage.googleapis.com\/hermanders-se\/uploads\/2022\/03\/DSC2353-1024x683.jpg\" title=\"\" data-desc=\"\" class=\"gallery-item-1 lgljl-gallery-item\"><img loading=\"lazy\" decoding=\"async\" width=\"775\" height=\"517\" src=\"https:\/\/storage.googleapis.com\/hermanders-se\/uploads\/2022\/03\/DSC2353-1024x683.jpg\" class=\"attachment-large size-large\" alt=\"\" srcset=\"https:\/\/storage.googleapis.com\/hermanders-se\/uploads\/2022\/03\/DSC2353-1024x683.jpg 1024w, https:\/\/storage.googleapis.com\/hermanders-se\/uploads\/2022\/03\/DSC2353-300x200.jpg 300w, https:\/\/storage.googleapis.com\/hermanders-se\/uploads\/2022\/03\/DSC2353-768x512.jpg 768w, https:\/\/storage.googleapis.com\/hermanders-se\/uploads\/2022\/03\/DSC2353-1536x1024.jpg 1536w, https:\/\/storage.googleapis.com\/hermanders-se\/uploads\/2022\/03\/DSC2353-2048x1365.jpg 2048w, https:\/\/storage.googleapis.com\/hermanders-se\/uploads\/2022\/03\/DSC2353-800x533.jpg 800w\" sizes=\"(max-width: 775px) 100vw, 775px\" \/><\/a><\/div><\/figure><figure class=\"gallery-item\"><div class=\"gallery-icon\"><a href=\"https:\/\/storage.googleapis.com\/hermanders-se\/uploads\/2022\/03\/DSC2429-1024x683.jpg\" title=\"\" data-desc=\"\" class=\"gallery-item-1 lgljl-gallery-item\"><img loading=\"lazy\" decoding=\"async\" width=\"775\" height=\"517\" src=\"https:\/\/storage.googleapis.com\/hermanders-se\/uploads\/2022\/03\/DSC2429-1024x683.jpg\" class=\"attachment-large size-large\" alt=\"\" srcset=\"https:\/\/storage.googleapis.com\/hermanders-se\/uploads\/2022\/03\/DSC2429-1024x683.jpg 1024w, https:\/\/storage.googleapis.com\/hermanders-se\/uploads\/2022\/03\/DSC2429-300x200.jpg 300w, https:\/\/storage.googleapis.com\/hermanders-se\/uploads\/2022\/03\/DSC2429-768x512.jpg 768w, https:\/\/storage.googleapis.com\/hermanders-se\/uploads\/2022\/03\/DSC2429-1536x1024.jpg 1536w, https:\/\/storage.googleapis.com\/hermanders-se\/uploads\/2022\/03\/DSC2429-2048x1365.jpg 2048w, https:\/\/storage.googleapis.com\/hermanders-se\/uploads\/2022\/03\/DSC2429-800x533.jpg 800w\" sizes=\"(max-width: 775px) 100vw, 775px\" \/><\/a><\/div><\/figure><br style=\"clear: both\"><br style=\"clear: both;\"><\/div>\n","protected":false},"excerpt":{"rendered":"<p>Maschinenpark Hermanders ist das Spezialistunternehmen im Bereich Druckspinnen und Tiefenspinnen. Wir beliefern um die 300 nordische Industrieunternehmen, die schnellen Service, kreative Produktionskenntninsse, kurze Laufzeiten und kosteneffiziente Produktion erwarten. Automatische Druppspinnen Hermanders verf\u00fcgt \u00fcber 10 automatische&#8230; <a href=\"https:\/\/hermanders.se\/de\/maskinpark-kapacitet\/\">Read more<\/a><\/p>\n","protected":false},"author":3,"featured_media":0,"parent":0,"menu_order":0,"comment_status":"closed","ping_status":"closed","template":"","meta":{"footnotes":""},"class_list":["post-1884","page","type-page","status-publish","hentry"],"yoast_head":"<!-- This site is optimized with the Yoast SEO plugin v23.3 - https:\/\/yoast.com\/wordpress\/plugins\/seo\/ -->\n<title>Maschinenpark &amp; Kapazit\u00e4t - Hermanders<\/title>\n<meta name=\"description\" content=\"Moderna maskiner i kombination med h\u00f6g kompetens och l\u00e5ng erfarenhet g\u00f6r oss ledande inom avancerad pl\u00e5tformning. Trycksvarvning och djupdragning \u00e4r v\u00e5r specialitet!\" \/>\n<meta name=\"robots\" content=\"index, follow, max-snippet:-1, max-image-preview:large, max-video-preview:-1\" \/>\n<link rel=\"canonical\" href=\"https:\/\/hermanders.se\/de\/maskinpark-kapacitet\/\" \/>\n<meta property=\"og:locale\" content=\"de_DE\" \/>\n<meta property=\"og:type\" content=\"article\" \/>\n<meta property=\"og:title\" content=\"Maschinenpark &amp; Kapazit\u00e4t - Hermanders\" \/>\n<meta property=\"og:description\" content=\"Moderna maskiner i kombination med h\u00f6g kompetens och l\u00e5ng erfarenhet g\u00f6r oss ledande inom avancerad pl\u00e5tformning. Trycksvarvning och djupdragning \u00e4r v\u00e5r specialitet!\" \/>\n<meta property=\"og:url\" content=\"https:\/\/hermanders.se\/de\/maskinpark-kapacitet\/\" \/>\n<meta property=\"og:site_name\" content=\"Hermanders\" \/>\n<meta property=\"article:modified_time\" content=\"2022-03-04T12:05:22+00:00\" \/>\n<meta property=\"og:image\" content=\"https:\/\/storage.googleapis.com\/hermanders-se\/uploads\/2015\/10\/verkstad602-1024x683.jpg\" \/>\n<meta name=\"twitter:card\" content=\"summary_large_image\" \/>\n<meta name=\"twitter:label1\" content=\"Est. reading time\" \/>\n\t<meta name=\"twitter:data1\" content=\"1 minute\" \/>\n<script type=\"application\/ld+json\" class=\"yoast-schema-graph\">{\"@context\":\"https:\/\/schema.org\",\"@graph\":[{\"@type\":\"WebPage\",\"@id\":\"https:\/\/hermanders.se\/de\/maskinpark-kapacitet\/\",\"url\":\"https:\/\/hermanders.se\/de\/maskinpark-kapacitet\/\",\"name\":\"Maschinenpark & Kapazit\u00e4t - Hermanders\",\"isPartOf\":{\"@id\":\"https:\/\/hermanders.se\/#website\"},\"datePublished\":\"2015-10-13T09:14:14+00:00\",\"dateModified\":\"2022-03-04T12:05:22+00:00\",\"description\":\"Moderna maskiner i kombination med h\u00f6g kompetens och l\u00e5ng erfarenhet g\u00f6r oss ledande inom avancerad pl\u00e5tformning. Trycksvarvning och djupdragning \u00e4r v\u00e5r specialitet!\",\"breadcrumb\":{\"@id\":\"https:\/\/hermanders.se\/de\/maskinpark-kapacitet\/#breadcrumb\"},\"inLanguage\":\"de-DE\",\"potentialAction\":[{\"@type\":\"ReadAction\",\"target\":[\"https:\/\/hermanders.se\/de\/maskinpark-kapacitet\/\"]}]},{\"@type\":\"BreadcrumbList\",\"@id\":\"https:\/\/hermanders.se\/de\/maskinpark-kapacitet\/#breadcrumb\",\"itemListElement\":[{\"@type\":\"ListItem\",\"position\":1,\"name\":\"Hem\",\"item\":\"https:\/\/hermanders.se\/de\/\"},{\"@type\":\"ListItem\",\"position\":2,\"name\":\"Maschinenpark &#038; Kapazit\u00e4t\"}]},{\"@type\":\"WebSite\",\"@id\":\"https:\/\/hermanders.se\/#website\",\"url\":\"https:\/\/hermanders.se\/\",\"name\":\"Hermanders\",\"description\":\"Avancerad pl\u00e5tformning\",\"publisher\":{\"@id\":\"https:\/\/hermanders.se\/#organization\"},\"potentialAction\":[{\"@type\":\"SearchAction\",\"target\":{\"@type\":\"EntryPoint\",\"urlTemplate\":\"https:\/\/hermanders.se\/?s={search_term_string}\"},\"query-input\":\"required name=search_term_string\"}],\"inLanguage\":\"de-DE\"},{\"@type\":\"Organization\",\"@id\":\"https:\/\/hermanders.se\/#organization\",\"name\":\"Hermanders\",\"url\":\"https:\/\/hermanders.se\/\",\"logo\":{\"@type\":\"ImageObject\",\"inLanguage\":\"de-DE\",\"@id\":\"https:\/\/hermanders.se\/#\/schema\/logo\/image\/\",\"url\":\"https:\/\/storage.googleapis.com\/hermanders-se\/uploads\/2015\/11\/hermanders-logga.jpg\",\"contentUrl\":\"https:\/\/storage.googleapis.com\/hermanders-se\/uploads\/2015\/11\/hermanders-logga.jpg\",\"width\":800,\"height\":419,\"caption\":\"Hermanders\"},\"image\":{\"@id\":\"https:\/\/hermanders.se\/#\/schema\/logo\/image\/\"}}]}<\/script>\n<!-- \/ Yoast SEO plugin. -->","yoast_head_json":{"title":"Maschinenpark & Kapazit\u00e4t - Hermanders","description":"Moderna maskiner i kombination med h\u00f6g kompetens och l\u00e5ng erfarenhet g\u00f6r oss ledande inom avancerad pl\u00e5tformning. Trycksvarvning och djupdragning \u00e4r v\u00e5r specialitet!","robots":{"index":"index","follow":"follow","max-snippet":"max-snippet:-1","max-image-preview":"max-image-preview:large","max-video-preview":"max-video-preview:-1"},"canonical":"https:\/\/hermanders.se\/de\/maskinpark-kapacitet\/","og_locale":"de_DE","og_type":"article","og_title":"Maschinenpark & Kapazit\u00e4t - Hermanders","og_description":"Moderna maskiner i kombination med h\u00f6g kompetens och l\u00e5ng erfarenhet g\u00f6r oss ledande inom avancerad pl\u00e5tformning. Trycksvarvning och djupdragning \u00e4r v\u00e5r specialitet!","og_url":"https:\/\/hermanders.se\/de\/maskinpark-kapacitet\/","og_site_name":"Hermanders","article_modified_time":"2022-03-04T12:05:22+00:00","og_image":[{"url":"https:\/\/storage.googleapis.com\/hermanders-se\/uploads\/2015\/10\/verkstad602-1024x683.jpg"}],"twitter_card":"summary_large_image","twitter_misc":{"Est. reading time":"1 minute"},"schema":{"@context":"https:\/\/schema.org","@graph":[{"@type":"WebPage","@id":"https:\/\/hermanders.se\/de\/maskinpark-kapacitet\/","url":"https:\/\/hermanders.se\/de\/maskinpark-kapacitet\/","name":"Maschinenpark & Kapazit\u00e4t - Hermanders","isPartOf":{"@id":"https:\/\/hermanders.se\/#website"},"datePublished":"2015-10-13T09:14:14+00:00","dateModified":"2022-03-04T12:05:22+00:00","description":"Moderna maskiner i kombination med h\u00f6g kompetens och l\u00e5ng erfarenhet g\u00f6r oss ledande inom avancerad pl\u00e5tformning. Trycksvarvning och djupdragning \u00e4r v\u00e5r specialitet!","breadcrumb":{"@id":"https:\/\/hermanders.se\/de\/maskinpark-kapacitet\/#breadcrumb"},"inLanguage":"de-DE","potentialAction":[{"@type":"ReadAction","target":["https:\/\/hermanders.se\/de\/maskinpark-kapacitet\/"]}]},{"@type":"BreadcrumbList","@id":"https:\/\/hermanders.se\/de\/maskinpark-kapacitet\/#breadcrumb","itemListElement":[{"@type":"ListItem","position":1,"name":"Hem","item":"https:\/\/hermanders.se\/de\/"},{"@type":"ListItem","position":2,"name":"Maschinenpark &#038; Kapazit\u00e4t"}]},{"@type":"WebSite","@id":"https:\/\/hermanders.se\/#website","url":"https:\/\/hermanders.se\/","name":"Hermanders","description":"Avancerad pl\u00e5tformning","publisher":{"@id":"https:\/\/hermanders.se\/#organization"},"potentialAction":[{"@type":"SearchAction","target":{"@type":"EntryPoint","urlTemplate":"https:\/\/hermanders.se\/?s={search_term_string}"},"query-input":"required name=search_term_string"}],"inLanguage":"de-DE"},{"@type":"Organization","@id":"https:\/\/hermanders.se\/#organization","name":"Hermanders","url":"https:\/\/hermanders.se\/","logo":{"@type":"ImageObject","inLanguage":"de-DE","@id":"https:\/\/hermanders.se\/#\/schema\/logo\/image\/","url":"https:\/\/storage.googleapis.com\/hermanders-se\/uploads\/2015\/11\/hermanders-logga.jpg","contentUrl":"https:\/\/storage.googleapis.com\/hermanders-se\/uploads\/2015\/11\/hermanders-logga.jpg","width":800,"height":419,"caption":"Hermanders"},"image":{"@id":"https:\/\/hermanders.se\/#\/schema\/logo\/image\/"}}]}},"_links":{"self":[{"href":"https:\/\/hermanders.se\/de\/wp-json\/wp\/v2\/pages\/1884"}],"collection":[{"href":"https:\/\/hermanders.se\/de\/wp-json\/wp\/v2\/pages"}],"about":[{"href":"https:\/\/hermanders.se\/de\/wp-json\/wp\/v2\/types\/page"}],"author":[{"embeddable":true,"href":"https:\/\/hermanders.se\/de\/wp-json\/wp\/v2\/users\/3"}],"replies":[{"embeddable":true,"href":"https:\/\/hermanders.se\/de\/wp-json\/wp\/v2\/comments?post=1884"}],"version-history":[{"count":5,"href":"https:\/\/hermanders.se\/de\/wp-json\/wp\/v2\/pages\/1884\/revisions"}],"predecessor-version":[{"id":2179,"href":"https:\/\/hermanders.se\/de\/wp-json\/wp\/v2\/pages\/1884\/revisions\/2179"}],"wp:attachment":[{"href":"https:\/\/hermanders.se\/de\/wp-json\/wp\/v2\/media?parent=1884"}],"curies":[{"name":"wp","href":"https:\/\/api.w.org\/{rel}","templated":true}]}}