{"id":1877,"date":"2015-10-13T11:13:38","date_gmt":"2015-10-13T09:13:38","guid":{"rendered":"https:\/\/hermanders.se\/hydromekanisk-formning\/"},"modified":"2022-05-31T15:09:10","modified_gmt":"2022-05-31T13:09:10","slug":"hydromechanisches-formen","status":"publish","type":"page","link":"https:\/\/hermanders.se\/de\/hydromechanisches-formen\/","title":{"rendered":"Hydromechanishces formen"},"content":{"rendered":"<div id=\"gallery-1\" class=\"gallery lgljl-gallery galleryid-1877 gallery-columns-2 gallery-size-medium gallery-link-file\"><figure class=\"gallery-item\"><div class=\"gallery-icon\"><a href=\"https:\/\/storage.googleapis.com\/hermanders-se\/uploads\/2015\/11\/hydromekanisk-formning-1-1024x680.jpg\" title=\"\" data-desc=\"\" class=\"gallery-item-1 lgljl-gallery-item\"><img loading=\"lazy\" decoding=\"async\" width=\"300\" height=\"199\" src=\"https:\/\/storage.googleapis.com\/hermanders-se\/uploads\/2015\/11\/hydromekanisk-formning-1-300x199.jpg\" class=\"attachment-medium size-medium\" alt=\"Hydromekanisk formning\" srcset=\"https:\/\/storage.googleapis.com\/hermanders-se\/uploads\/2015\/11\/hydromekanisk-formning-1-300x199.jpg 300w, https:\/\/storage.googleapis.com\/hermanders-se\/uploads\/2015\/11\/hydromekanisk-formning-1-1024x680.jpg 1024w, https:\/\/storage.googleapis.com\/hermanders-se\/uploads\/2015\/11\/hydromekanisk-formning-1-800x531.jpg 800w, https:\/\/storage.googleapis.com\/hermanders-se\/uploads\/2015\/11\/hydromekanisk-formning-1.jpg 1500w\" sizes=\"(max-width: 300px) 100vw, 300px\" \/><\/a><\/div><\/figure><figure class=\"gallery-item\"><div class=\"gallery-icon\"><a href=\"https:\/\/storage.googleapis.com\/hermanders-se\/uploads\/2015\/11\/hydromekanisk-formning-5-1024x680.jpg\" title=\"\" data-desc=\"\" class=\"gallery-item-1 lgljl-gallery-item\"><img loading=\"lazy\" decoding=\"async\" width=\"300\" height=\"199\" src=\"https:\/\/storage.googleapis.com\/hermanders-se\/uploads\/2015\/11\/hydromekanisk-formning-5-300x199.jpg\" class=\"attachment-medium size-medium\" alt=\"Hydromekanisk formning\" srcset=\"https:\/\/storage.googleapis.com\/hermanders-se\/uploads\/2015\/11\/hydromekanisk-formning-5-300x199.jpg 300w, https:\/\/storage.googleapis.com\/hermanders-se\/uploads\/2015\/11\/hydromekanisk-formning-5-1024x680.jpg 1024w, https:\/\/storage.googleapis.com\/hermanders-se\/uploads\/2015\/11\/hydromekanisk-formning-5-800x531.jpg 800w, https:\/\/storage.googleapis.com\/hermanders-se\/uploads\/2015\/11\/hydromekanisk-formning-5.jpg 1500w\" sizes=\"(max-width: 300px) 100vw, 300px\" \/><\/a><\/div><\/figure><br style=\"clear: both\"><figure class=\"gallery-item\"><div class=\"gallery-icon\"><a href=\"https:\/\/storage.googleapis.com\/hermanders-se\/uploads\/2015\/11\/hydromekanisk-formning-6-1024x680.jpg\" title=\"\" data-desc=\"\" class=\"gallery-item-1 lgljl-gallery-item\"><img loading=\"lazy\" decoding=\"async\" width=\"300\" height=\"199\" src=\"https:\/\/storage.googleapis.com\/hermanders-se\/uploads\/2015\/11\/hydromekanisk-formning-6-300x199.jpg\" class=\"attachment-medium size-medium\" alt=\"Hydromekanisk formning\" srcset=\"https:\/\/storage.googleapis.com\/hermanders-se\/uploads\/2015\/11\/hydromekanisk-formning-6-300x199.jpg 300w, https:\/\/storage.googleapis.com\/hermanders-se\/uploads\/2015\/11\/hydromekanisk-formning-6-1024x680.jpg 1024w, https:\/\/storage.googleapis.com\/hermanders-se\/uploads\/2015\/11\/hydromekanisk-formning-6-800x531.jpg 800w, https:\/\/storage.googleapis.com\/hermanders-se\/uploads\/2015\/11\/hydromekanisk-formning-6.jpg 1500w\" sizes=\"(max-width: 300px) 100vw, 300px\" \/><\/a><\/div><\/figure><figure class=\"gallery-item\"><div class=\"gallery-icon\"><a href=\"https:\/\/storage.googleapis.com\/hermanders-se\/uploads\/2015\/11\/hydromekanisk-formning-2-1024x680.jpg\" title=\"\" data-desc=\"\" class=\"gallery-item-1 lgljl-gallery-item\"><img loading=\"lazy\" decoding=\"async\" width=\"300\" height=\"199\" src=\"https:\/\/storage.googleapis.com\/hermanders-se\/uploads\/2015\/11\/hydromekanisk-formning-2-300x199.jpg\" class=\"attachment-medium size-medium\" alt=\"Hydromekanisk formning\" srcset=\"https:\/\/storage.googleapis.com\/hermanders-se\/uploads\/2015\/11\/hydromekanisk-formning-2-300x199.jpg 300w, https:\/\/storage.googleapis.com\/hermanders-se\/uploads\/2015\/11\/hydromekanisk-formning-2-1024x680.jpg 1024w, https:\/\/storage.googleapis.com\/hermanders-se\/uploads\/2015\/11\/hydromekanisk-formning-2-800x531.jpg 800w, https:\/\/storage.googleapis.com\/hermanders-se\/uploads\/2015\/11\/hydromekanisk-formning-2.jpg 1500w\" sizes=\"(max-width: 300px) 100vw, 300px\" \/><\/a><\/div><\/figure><br style=\"clear: both\"><br style=\"clear: both;\"><\/div>\n<h2 class=\"h1\">Hydromechanishces formen<\/h2>\n<p class=\"lead\">Diese Technik hat viele Vorteile, sowie: <\/p>\n<ul>\n<li> Man erh\u00e4lt bessere Oberfl\u00e4chen mit weniger Risiko f\u00fcr Sch\u00e4den wie z.B. Kratzer. <\/li>\n<li> Gleichm\u00e4ssigare Formen <\/li>\n<li> Man kann l\u00e4nger ziehen, d.h. l\u00e4ngere Formen schaffen <\/li>\n<li> Auch k\u00fcrzere Produktionsserien geben Rendite. <\/li>\n<\/ul>\n<p>Wir bei Hermanders bieten hydromechanisches Formen mit Rondelldurchmesser 415 mm und Dicke des Bleches bis zu 2 mm Edelstahl.<\/p>\n","protected":false},"excerpt":{"rendered":"<p>Hydromechanishces formen Diese Technik hat viele Vorteile, sowie: Man erh\u00e4lt bessere Oberfl\u00e4chen mit weniger Risiko f\u00fcr Sch\u00e4den wie z.B. Kratzer. Gleichm\u00e4ssigare Formen Man kann l\u00e4nger ziehen, d.h. l\u00e4ngere Formen schaffen Auch k\u00fcrzere Produktionsserien geben Rendite.&#8230; <a href=\"https:\/\/hermanders.se\/de\/hydromechanisches-formen\/\">Read more<\/a><\/p>\n","protected":false},"author":3,"featured_media":0,"parent":0,"menu_order":0,"comment_status":"closed","ping_status":"closed","template":"","meta":{"footnotes":""},"class_list":["post-1877","page","type-page","status-publish","hentry"],"yoast_head":"<!-- This site is optimized with the Yoast SEO plugin v23.3 - https:\/\/yoast.com\/wordpress\/plugins\/seo\/ -->\n<title>Hydromechanishces formen - Hermanders<\/title>\n<meta name=\"description\" content=\"Hydromekanisk formning ger fina ytor och j\u00e4mna former. Metoden till\u00e5ter st\u00f6rre djup. Diameter upp till 415mm f\u00f6r 2mm rostfritt. L\u00f6nsamt i \u00e4ven korta serier.\" \/>\n<meta name=\"robots\" content=\"index, follow, max-snippet:-1, max-image-preview:large, max-video-preview:-1\" \/>\n<link rel=\"canonical\" href=\"https:\/\/hermanders.se\/de\/hydromechanisches-formen\/\" \/>\n<meta property=\"og:locale\" content=\"de_DE\" \/>\n<meta property=\"og:type\" content=\"article\" \/>\n<meta property=\"og:title\" content=\"Hydromechanishces formen - Hermanders\" \/>\n<meta property=\"og:description\" content=\"Hydromekanisk formning ger fina ytor och j\u00e4mna former. Metoden till\u00e5ter st\u00f6rre djup. Diameter upp till 415mm f\u00f6r 2mm rostfritt. L\u00f6nsamt i \u00e4ven korta serier.\" \/>\n<meta property=\"og:url\" content=\"https:\/\/hermanders.se\/de\/hydromechanisches-formen\/\" \/>\n<meta property=\"og:site_name\" content=\"Hermanders\" \/>\n<meta property=\"article:modified_time\" content=\"2022-05-31T13:09:10+00:00\" \/>\n<meta property=\"og:image\" content=\"https:\/\/storage.googleapis.com\/hermanders-se\/uploads\/2015\/11\/hydromekanisk-formning-1-300x199.jpg\" \/>\n<meta name=\"twitter:card\" content=\"summary_large_image\" \/>\n<script type=\"application\/ld+json\" class=\"yoast-schema-graph\">{\"@context\":\"https:\/\/schema.org\",\"@graph\":[{\"@type\":\"WebPage\",\"@id\":\"https:\/\/hermanders.se\/de\/hydromechanisches-formen\/\",\"url\":\"https:\/\/hermanders.se\/de\/hydromechanisches-formen\/\",\"name\":\"Hydromechanishces formen - Hermanders\",\"isPartOf\":{\"@id\":\"https:\/\/hermanders.se\/#website\"},\"datePublished\":\"2015-10-13T09:13:38+00:00\",\"dateModified\":\"2022-05-31T13:09:10+00:00\",\"description\":\"Hydromekanisk formning ger fina ytor och j\u00e4mna former. Metoden till\u00e5ter st\u00f6rre djup. Diameter upp till 415mm f\u00f6r 2mm rostfritt. L\u00f6nsamt i \u00e4ven korta serier.\",\"breadcrumb\":{\"@id\":\"https:\/\/hermanders.se\/de\/hydromechanisches-formen\/#breadcrumb\"},\"inLanguage\":\"de-DE\",\"potentialAction\":[{\"@type\":\"ReadAction\",\"target\":[\"https:\/\/hermanders.se\/de\/hydromechanisches-formen\/\"]}]},{\"@type\":\"BreadcrumbList\",\"@id\":\"https:\/\/hermanders.se\/de\/hydromechanisches-formen\/#breadcrumb\",\"itemListElement\":[{\"@type\":\"ListItem\",\"position\":1,\"name\":\"Hem\",\"item\":\"https:\/\/hermanders.se\/de\/\"},{\"@type\":\"ListItem\",\"position\":2,\"name\":\"Hydromechanishces formen\"}]},{\"@type\":\"WebSite\",\"@id\":\"https:\/\/hermanders.se\/#website\",\"url\":\"https:\/\/hermanders.se\/\",\"name\":\"Hermanders\",\"description\":\"Avancerad pl\u00e5tformning\",\"publisher\":{\"@id\":\"https:\/\/hermanders.se\/#organization\"},\"potentialAction\":[{\"@type\":\"SearchAction\",\"target\":{\"@type\":\"EntryPoint\",\"urlTemplate\":\"https:\/\/hermanders.se\/?s={search_term_string}\"},\"query-input\":\"required name=search_term_string\"}],\"inLanguage\":\"de-DE\"},{\"@type\":\"Organization\",\"@id\":\"https:\/\/hermanders.se\/#organization\",\"name\":\"Hermanders\",\"url\":\"https:\/\/hermanders.se\/\",\"logo\":{\"@type\":\"ImageObject\",\"inLanguage\":\"de-DE\",\"@id\":\"https:\/\/hermanders.se\/#\/schema\/logo\/image\/\",\"url\":\"https:\/\/storage.googleapis.com\/hermanders-se\/uploads\/2015\/11\/hermanders-logga.jpg\",\"contentUrl\":\"https:\/\/storage.googleapis.com\/hermanders-se\/uploads\/2015\/11\/hermanders-logga.jpg\",\"width\":800,\"height\":419,\"caption\":\"Hermanders\"},\"image\":{\"@id\":\"https:\/\/hermanders.se\/#\/schema\/logo\/image\/\"}}]}<\/script>\n<!-- \/ Yoast SEO plugin. -->","yoast_head_json":{"title":"Hydromechanishces formen - Hermanders","description":"Hydromekanisk formning ger fina ytor och j\u00e4mna former. Metoden till\u00e5ter st\u00f6rre djup. Diameter upp till 415mm f\u00f6r 2mm rostfritt. L\u00f6nsamt i \u00e4ven korta serier.","robots":{"index":"index","follow":"follow","max-snippet":"max-snippet:-1","max-image-preview":"max-image-preview:large","max-video-preview":"max-video-preview:-1"},"canonical":"https:\/\/hermanders.se\/de\/hydromechanisches-formen\/","og_locale":"de_DE","og_type":"article","og_title":"Hydromechanishces formen - Hermanders","og_description":"Hydromekanisk formning ger fina ytor och j\u00e4mna former. Metoden till\u00e5ter st\u00f6rre djup. Diameter upp till 415mm f\u00f6r 2mm rostfritt. L\u00f6nsamt i \u00e4ven korta serier.","og_url":"https:\/\/hermanders.se\/de\/hydromechanisches-formen\/","og_site_name":"Hermanders","article_modified_time":"2022-05-31T13:09:10+00:00","og_image":[{"url":"https:\/\/storage.googleapis.com\/hermanders-se\/uploads\/2015\/11\/hydromekanisk-formning-1-300x199.jpg"}],"twitter_card":"summary_large_image","schema":{"@context":"https:\/\/schema.org","@graph":[{"@type":"WebPage","@id":"https:\/\/hermanders.se\/de\/hydromechanisches-formen\/","url":"https:\/\/hermanders.se\/de\/hydromechanisches-formen\/","name":"Hydromechanishces formen - Hermanders","isPartOf":{"@id":"https:\/\/hermanders.se\/#website"},"datePublished":"2015-10-13T09:13:38+00:00","dateModified":"2022-05-31T13:09:10+00:00","description":"Hydromekanisk formning ger fina ytor och j\u00e4mna former. Metoden till\u00e5ter st\u00f6rre djup. Diameter upp till 415mm f\u00f6r 2mm rostfritt. L\u00f6nsamt i \u00e4ven korta serier.","breadcrumb":{"@id":"https:\/\/hermanders.se\/de\/hydromechanisches-formen\/#breadcrumb"},"inLanguage":"de-DE","potentialAction":[{"@type":"ReadAction","target":["https:\/\/hermanders.se\/de\/hydromechanisches-formen\/"]}]},{"@type":"BreadcrumbList","@id":"https:\/\/hermanders.se\/de\/hydromechanisches-formen\/#breadcrumb","itemListElement":[{"@type":"ListItem","position":1,"name":"Hem","item":"https:\/\/hermanders.se\/de\/"},{"@type":"ListItem","position":2,"name":"Hydromechanishces formen"}]},{"@type":"WebSite","@id":"https:\/\/hermanders.se\/#website","url":"https:\/\/hermanders.se\/","name":"Hermanders","description":"Avancerad pl\u00e5tformning","publisher":{"@id":"https:\/\/hermanders.se\/#organization"},"potentialAction":[{"@type":"SearchAction","target":{"@type":"EntryPoint","urlTemplate":"https:\/\/hermanders.se\/?s={search_term_string}"},"query-input":"required name=search_term_string"}],"inLanguage":"de-DE"},{"@type":"Organization","@id":"https:\/\/hermanders.se\/#organization","name":"Hermanders","url":"https:\/\/hermanders.se\/","logo":{"@type":"ImageObject","inLanguage":"de-DE","@id":"https:\/\/hermanders.se\/#\/schema\/logo\/image\/","url":"https:\/\/storage.googleapis.com\/hermanders-se\/uploads\/2015\/11\/hermanders-logga.jpg","contentUrl":"https:\/\/storage.googleapis.com\/hermanders-se\/uploads\/2015\/11\/hermanders-logga.jpg","width":800,"height":419,"caption":"Hermanders"},"image":{"@id":"https:\/\/hermanders.se\/#\/schema\/logo\/image\/"}}]}},"_links":{"self":[{"href":"https:\/\/hermanders.se\/de\/wp-json\/wp\/v2\/pages\/1877"}],"collection":[{"href":"https:\/\/hermanders.se\/de\/wp-json\/wp\/v2\/pages"}],"about":[{"href":"https:\/\/hermanders.se\/de\/wp-json\/wp\/v2\/types\/page"}],"author":[{"embeddable":true,"href":"https:\/\/hermanders.se\/de\/wp-json\/wp\/v2\/users\/3"}],"replies":[{"embeddable":true,"href":"https:\/\/hermanders.se\/de\/wp-json\/wp\/v2\/comments?post=1877"}],"version-history":[{"count":5,"href":"https:\/\/hermanders.se\/de\/wp-json\/wp\/v2\/pages\/1877\/revisions"}],"predecessor-version":[{"id":2339,"href":"https:\/\/hermanders.se\/de\/wp-json\/wp\/v2\/pages\/1877\/revisions\/2339"}],"wp:attachment":[{"href":"https:\/\/hermanders.se\/de\/wp-json\/wp\/v2\/media?parent=1877"}],"curies":[{"name":"wp","href":"https:\/\/api.w.org\/{rel}","templated":true}]}}