{"id":1868,"date":"2015-10-13T09:33:42","date_gmt":"2015-10-13T07:33:42","guid":{"rendered":"https:\/\/hermanders.se\/trycksvarvning\/"},"modified":"2022-03-07T14:44:35","modified_gmt":"2022-03-07T13:44:35","slug":"druckspinnen","status":"publish","type":"page","link":"https:\/\/hermanders.se\/de\/druckspinnen\/","title":{"rendered":"Druckspinnen"},"content":{"rendered":"<h2 class=\"h1\">Unsere Spezialit\u00e4t, Druckspinnen, bietet Pr\u00e4zision zu einem geringen Preis<\/h2>\n<p class=\"lead\">Unsere Spezialit\u00e4t ist das Druckspinnen, eine Methode f\u00fcr das Formen von Details in Blech bis zu einem Durchmesser von 1800 mm Durchmesser, ideal f\u00fcr k\u00fcrzere Produktionsserien oder der Produktion von Prototypen. Die initialen Kosten der Methode f\u00fcr Werkzeug sind niedrig und der Preis ist wettbewerbsf\u00e4hig, generell f\u00fcr Serien mit bis zu 10\u00a0000 Details pro Jahr.<\/p>\n<p>Wir bieten ebenfalls Tiefenziehen und Hydromechanisches Formen als Alternative f\u00fcr gr\u00f6\u00dfere Produktionsserien oder f\u00fcr mehr komplexe Formen an. Diese Methode kann mit Vorteil mit Druckspinnen f\u00fcr das Runden von Kanten oder \u00e4hnliches kombiniert werden. Alles f\u00fcr eine optimierte Produktionswirtschaft.<br \/>\nHermanders f\u00fchrt auch das Falten, Lochen och Schwei\u00dfen aus und wir k\u00f6nnen die Rundumverantwortung inklusive Nachbearbeitung wie Lackierung, Verchromen, Vernickeln oder Eloxieren anbieten.<\/p>\n<div class=\"center-block\">\n<h2 class=\"h5 h-upper\">Material Durchmesser<\/h2>\n<p>Wir f\u00fchren Tiefziehen f\u00fcr einen maximales Format von 1100 x 1100 mm\u00a0f\u00fcr alle hier aufgef\u00fchrten Materialien.<\/p>\n<table>\n<tbody>\n<tr>\n<th scope=\"row\">Aluminium<\/th>\n<td>0,40 &#8211; 15,00 mm<\/td>\n<\/tr>\n<tr>\n<th scope=\"row\">Eisen<\/th>\n<td>0,40 &#8211; 10,00 mm<\/td>\n<\/tr>\n<tr>\n<th scope=\"row\">Edelstahl<\/th>\n<td>0,40 &#8211; 6,00 mm<\/td>\n<\/tr>\n<tr>\n<th scope=\"row\">Messing<\/th>\n<td>0,50 &#8211; 10,00 mm<\/td>\n<\/tr>\n<tr>\n<th scope=\"row\">Silber<\/th>\n<td>0,40 &#8211; 12,00 mm<\/td>\n<\/tr>\n<tr>\n<th scope=\"row\">Kupfer<\/th>\n<td>0,40 &#8211; 10,00 mm<\/td>\n<\/tr>\n<\/tbody>\n<\/table>\n<\/div>\n<div id=\"gallery-1\" class=\"gallery lgljl-gallery galleryid-1868 gallery-columns-4 gallery-size-medium gallery-link-file\"><figure class=\"gallery-item\"><div class=\"gallery-icon\"><a href=\"https:\/\/storage.googleapis.com\/hermanders-se\/uploads\/2015\/10\/trycksvarvning-356-1024x683.jpg\" title=\"\" data-desc=\"\" class=\"gallery-item-1 lgljl-gallery-item\"><img loading=\"lazy\" decoding=\"async\" width=\"300\" height=\"200\" src=\"https:\/\/storage.googleapis.com\/hermanders-se\/uploads\/2015\/10\/trycksvarvning-356-300x200.jpg\" class=\"attachment-medium size-medium\" alt=\"Utf\u00f6r trycksvarvning\" srcset=\"https:\/\/storage.googleapis.com\/hermanders-se\/uploads\/2015\/10\/trycksvarvning-356-300x200.jpg 300w, https:\/\/storage.googleapis.com\/hermanders-se\/uploads\/2015\/10\/trycksvarvning-356-1024x683.jpg 1024w, https:\/\/storage.googleapis.com\/hermanders-se\/uploads\/2015\/10\/trycksvarvning-356-800x533.jpg 800w\" sizes=\"(max-width: 300px) 100vw, 300px\" \/><\/a><\/div><\/figure><figure class=\"gallery-item\"><div class=\"gallery-icon\"><a href=\"https:\/\/storage.googleapis.com\/hermanders-se\/uploads\/2015\/10\/trycksvarvning359-1024x683.jpg\" title=\"\" data-desc=\"\" class=\"gallery-item-1 lgljl-gallery-item\"><img loading=\"lazy\" decoding=\"async\" width=\"300\" height=\"200\" src=\"https:\/\/storage.googleapis.com\/hermanders-se\/uploads\/2015\/10\/trycksvarvning359-300x200.jpg\" class=\"attachment-medium size-medium\" alt=\"\" srcset=\"https:\/\/storage.googleapis.com\/hermanders-se\/uploads\/2015\/10\/trycksvarvning359-300x200.jpg 300w, https:\/\/storage.googleapis.com\/hermanders-se\/uploads\/2015\/10\/trycksvarvning359-1024x683.jpg 1024w, https:\/\/storage.googleapis.com\/hermanders-se\/uploads\/2015\/10\/trycksvarvning359-800x533.jpg 800w\" sizes=\"(max-width: 300px) 100vw, 300px\" \/><\/a><\/div><\/figure><figure class=\"gallery-item\"><div class=\"gallery-icon\"><a href=\"https:\/\/storage.googleapis.com\/hermanders-se\/uploads\/2022\/03\/trycksvarvning-2020-1-1024x683-1.jpg\" title=\"\" data-desc=\"\" class=\"gallery-item-1 lgljl-gallery-item\"><img loading=\"lazy\" decoding=\"async\" width=\"300\" height=\"200\" src=\"https:\/\/storage.googleapis.com\/hermanders-se\/uploads\/2022\/03\/trycksvarvning-2020-1-1024x683-1-300x200.jpg\" class=\"attachment-medium size-medium\" alt=\"\" srcset=\"https:\/\/storage.googleapis.com\/hermanders-se\/uploads\/2022\/03\/trycksvarvning-2020-1-1024x683-1-300x200.jpg 300w, https:\/\/storage.googleapis.com\/hermanders-se\/uploads\/2022\/03\/trycksvarvning-2020-1-1024x683-1-768x512.jpg 768w, https:\/\/storage.googleapis.com\/hermanders-se\/uploads\/2022\/03\/trycksvarvning-2020-1-1024x683-1-800x534.jpg 800w, https:\/\/storage.googleapis.com\/hermanders-se\/uploads\/2022\/03\/trycksvarvning-2020-1-1024x683-1.jpg 1024w\" sizes=\"(max-width: 300px) 100vw, 300px\" \/><\/a><\/div><\/figure><figure class=\"gallery-item\"><div class=\"gallery-icon\"><a href=\"https:\/\/storage.googleapis.com\/hermanders-se\/uploads\/2022\/03\/trycksvarvning-2020-2-1024x683-1.jpg\" title=\"\" data-desc=\"\" class=\"gallery-item-1 lgljl-gallery-item\"><img loading=\"lazy\" decoding=\"async\" width=\"300\" height=\"200\" src=\"https:\/\/storage.googleapis.com\/hermanders-se\/uploads\/2022\/03\/trycksvarvning-2020-2-1024x683-1-300x200.jpg\" class=\"attachment-medium size-medium\" alt=\"\" srcset=\"https:\/\/storage.googleapis.com\/hermanders-se\/uploads\/2022\/03\/trycksvarvning-2020-2-1024x683-1-300x200.jpg 300w, https:\/\/storage.googleapis.com\/hermanders-se\/uploads\/2022\/03\/trycksvarvning-2020-2-1024x683-1-768x512.jpg 768w, https:\/\/storage.googleapis.com\/hermanders-se\/uploads\/2022\/03\/trycksvarvning-2020-2-1024x683-1-800x534.jpg 800w, https:\/\/storage.googleapis.com\/hermanders-se\/uploads\/2022\/03\/trycksvarvning-2020-2-1024x683-1.jpg 1024w\" sizes=\"(max-width: 300px) 100vw, 300px\" \/><\/a><\/div><\/figure><br style=\"clear: both\"><figure class=\"gallery-item\"><div class=\"gallery-icon\"><a href=\"https:\/\/storage.googleapis.com\/hermanders-se\/uploads\/2022\/03\/trycksvarvning-2020-4-1024x683-1.jpg\" title=\"\" data-desc=\"\" class=\"gallery-item-1 lgljl-gallery-item\"><img loading=\"lazy\" decoding=\"async\" width=\"300\" height=\"200\" src=\"https:\/\/storage.googleapis.com\/hermanders-se\/uploads\/2022\/03\/trycksvarvning-2020-4-1024x683-1-300x200.jpg\" class=\"attachment-medium size-medium\" alt=\"\" srcset=\"https:\/\/storage.googleapis.com\/hermanders-se\/uploads\/2022\/03\/trycksvarvning-2020-4-1024x683-1-300x200.jpg 300w, https:\/\/storage.googleapis.com\/hermanders-se\/uploads\/2022\/03\/trycksvarvning-2020-4-1024x683-1-768x512.jpg 768w, https:\/\/storage.googleapis.com\/hermanders-se\/uploads\/2022\/03\/trycksvarvning-2020-4-1024x683-1-800x534.jpg 800w, https:\/\/storage.googleapis.com\/hermanders-se\/uploads\/2022\/03\/trycksvarvning-2020-4-1024x683-1.jpg 1024w\" sizes=\"(max-width: 300px) 100vw, 300px\" \/><\/a><\/div><\/figure><figure class=\"gallery-item\"><div class=\"gallery-icon\"><a href=\"https:\/\/storage.googleapis.com\/hermanders-se\/uploads\/2022\/03\/trycksvarvning-2020-5-1024x683-1.jpg\" title=\"\" data-desc=\"\" class=\"gallery-item-1 lgljl-gallery-item\"><img loading=\"lazy\" decoding=\"async\" width=\"300\" height=\"200\" src=\"https:\/\/storage.googleapis.com\/hermanders-se\/uploads\/2022\/03\/trycksvarvning-2020-5-1024x683-1-300x200.jpg\" class=\"attachment-medium size-medium\" alt=\"\" srcset=\"https:\/\/storage.googleapis.com\/hermanders-se\/uploads\/2022\/03\/trycksvarvning-2020-5-1024x683-1-300x200.jpg 300w, https:\/\/storage.googleapis.com\/hermanders-se\/uploads\/2022\/03\/trycksvarvning-2020-5-1024x683-1-768x512.jpg 768w, https:\/\/storage.googleapis.com\/hermanders-se\/uploads\/2022\/03\/trycksvarvning-2020-5-1024x683-1-800x534.jpg 800w, https:\/\/storage.googleapis.com\/hermanders-se\/uploads\/2022\/03\/trycksvarvning-2020-5-1024x683-1.jpg 1024w\" sizes=\"(max-width: 300px) 100vw, 300px\" \/><\/a><\/div><\/figure><figure class=\"gallery-item\"><div class=\"gallery-icon\"><a href=\"https:\/\/storage.googleapis.com\/hermanders-se\/uploads\/2022\/03\/trycksvarvning-2020-7-1024x683-1.jpg\" title=\"\" data-desc=\"\" class=\"gallery-item-1 lgljl-gallery-item\"><img loading=\"lazy\" decoding=\"async\" width=\"300\" height=\"200\" src=\"https:\/\/storage.googleapis.com\/hermanders-se\/uploads\/2022\/03\/trycksvarvning-2020-7-1024x683-1-300x200.jpg\" class=\"attachment-medium size-medium\" alt=\"\" srcset=\"https:\/\/storage.googleapis.com\/hermanders-se\/uploads\/2022\/03\/trycksvarvning-2020-7-1024x683-1-300x200.jpg 300w, https:\/\/storage.googleapis.com\/hermanders-se\/uploads\/2022\/03\/trycksvarvning-2020-7-1024x683-1-768x512.jpg 768w, https:\/\/storage.googleapis.com\/hermanders-se\/uploads\/2022\/03\/trycksvarvning-2020-7-1024x683-1-800x534.jpg 800w, https:\/\/storage.googleapis.com\/hermanders-se\/uploads\/2022\/03\/trycksvarvning-2020-7-1024x683-1.jpg 1024w\" sizes=\"(max-width: 300px) 100vw, 300px\" \/><\/a><\/div><\/figure><figure class=\"gallery-item\"><div class=\"gallery-icon\"><a href=\"https:\/\/storage.googleapis.com\/hermanders-se\/uploads\/2022\/03\/trycksvarvning-2020-6-1024x683-1.jpg\" title=\"\" data-desc=\"\" class=\"gallery-item-1 lgljl-gallery-item\"><img loading=\"lazy\" decoding=\"async\" width=\"300\" height=\"200\" src=\"https:\/\/storage.googleapis.com\/hermanders-se\/uploads\/2022\/03\/trycksvarvning-2020-6-1024x683-1-300x200.jpg\" class=\"attachment-medium size-medium\" alt=\"\" srcset=\"https:\/\/storage.googleapis.com\/hermanders-se\/uploads\/2022\/03\/trycksvarvning-2020-6-1024x683-1-300x200.jpg 300w, https:\/\/storage.googleapis.com\/hermanders-se\/uploads\/2022\/03\/trycksvarvning-2020-6-1024x683-1-768x512.jpg 768w, https:\/\/storage.googleapis.com\/hermanders-se\/uploads\/2022\/03\/trycksvarvning-2020-6-1024x683-1-800x534.jpg 800w, https:\/\/storage.googleapis.com\/hermanders-se\/uploads\/2022\/03\/trycksvarvning-2020-6-1024x683-1.jpg 1024w\" sizes=\"(max-width: 300px) 100vw, 300px\" \/><\/a><\/div><\/figure><br style=\"clear: both\"><figure class=\"gallery-item\"><div class=\"gallery-icon\"><a href=\"https:\/\/storage.googleapis.com\/hermanders-se\/uploads\/2015\/10\/trycksvarv-prod-271-1024x683.jpg\" title=\"\" data-desc=\"Pl\u00e5ten svarvas efter matrisen\" class=\"gallery-item-1 lgljl-gallery-item\"><img loading=\"lazy\" decoding=\"async\" width=\"300\" height=\"200\" src=\"https:\/\/storage.googleapis.com\/hermanders-se\/uploads\/2015\/10\/trycksvarv-prod-271-300x200.jpg\" class=\"attachment-medium size-medium\" alt=\"Pl\u00e5ten svarvas efter matrisen\" srcset=\"https:\/\/storage.googleapis.com\/hermanders-se\/uploads\/2015\/10\/trycksvarv-prod-271-300x200.jpg 300w, https:\/\/storage.googleapis.com\/hermanders-se\/uploads\/2015\/10\/trycksvarv-prod-271-1024x683.jpg 1024w, https:\/\/storage.googleapis.com\/hermanders-se\/uploads\/2015\/10\/trycksvarv-prod-271-800x533.jpg 800w\" sizes=\"(max-width: 300px) 100vw, 300px\" \/><\/a><\/div><\/figure><figure class=\"gallery-item\"><div class=\"gallery-icon\"><a href=\"https:\/\/storage.googleapis.com\/hermanders-se\/uploads\/2015\/10\/trycksvarv-prod-284-1024x683.jpg\" title=\"\" data-desc=\"Pl\u00e5ten b\u00f6rjar formas efter matrisen\" class=\"gallery-item-1 lgljl-gallery-item\"><img loading=\"lazy\" decoding=\"async\" width=\"300\" height=\"200\" src=\"https:\/\/storage.googleapis.com\/hermanders-se\/uploads\/2015\/10\/trycksvarv-prod-284-300x200.jpg\" class=\"attachment-medium size-medium\" alt=\"Pl\u00e5ten b\u00f6rjar formas efter matrisen\" srcset=\"https:\/\/storage.googleapis.com\/hermanders-se\/uploads\/2015\/10\/trycksvarv-prod-284-300x200.jpg 300w, https:\/\/storage.googleapis.com\/hermanders-se\/uploads\/2015\/10\/trycksvarv-prod-284-1024x683.jpg 1024w, https:\/\/storage.googleapis.com\/hermanders-se\/uploads\/2015\/10\/trycksvarv-prod-284-800x533.jpg 800w\" sizes=\"(max-width: 300px) 100vw, 300px\" \/><\/a><\/div><\/figure><figure class=\"gallery-item\"><div class=\"gallery-icon\"><a href=\"https:\/\/storage.googleapis.com\/hermanders-se\/uploads\/2022\/03\/trycksvarvning-2020-8-1024x683-1.jpg\" title=\"\" data-desc=\"\" class=\"gallery-item-1 lgljl-gallery-item\"><img loading=\"lazy\" decoding=\"async\" width=\"300\" height=\"200\" src=\"https:\/\/storage.googleapis.com\/hermanders-se\/uploads\/2022\/03\/trycksvarvning-2020-8-1024x683-1-300x200.jpg\" class=\"attachment-medium size-medium\" alt=\"\" srcset=\"https:\/\/storage.googleapis.com\/hermanders-se\/uploads\/2022\/03\/trycksvarvning-2020-8-1024x683-1-300x200.jpg 300w, https:\/\/storage.googleapis.com\/hermanders-se\/uploads\/2022\/03\/trycksvarvning-2020-8-1024x683-1-768x512.jpg 768w, https:\/\/storage.googleapis.com\/hermanders-se\/uploads\/2022\/03\/trycksvarvning-2020-8-1024x683-1-800x534.jpg 800w, https:\/\/storage.googleapis.com\/hermanders-se\/uploads\/2022\/03\/trycksvarvning-2020-8-1024x683-1.jpg 1024w\" sizes=\"(max-width: 300px) 100vw, 300px\" \/><\/a><\/div><\/figure><figure class=\"gallery-item\"><div class=\"gallery-icon\"><a href=\"https:\/\/storage.googleapis.com\/hermanders-se\/uploads\/2022\/03\/trycksvarvning-2020-9-1024x683-1.jpg\" title=\"\" data-desc=\"\" class=\"gallery-item-1 lgljl-gallery-item\"><img loading=\"lazy\" decoding=\"async\" width=\"300\" height=\"200\" src=\"https:\/\/storage.googleapis.com\/hermanders-se\/uploads\/2022\/03\/trycksvarvning-2020-9-1024x683-1-300x200.jpg\" class=\"attachment-medium size-medium\" alt=\"\" srcset=\"https:\/\/storage.googleapis.com\/hermanders-se\/uploads\/2022\/03\/trycksvarvning-2020-9-1024x683-1-300x200.jpg 300w, https:\/\/storage.googleapis.com\/hermanders-se\/uploads\/2022\/03\/trycksvarvning-2020-9-1024x683-1-768x512.jpg 768w, https:\/\/storage.googleapis.com\/hermanders-se\/uploads\/2022\/03\/trycksvarvning-2020-9-1024x683-1-800x534.jpg 800w, https:\/\/storage.googleapis.com\/hermanders-se\/uploads\/2022\/03\/trycksvarvning-2020-9-1024x683-1.jpg 1024w\" sizes=\"(max-width: 300px) 100vw, 300px\" \/><\/a><\/div><\/figure><br style=\"clear: both\"><br style=\"clear: both;\"><\/div>\n<h2 class=\"h1\">Das ist Druckspinnen<\/h2>\n<p class=\"lead\">Druckspinnen bedeutet das Formen von Blech in einer rotierenden Bewegung unter Druck gegen ein Formwerkzeug. Die Methode ist alt und erprobt, erfordert aber ein grosses Hantwerksk\u00f6nnen und Materialkenntnisse auch bei dem Einsatz von hochtechnologischer Ausr\u00fcstung. Dieses K\u00f6nnen ist \u00fcber Jahre hinweg von Mitarbeitern erworben worden, um die Arbeit Pr\u00e4zision und mit Gef\u00fchl f\u00fcr das Material ausf\u00fchren zu k\u00f6nnen. Dieses KnowHow hat Hermanders. Wir arbeiten seit 1951 mit Druckspinnen und unsere Mitarbeiter sind durch interne Fortbildungsprogramme vollendet im Handwerk.<\/p>\n<p>Die Methode ist ideal und sehr wettbewerbsf\u00e4hig in der Produktion von k\u00fcrzeren Serien und bei der Herstellung von Prototypen aufgrund der niedrigen Initialkosten. Das Werkzeug, die Form oder die Matritze, gegen welche das Blech geformt wird, ist relativ billig zu erstellen. Die Produktion der Werkzeuge machen wir im Hause.<\/p>\n<p>Druckspinnen passen zu im Prinzip allen Blechqualit\u00e4ten bis zu 15 mm Durchmesser, abh\u00e4ngig vom Material. Die Gr\u00f6\u00dfe des fertigen Produkts liegt im Bereich von einigen Zentimetern bis zu 1800 mm im Durchmesser.<\/p>\n","protected":false},"excerpt":{"rendered":"<p>Unsere Spezialit\u00e4t, Druckspinnen, bietet Pr\u00e4zision zu einem geringen Preis Unsere Spezialit\u00e4t ist das Druckspinnen, eine Methode f\u00fcr das Formen von Details in Blech bis zu einem Durchmesser von 1800 mm Durchmesser, ideal f\u00fcr k\u00fcrzere Produktionsserien&#8230; <a href=\"https:\/\/hermanders.se\/de\/druckspinnen\/\">Read more<\/a><\/p>\n","protected":false},"author":3,"featured_media":0,"parent":0,"menu_order":0,"comment_status":"closed","ping_status":"closed","template":"","meta":{"footnotes":""},"class_list":["post-1868","page","type-page","status-publish","hentry"],"yoast_head":"<!-- This site is optimized with the Yoast SEO plugin v23.3 - https:\/\/yoast.com\/wordpress\/plugins\/seo\/ -->\n<title>Druckspinnen - Hermanders<\/title>\n<meta name=\"description\" content=\"V\u00e5r specialitet trycksvarvning ger precision till l\u00e5gt pris. Perfekt f\u00f6r detaljer mellan 20-1800mm i diameter. L\u00e4mplig i serier upp till 10000 st\/\u00e5r.\" \/>\n<meta name=\"robots\" content=\"index, follow, max-snippet:-1, max-image-preview:large, max-video-preview:-1\" \/>\n<link rel=\"canonical\" href=\"https:\/\/hermanders.se\/de\/druckspinnen\/\" \/>\n<meta property=\"og:locale\" content=\"de_DE\" \/>\n<meta property=\"og:type\" content=\"article\" \/>\n<meta property=\"og:title\" content=\"Druckspinnen - Hermanders\" \/>\n<meta property=\"og:description\" content=\"V\u00e5r specialitet trycksvarvning ger precision till l\u00e5gt pris. Perfekt f\u00f6r detaljer mellan 20-1800mm i diameter. L\u00e4mplig i serier upp till 10000 st\/\u00e5r.\" \/>\n<meta property=\"og:url\" content=\"https:\/\/hermanders.se\/de\/druckspinnen\/\" \/>\n<meta property=\"og:site_name\" content=\"Hermanders\" \/>\n<meta property=\"article:modified_time\" content=\"2022-03-07T13:44:35+00:00\" \/>\n<meta property=\"og:image\" content=\"https:\/\/storage.googleapis.com\/hermanders-se\/uploads\/2015\/10\/trycksvarvning-356-300x200.jpg\" \/>\n<meta name=\"twitter:card\" content=\"summary_large_image\" \/>\n<meta name=\"twitter:label1\" content=\"Est. reading time\" \/>\n\t<meta name=\"twitter:data1\" content=\"2 minutes\" \/>\n<script type=\"application\/ld+json\" class=\"yoast-schema-graph\">{\"@context\":\"https:\/\/schema.org\",\"@graph\":[{\"@type\":\"WebPage\",\"@id\":\"https:\/\/hermanders.se\/de\/druckspinnen\/\",\"url\":\"https:\/\/hermanders.se\/de\/druckspinnen\/\",\"name\":\"Druckspinnen - Hermanders\",\"isPartOf\":{\"@id\":\"https:\/\/hermanders.se\/#website\"},\"datePublished\":\"2015-10-13T07:33:42+00:00\",\"dateModified\":\"2022-03-07T13:44:35+00:00\",\"description\":\"V\u00e5r specialitet trycksvarvning ger precision till l\u00e5gt pris. Perfekt f\u00f6r detaljer mellan 20-1800mm i diameter. L\u00e4mplig i serier upp till 10000 st\/\u00e5r.\",\"breadcrumb\":{\"@id\":\"https:\/\/hermanders.se\/de\/druckspinnen\/#breadcrumb\"},\"inLanguage\":\"de-DE\",\"potentialAction\":[{\"@type\":\"ReadAction\",\"target\":[\"https:\/\/hermanders.se\/de\/druckspinnen\/\"]}]},{\"@type\":\"BreadcrumbList\",\"@id\":\"https:\/\/hermanders.se\/de\/druckspinnen\/#breadcrumb\",\"itemListElement\":[{\"@type\":\"ListItem\",\"position\":1,\"name\":\"Hem\",\"item\":\"https:\/\/hermanders.se\/de\/\"},{\"@type\":\"ListItem\",\"position\":2,\"name\":\"Druckspinnen\"}]},{\"@type\":\"WebSite\",\"@id\":\"https:\/\/hermanders.se\/#website\",\"url\":\"https:\/\/hermanders.se\/\",\"name\":\"Hermanders\",\"description\":\"Avancerad pl\u00e5tformning\",\"publisher\":{\"@id\":\"https:\/\/hermanders.se\/#organization\"},\"potentialAction\":[{\"@type\":\"SearchAction\",\"target\":{\"@type\":\"EntryPoint\",\"urlTemplate\":\"https:\/\/hermanders.se\/?s={search_term_string}\"},\"query-input\":\"required name=search_term_string\"}],\"inLanguage\":\"de-DE\"},{\"@type\":\"Organization\",\"@id\":\"https:\/\/hermanders.se\/#organization\",\"name\":\"Hermanders\",\"url\":\"https:\/\/hermanders.se\/\",\"logo\":{\"@type\":\"ImageObject\",\"inLanguage\":\"de-DE\",\"@id\":\"https:\/\/hermanders.se\/#\/schema\/logo\/image\/\",\"url\":\"https:\/\/storage.googleapis.com\/hermanders-se\/uploads\/2015\/11\/hermanders-logga.jpg\",\"contentUrl\":\"https:\/\/storage.googleapis.com\/hermanders-se\/uploads\/2015\/11\/hermanders-logga.jpg\",\"width\":800,\"height\":419,\"caption\":\"Hermanders\"},\"image\":{\"@id\":\"https:\/\/hermanders.se\/#\/schema\/logo\/image\/\"}}]}<\/script>\n<!-- \/ Yoast SEO plugin. -->","yoast_head_json":{"title":"Druckspinnen - Hermanders","description":"V\u00e5r specialitet trycksvarvning ger precision till l\u00e5gt pris. Perfekt f\u00f6r detaljer mellan 20-1800mm i diameter. L\u00e4mplig i serier upp till 10000 st\/\u00e5r.","robots":{"index":"index","follow":"follow","max-snippet":"max-snippet:-1","max-image-preview":"max-image-preview:large","max-video-preview":"max-video-preview:-1"},"canonical":"https:\/\/hermanders.se\/de\/druckspinnen\/","og_locale":"de_DE","og_type":"article","og_title":"Druckspinnen - Hermanders","og_description":"V\u00e5r specialitet trycksvarvning ger precision till l\u00e5gt pris. Perfekt f\u00f6r detaljer mellan 20-1800mm i diameter. L\u00e4mplig i serier upp till 10000 st\/\u00e5r.","og_url":"https:\/\/hermanders.se\/de\/druckspinnen\/","og_site_name":"Hermanders","article_modified_time":"2022-03-07T13:44:35+00:00","og_image":[{"url":"https:\/\/storage.googleapis.com\/hermanders-se\/uploads\/2015\/10\/trycksvarvning-356-300x200.jpg"}],"twitter_card":"summary_large_image","twitter_misc":{"Est. reading time":"2 minutes"},"schema":{"@context":"https:\/\/schema.org","@graph":[{"@type":"WebPage","@id":"https:\/\/hermanders.se\/de\/druckspinnen\/","url":"https:\/\/hermanders.se\/de\/druckspinnen\/","name":"Druckspinnen - Hermanders","isPartOf":{"@id":"https:\/\/hermanders.se\/#website"},"datePublished":"2015-10-13T07:33:42+00:00","dateModified":"2022-03-07T13:44:35+00:00","description":"V\u00e5r specialitet trycksvarvning ger precision till l\u00e5gt pris. Perfekt f\u00f6r detaljer mellan 20-1800mm i diameter. L\u00e4mplig i serier upp till 10000 st\/\u00e5r.","breadcrumb":{"@id":"https:\/\/hermanders.se\/de\/druckspinnen\/#breadcrumb"},"inLanguage":"de-DE","potentialAction":[{"@type":"ReadAction","target":["https:\/\/hermanders.se\/de\/druckspinnen\/"]}]},{"@type":"BreadcrumbList","@id":"https:\/\/hermanders.se\/de\/druckspinnen\/#breadcrumb","itemListElement":[{"@type":"ListItem","position":1,"name":"Hem","item":"https:\/\/hermanders.se\/de\/"},{"@type":"ListItem","position":2,"name":"Druckspinnen"}]},{"@type":"WebSite","@id":"https:\/\/hermanders.se\/#website","url":"https:\/\/hermanders.se\/","name":"Hermanders","description":"Avancerad pl\u00e5tformning","publisher":{"@id":"https:\/\/hermanders.se\/#organization"},"potentialAction":[{"@type":"SearchAction","target":{"@type":"EntryPoint","urlTemplate":"https:\/\/hermanders.se\/?s={search_term_string}"},"query-input":"required name=search_term_string"}],"inLanguage":"de-DE"},{"@type":"Organization","@id":"https:\/\/hermanders.se\/#organization","name":"Hermanders","url":"https:\/\/hermanders.se\/","logo":{"@type":"ImageObject","inLanguage":"de-DE","@id":"https:\/\/hermanders.se\/#\/schema\/logo\/image\/","url":"https:\/\/storage.googleapis.com\/hermanders-se\/uploads\/2015\/11\/hermanders-logga.jpg","contentUrl":"https:\/\/storage.googleapis.com\/hermanders-se\/uploads\/2015\/11\/hermanders-logga.jpg","width":800,"height":419,"caption":"Hermanders"},"image":{"@id":"https:\/\/hermanders.se\/#\/schema\/logo\/image\/"}}]}},"_links":{"self":[{"href":"https:\/\/hermanders.se\/de\/wp-json\/wp\/v2\/pages\/1868"}],"collection":[{"href":"https:\/\/hermanders.se\/de\/wp-json\/wp\/v2\/pages"}],"about":[{"href":"https:\/\/hermanders.se\/de\/wp-json\/wp\/v2\/types\/page"}],"author":[{"embeddable":true,"href":"https:\/\/hermanders.se\/de\/wp-json\/wp\/v2\/users\/3"}],"replies":[{"embeddable":true,"href":"https:\/\/hermanders.se\/de\/wp-json\/wp\/v2\/comments?post=1868"}],"version-history":[{"count":6,"href":"https:\/\/hermanders.se\/de\/wp-json\/wp\/v2\/pages\/1868\/revisions"}],"predecessor-version":[{"id":2272,"href":"https:\/\/hermanders.se\/de\/wp-json\/wp\/v2\/pages\/1868\/revisions\/2272"}],"wp:attachment":[{"href":"https:\/\/hermanders.se\/de\/wp-json\/wp\/v2\/media?parent=1868"}],"curies":[{"name":"wp","href":"https:\/\/api.w.org\/{rel}","templated":true}]}}